{"id":1035,"date":"2013-11-04T16:17:13","date_gmt":"2013-11-04T16:17:13","guid":{"rendered":"https:\/\/www.santjosep.org\/?page_id=1035"},"modified":"2025-08-18T11:52:55","modified_gmt":"2025-08-18T09:52:55","slug":"sant-jordi-sant-francesc","status":"publish","type":"page","link":"https:\/\/www.santjosep.org\/es\/tu-municipio\/zonas-de-poblacion\/sant-jordi-sant-francesc\/","title":{"rendered":"Sant Jordi de Ses Salines"},"content":{"rendered":"<div id=\"new-royalslider-6\" class=\"royalSlider new-royalslider-6 rsUni rs-default-template\" style=\"width:100%;;\">\n<div class=\"rsContent\">\n  <img class=\"rsImg\" src=\"https:\/\/www.santjosep.org\/wp-content\/uploads\/2013\/11\/IMG_1138.jpg\" alt=\"IMG_1138\"\/><\/p>\n<\/div>\n<div class=\"rsContent\">\n  <img class=\"rsImg\" src=\"https:\/\/www.santjosep.org\/wp-content\/uploads\/2013\/11\/IMG_1132.jpg\" alt=\"IMG_1132\"\/><\/p>\n<\/div>\n<\/div>\n<p>&nbsp;<\/p>\n<p>El actual territorio de los pueblos de Sant Jordi de Ses Salines y Sant Francesc de s\u2019Estany se corresponde de forma muy aproximada con las tierras que conformaron el antiguo quart\u00f3 de Ses Salines (los quartons eran las cuatro partes en que se dividi\u00f3 la isla de Eivissa desde la conquista catalana de 1235 hasta la derrota a manos de los borbones el a\u00f1o 1715). Los estanques salineros son su principal se\u00f1al de identidad, una explotaci\u00f3n todav\u00eda en activo de una gran importancia ambiental (es un parque natural), paisaj\u00edstica, hist\u00f3rica e incluso cultural y simb\u00f3lica para el conjunto de las Piti\u00fcses.<\/p>\n<p>De Sant Jordi de Ses Salines, un pueblo que ha experimentado un gran desarrollo urban\u00edstico los \u00faltimos decenios, vinculado por su proximidad a la ciudad de Eivissa, destaca especialmente la iglesia parroquial, de aspecto fortificado y que es una de las m\u00e1s antiguas de Eivissa, ya que probablemente se remonta al siglo XIV, a\u00fan cuando ha sufrido diversas transformaciones a lo largo del tiempo.<\/p>\n<p>A lo largo de la costa de ses Salines se suceden las playas, de gran renombre, especialmente las que est\u00e1n situadas dentro el parque natural. De Este a Oeste son la playa de en Bossa, la Xanga, es Cavallet, Migjorn (m\u00e1s conocida como \u201cplaya de Ses Salines\u201d), es Codolar, el puerto de pescadores de sa Caleta, es Bol Nou y es Jondal.<\/p>\n<p><strong>MAPA DE LA ZONA<\/strong><\/p>\n<p><iframe src=\"https:\/\/www.google.com\/maps\/embed?pb=!1m18!1m12!1m3!1d8885.797989557022!2d1.3907546717466908!3d38.88923070676246!2m3!1f0!2f0!3f0!3m2!1i1024!2i768!4f13.1!3m3!1m2!1s0x129945d708cc6e81%3A0xe1e35369d14f6d30!2s07817%20San%20Jorge%20de%20ses%20Salines%2C%20Illes%20Balears!5e0!3m2!1ses!2ses!4v1755510723297!5m2!1ses!2ses\" width=\"665\" height=\"450\" style=\"border:0;\" allowfullscreen=\"\" loading=\"lazy\" referrerpolicy=\"no-referrer-when-downgrade\"><\/iframe><\/p>\n","protected":false},"excerpt":{"rendered":"<p>&nbsp; El actual territorio de los pueblos de Sant Jordi de Ses Salines y Sant Francesc de s\u2019Estany se corresponde de forma muy aproximada con las tierras que conformaron el antiguo quart\u00f3 de Ses Salines (los quartons eran las cuatro partes en que se dividi\u00f3 la isla de Eivissa desde la conquista catalana de 1235 [&hellip;]<\/p>\n","protected":false},"author":1,"featured_media":0,"parent":199,"menu_order":0,"comment_status":"closed","ping_status":"closed","template":"page-templates\/page-two-columns.php","meta":[],"_links":{"self":[{"href":"https:\/\/www.santjosep.org\/es\/wp-json\/wp\/v2\/pages\/1035\/"}],"collection":[{"href":"https:\/\/www.santjosep.org\/es\/wp-json\/wp\/v2\/pages\/"}],"about":[{"href":"https:\/\/www.santjosep.org\/es\/wp-json\/wp\/v2\/types\/page\/"}],"author":[{"embeddable":true,"href":"https:\/\/www.santjosep.org\/es\/wp-json\/wp\/v2\/users\/1\/"}],"replies":[{"embeddable":true,"href":"https:\/\/www.santjosep.org\/es\/wp-json\/wp\/v2\/comments\/?post=1035"}],"version-history":[{"count":1,"href":"https:\/\/www.santjosep.org\/es\/wp-json\/wp\/v2\/pages\/1035\/revisions\/"}],"predecessor-version":[{"id":61283,"href":"https:\/\/www.santjosep.org\/es\/wp-json\/wp\/v2\/pages\/1035\/revisions\/61283\/"}],"up":[{"embeddable":true,"href":"https:\/\/www.santjosep.org\/es\/wp-json\/wp\/v2\/pages\/199\/"}],"wp:attachment":[{"href":"https:\/\/www.santjosep.org\/es\/wp-json\/wp\/v2\/media\/?parent=1035"}],"curies":[{"name":"wp","href":"https:\/\/api.w.org\/{rel}","templated":true}]}}