{"id":1036,"date":"2013-11-04T16:17:46","date_gmt":"2013-11-04T16:17:46","guid":{"rendered":"https:\/\/www.santjosep.org\/?page_id=1036"},"modified":"2025-08-18T11:50:26","modified_gmt":"2025-08-18T09:50:26","slug":"sant-agusti-cala-de-bou","status":"publish","type":"page","link":"https:\/\/www.santjosep.org\/es\/tu-municipio\/zonas-de-poblacion\/sant-agusti-cala-de-bou\/","title":{"rendered":"Sant Agust\u00ed y Cala de Bou"},"content":{"rendered":"<div id=\"new-royalslider-5\" class=\"royalSlider new-royalslider-5 rsUni rs-default-template\" style=\"width:100%;;\">\n<div class=\"rsContent\">\n  <img class=\"rsImg\" src=\"https:\/\/www.santjosep.org\/wp-content\/uploads\/2013\/11\/IMG_1056.jpg\" alt=\"IMG_1056\"\/><\/p>\n<\/div>\n<div class=\"rsContent\">\n  <img class=\"rsImg\" src=\"https:\/\/www.santjosep.org\/wp-content\/uploads\/2013\/11\/IMG_1052.jpg\" alt=\"IMG_1052\"\/><\/p>\n<\/div>\n<div class=\"rsContent\">\n  <img class=\"rsImg\" src=\"https:\/\/www.santjosep.org\/wp-content\/uploads\/2013\/11\/valle_IMG_02761.jpg\" alt=\"valle_IMG_0276\"\/><\/p>\n<\/div>\n<div class=\"rsContent\">\n  <img class=\"rsImg\" src=\"https:\/\/www.santjosep.org\/wp-content\/uploads\/2013\/11\/IMG_9966.jpg\" alt=\"IMG_9966\"\/><\/p>\n<\/div>\n<div class=\"rsContent\">\n  <img class=\"rsImg\" src=\"https:\/\/www.santjosep.org\/wp-content\/uploads\/2013\/11\/IMG_4804.jpg\" alt=\"IMG_4804\"\/><\/p>\n<\/div>\n<div class=\"rsContent\">\n  <img class=\"rsImg\" src=\"https:\/\/www.santjosep.org\/wp-content\/uploads\/2013\/11\/IMG_5053.jpg\" alt=\"IMG_5053\"\/><\/p>\n<\/div>\n<div class=\"rsContent\">\n  <img class=\"rsImg\" src=\"https:\/\/www.santjosep.org\/wp-content\/uploads\/2013\/11\/IMG_9883.jpg\" alt=\"IMG_9883\"\/><\/p>\n<\/div>\n<div class=\"rsContent\">\n  <img class=\"rsImg\" src=\"https:\/\/www.santjosep.org\/wp-content\/uploads\/2013\/11\/IMG_5016.jpg\" alt=\"IMG_5016\"\/><\/p>\n<\/div>\n<div class=\"rsContent\">\n  <img class=\"rsImg\" src=\"https:\/\/www.santjosep.org\/wp-content\/uploads\/2013\/11\/IMG_1153.jpg\" alt=\"IMG_1153\"\/><\/p>\n<\/div>\n<div class=\"rsContent\">\n  <img class=\"rsImg\" src=\"https:\/\/www.santjosep.org\/wp-content\/uploads\/2013\/11\/IMG_4777.jpg\" alt=\"IMG_4777\"\/><\/p>\n<\/div>\n<\/div>\n<p>&nbsp;<\/p>\n<p>Las tierras que corresponden en la actualidad al pueblo de Sant Agust\u00ed des Vedr\u00e0 pertenec\u00edan al antiguo quart\u00f3 de Portmany. Estructuralmente, buena parte de este territorio se corresponde con la prolongaci\u00f3n hacia el oeste de la llanura de Portmany, y una buena parte de su larga l\u00ednea de costa es la mitad sur de la bah\u00eda del mismo nombre. Se entiende con esto que las relaciones de los habitantes de esta zona se dirigen m\u00e1s hacia Sant Antoni de Portmany que hacia el resto del municipio. La mayor\u00eda de la poblaci\u00f3n, adem\u00e1s, vive en la zona de Cala de Bou y Port des Torrent, una extensa trama urbana conectada con la de Sant Antoni.<\/p>\n<p>De Sant Agust\u00ed des Vedr\u00e0 cabe destacar su n\u00facleo tradicional, situado sobre un cerro alrededor de la iglesia parroquial, del siglo XVIII. Es uno de los pocos n\u00facleos de toda la isla que conservan muy bien su aire rural, con casas payesas y, hasta, una torre de refugio. M\u00e1s casas, algunas muy antiguas y de gran valor etnogr\u00e1fico, y m\u00e1s torres de refugio, as\u00ed como pozos antiguos, aljibes y abundancia de construcciones en piedra seca las podemos encontrar repartidas por todo el interior de este pueblo.<\/p>\n<p>En la costa destacan unas amplias playas de gran valor paisaj\u00edstico y tambi\u00e9n tur\u00edstico. Algunas han visto como sus alrededores se urbanizaban, a\u00fan cuando las playas siguen siendo de gran calidad, como cala Tarida o Port des Torrent. Otros, pero, tambi\u00e9n conservan las tierras cercanas en muy buen estado de conservaci\u00f3n, como es el caso de las playas de Comte y cala Bassa. Entre estas dos \u00faltimas encontramos tambi\u00e9n una torre de defensa costera, la de en Rovira.<\/p>\n<p>Cabe destacar tambi\u00e9n el gran valor natural y paisaj\u00edstico que tienen el conjunto de islotes denominados de Ponent, y que incluye sa Conillera (cerrando la bah\u00eda de Portmany), la isla des Bosc, s\u2019Espartar y ses Bledes.<\/p>\n<p><strong>MAPA DE SITUACI\u00d3N<\/strong><\/p>\n<p><iframe src=\"https:\/\/www.google.com\/maps\/embed?pb=!1m18!1m12!1m3!1d12413.007837370222!2d1.2848877605100717!3d38.94107194823216!2m3!1f0!2f0!3f0!3m2!1i1024!2i768!4f13.1!3m3!1m2!1s0x12994982edf29527%3A0xb2bdf3c822ceebf4!2s07829%20Sant%20Agust%C3%AD%20des%20Vedr%C3%A0%2C%20Illes%20Balears!5e0!3m2!1ses!2ses!4v1755510524757!5m2!1ses!2ses\" width=\"665\" height=\"450\" style=\"border:0;\" allowfullscreen=\"\" loading=\"lazy\" referrerpolicy=\"no-referrer-when-downgrade\"><\/iframe><\/p>\n","protected":false},"excerpt":{"rendered":"<p>&nbsp; Las tierras que corresponden en la actualidad al pueblo de Sant Agust\u00ed des Vedr\u00e0 pertenec\u00edan al antiguo quart\u00f3 de Portmany. Estructuralmente, buena parte de este territorio se corresponde con la prolongaci\u00f3n hacia el oeste de la llanura de Portmany, y una buena parte de su larga l\u00ednea de costa es la mitad sur de [&hellip;]<\/p>\n","protected":false},"author":1,"featured_media":0,"parent":199,"menu_order":0,"comment_status":"closed","ping_status":"closed","template":"page-templates\/page-two-columns.php","meta":[],"_links":{"self":[{"href":"https:\/\/www.santjosep.org\/es\/wp-json\/wp\/v2\/pages\/1036\/"}],"collection":[{"href":"https:\/\/www.santjosep.org\/es\/wp-json\/wp\/v2\/pages\/"}],"about":[{"href":"https:\/\/www.santjosep.org\/es\/wp-json\/wp\/v2\/types\/page\/"}],"author":[{"embeddable":true,"href":"https:\/\/www.santjosep.org\/es\/wp-json\/wp\/v2\/users\/1\/"}],"replies":[{"embeddable":true,"href":"https:\/\/www.santjosep.org\/es\/wp-json\/wp\/v2\/comments\/?post=1036"}],"version-history":[{"count":1,"href":"https:\/\/www.santjosep.org\/es\/wp-json\/wp\/v2\/pages\/1036\/revisions\/"}],"predecessor-version":[{"id":61279,"href":"https:\/\/www.santjosep.org\/es\/wp-json\/wp\/v2\/pages\/1036\/revisions\/61279\/"}],"up":[{"embeddable":true,"href":"https:\/\/www.santjosep.org\/es\/wp-json\/wp\/v2\/pages\/199\/"}],"wp:attachment":[{"href":"https:\/\/www.santjosep.org\/es\/wp-json\/wp\/v2\/media\/?parent=1036"}],"curies":[{"name":"wp","href":"https:\/\/api.w.org\/{rel}","templated":true}]}}