{"id":1037,"date":"2013-11-04T16:18:16","date_gmt":"2013-11-04T16:18:16","guid":{"rendered":"https:\/\/www.santjosep.org\/?page_id=1037"},"modified":"2025-08-18T11:53:37","modified_gmt":"2025-08-18T09:53:37","slug":"sant-josep","status":"publish","type":"page","link":"https:\/\/www.santjosep.org\/es\/tu-municipio\/zonas-de-poblacion\/sant-josep\/","title":{"rendered":"Sant Josep de Sa Talaia"},"content":{"rendered":"<div id=\"new-royalslider-8\" class=\"royalSlider new-royalslider-8 rsUni rs-default-template\" style=\"width:100%;;\">\n<div class=\"rsContent\">\n  <img class=\"rsImg\" src=\"https:\/\/www.santjosep.org\/wp-content\/uploads\/2013\/11\/IMG_1091.jpg\" alt=\"IMG_1091\"\/><\/p>\n<\/div>\n<div class=\"rsContent\">\n  <img class=\"rsImg\" src=\"https:\/\/www.santjosep.org\/wp-content\/uploads\/2013\/11\/MX05_ret.jpg\" alt=\"4 T\"\/><\/p>\n<\/div>\n<div class=\"rsContent\">\n  <img class=\"rsImg\" src=\"https:\/\/www.santjosep.org\/wp-content\/uploads\/2013\/11\/MX07.jpg\" alt=\"4 T\"\/><\/p>\n<\/div>\n<div class=\"rsContent\">\n  <img class=\"rsImg\" src=\"https:\/\/www.santjosep.org\/wp-content\/uploads\/2013\/11\/Poblado-fenicio-sa-Caleta.jpg\" alt=\"Poblado fenicio sa Caleta\"\/><\/p>\n<\/div>\n<div class=\"rsContent\">\n  <img class=\"rsImg\" src=\"https:\/\/www.santjosep.org\/wp-content\/uploads\/2013\/11\/IMG_1106.jpg\" alt=\"IMG_1106\"\/><\/p>\n<\/div>\n<div class=\"rsContent\">\n  <img class=\"rsImg\" src=\"https:\/\/www.santjosep.org\/wp-content\/uploads\/2013\/11\/IMG_0835.jpg\" alt=\"IMG_0835\"\/><\/p>\n<\/div>\n<div class=\"rsContent\">\n  <img class=\"rsImg\" src=\"https:\/\/www.santjosep.org\/wp-content\/uploads\/2013\/11\/IMG_8451.jpg\" alt=\"IMG_8451\"\/><\/p>\n<\/div>\n<\/div>\n<p>&nbsp;<\/p>\n<p>El territorio que hoy conforman los pueblos de Sant Josep de sa Talaia y es Cubells, que pertenec\u00eda al antiguo quart\u00f3 de Portmany, es el m\u00e1s abrupto de toda Eivissa, con la presencia de las principales elevaciones de la isla: sa Talaia de Sant Josep (476 m. sobre el nivel del mar), el puig d\u2019en Serra (436 m.) el puig Gros (419 m.) y el puig Llentrisca (414 m. al Cap des Jueu). Junto al mar nos encontramos, en diversos puntos, con imponentes acantilados, al tiempo que diversas torrenteras, bien profundas, desembocan al mar formando calas de gran belleza.<\/p>\n<p>Esta fuerza de la naturaleza se complementa con una poblaci\u00f3n dispersa, con viviendas repartidas por todo el territorio, muchas de ellas casas payesas de gran antig\u00fcedad, que conforman un paisaje todav\u00eda muy parecido al de la Eivissa tradicional.<\/p>\n<p>A Sant Josep de sa Talaia, por su situaci\u00f3n c\u00e9ntrica, se sit\u00faa la sede del Ayuntamiento. Del n\u00facleo urbano destaca la iglesia parroquial, del siglo XVIII, con una fachada y unos porches exteriores de gran belleza. De los paisajes interiores hay que nombrar las fabulosas vistas desde arriba de sa Talaia y de valles como Benimussa. Y a la costa se\u00f1alar cala Carb\u00f3 y cala Mol\u00ed, peque\u00f1os rincones poco transformados, i cala Vedella, esta s\u00ed muy cambiada por la urbanizaci\u00f3n pero con una playa de gran calidad.<\/p>\n<p><strong>MAPA DE LA ZONA<\/strong><\/p>\n<p><iframe src=\"https:\/\/www.google.com\/maps\/embed?pb=!1m18!1m12!1m3!1d24831.47391193711!2d1.2766479711803147!3d38.9254805368723!2m3!1f0!2f0!3f0!3m2!1i1024!2i768!4f13.1!3m3!1m2!1s0x129949614ad9f0d3%3A0x6cce44d20050db7e!2s07830%20San%20Jos%C3%A9%2C%20Illes%20Balears!5e0!3m2!1ses!2ses!4v1755510787907!5m2!1ses!2ses\" width=\"665\" height=\"450\" style=\"border:0;\" allowfullscreen=\"\" loading=\"lazy\" referrerpolicy=\"no-referrer-when-downgrade\"><\/iframe><\/p>\n","protected":false},"excerpt":{"rendered":"<p>&nbsp; El territorio que hoy conforman los pueblos de Sant Josep de sa Talaia y es Cubells, que pertenec\u00eda al antiguo quart\u00f3 de Portmany, es el m\u00e1s abrupto de toda Eivissa, con la presencia de las principales elevaciones de la isla: sa Talaia de Sant Josep (476 m. sobre el nivel del mar), el puig [&hellip;]<\/p>\n","protected":false},"author":1,"featured_media":0,"parent":199,"menu_order":0,"comment_status":"closed","ping_status":"open","template":"page-templates\/page-two-columns.php","meta":[],"_links":{"self":[{"href":"https:\/\/www.santjosep.org\/es\/wp-json\/wp\/v2\/pages\/1037\/"}],"collection":[{"href":"https:\/\/www.santjosep.org\/es\/wp-json\/wp\/v2\/pages\/"}],"about":[{"href":"https:\/\/www.santjosep.org\/es\/wp-json\/wp\/v2\/types\/page\/"}],"author":[{"embeddable":true,"href":"https:\/\/www.santjosep.org\/es\/wp-json\/wp\/v2\/users\/1\/"}],"replies":[{"embeddable":true,"href":"https:\/\/www.santjosep.org\/es\/wp-json\/wp\/v2\/comments\/?post=1037"}],"version-history":[{"count":1,"href":"https:\/\/www.santjosep.org\/es\/wp-json\/wp\/v2\/pages\/1037\/revisions\/"}],"predecessor-version":[{"id":61286,"href":"https:\/\/www.santjosep.org\/es\/wp-json\/wp\/v2\/pages\/1037\/revisions\/61286\/"}],"up":[{"embeddable":true,"href":"https:\/\/www.santjosep.org\/es\/wp-json\/wp\/v2\/pages\/199\/"}],"wp:attachment":[{"href":"https:\/\/www.santjosep.org\/es\/wp-json\/wp\/v2\/media\/?parent=1037"}],"curies":[{"name":"wp","href":"https:\/\/api.w.org\/{rel}","templated":true}]}}