{"id":1097,"date":"2013-11-05T11:59:59","date_gmt":"2013-11-05T10:59:59","guid":{"rendered":"https:\/\/www.santjosep.org\/?page_id=1097"},"modified":"2025-04-24T08:43:28","modified_gmt":"2025-04-24T06:43:28","slug":"can-curt","status":"publish","type":"page","link":"https:\/\/www.santjosep.org\/es\/tu-municipio\/cultura-y-patrimonio\/can-curt\/","title":{"rendered":"Sala de exposiciones de Can Curt"},"content":{"rendered":"<p><a href=\"https:\/\/www.santjosep.org\/wp-content\/uploads\/2013\/11\/cancurt_IMG_2597.jpg\"><img loading=\"lazy\" class=\"alignnone size-full wp-image-3574\" src=\"https:\/\/www.santjosep.org\/wp-content\/uploads\/2013\/11\/cancurt_IMG_2597.jpg\" alt=\"cancurt_IMG_2597\" width=\"800\" height=\"533\" srcset=\"https:\/\/www.santjosep.org\/wp-content\/uploads\/2013\/11\/cancurt_IMG_2597.jpg 800w, https:\/\/www.santjosep.org\/wp-content\/uploads\/2013\/11\/cancurt_IMG_2597-342x227.jpg 342w, https:\/\/www.santjosep.org\/wp-content\/uploads\/2013\/11\/cancurt_IMG_2597-45x29.jpg 45w, https:\/\/www.santjosep.org\/wp-content\/uploads\/2013\/11\/cancurt_IMG_2597-624x415.jpg 624w, https:\/\/www.santjosep.org\/wp-content\/uploads\/2013\/11\/cancurt_IMG_2597-150x100.jpg 150w\" sizes=\"(max-width: 800px) 100vw, 800px\" \/><\/a><\/p>\n<p>La sala de exposiciones del Ajuntament de Sant Josep en Sant Agust\u00ed ofrece peri\u00f3dicamente exposiciones sobre pintura, escultura y fotograf\u00eda.<\/p>\n<p><strong>Plaza de la iglesia. Sant Agust\u00ed des Vedr\u00e0<\/strong><\/p>\n<p><strong>Espacio abierto durante las exposiciones temporales<br \/>\nDe jueves a domingo de 19 h a 21 h<\/strong><\/p>\n<p>Consulta la programaci\u00f3n en <a href=\"https:\/\/cultura.santjosep.org\/es\/\" target=\"_blank\" rel=\"noopener\">cultura.santjosep.org<\/a><\/p>\n<div class=\"su-divider\"><\/div>\n<p><a href=\"https:\/\/santjosep.sedelectronica.es\/catalog\/tw\/295b7967-acba-4cd3-b405-22ee5ccfb664\" class=\"su-button su-button-style-flat\" style=\"color:#FFFFFF;background-color:#0088CB;border-color:#006da2;border-radius:20px;-moz-border-radius:20px;-webkit-border-radius:20px\" target=\"_blank\"><span style=\"color:#FFFFFF;padding:0px 24px;font-size:18px;line-height:36px;border-color:#4dacdb;border-radius:20px;-moz-border-radius:20px;-webkit-border-radius:20px;text-shadow:0 0 1px #00527a;-moz-text-shadow:0 0 1px #00527a;-webkit-text-shadow:0 0 1px #00527a\"> TR\u00c1MITE DE SOLICITUD DEL ESPACIO<\/span><\/a><\/p>\n<p><!--[agenda categoria=\"can-curt\" title=\"Pr\u00f3ximos eventos en Can Curt\"][\/agenda]\n\n<a href=\"https:\/\/www.santjosep.org\/es\/agenda\">Ver agenda cultural de Sant Josep de Sa Talaia<\/a>--><\/p>\n","protected":false},"excerpt":{"rendered":"<p>La sala de exposiciones del Ajuntament de Sant Josep en Sant Agust\u00ed ofrece peri\u00f3dicamente exposiciones sobre pintura, escultura y fotograf\u00eda. Plaza de la iglesia. Sant Agust\u00ed des Vedr\u00e0 Espacio abierto durante las exposiciones temporales De jueves a domingo de 19 h a 21 h Consulta la programaci\u00f3n en cultura.santjosep.org<\/p>\n","protected":false},"author":1,"featured_media":0,"parent":201,"menu_order":0,"comment_status":"closed","ping_status":"open","template":"page-templates\/page-two-columns.php","meta":[],"_links":{"self":[{"href":"https:\/\/www.santjosep.org\/es\/wp-json\/wp\/v2\/pages\/1097\/"}],"collection":[{"href":"https:\/\/www.santjosep.org\/es\/wp-json\/wp\/v2\/pages\/"}],"about":[{"href":"https:\/\/www.santjosep.org\/es\/wp-json\/wp\/v2\/types\/page\/"}],"author":[{"embeddable":true,"href":"https:\/\/www.santjosep.org\/es\/wp-json\/wp\/v2\/users\/1\/"}],"replies":[{"embeddable":true,"href":"https:\/\/www.santjosep.org\/es\/wp-json\/wp\/v2\/comments\/?post=1097"}],"version-history":[{"count":0,"href":"https:\/\/www.santjosep.org\/es\/wp-json\/wp\/v2\/pages\/1097\/revisions\/"}],"up":[{"embeddable":true,"href":"https:\/\/www.santjosep.org\/es\/wp-json\/wp\/v2\/pages\/201\/"}],"wp:attachment":[{"href":"https:\/\/www.santjosep.org\/es\/wp-json\/wp\/v2\/media\/?parent=1097"}],"curies":[{"name":"wp","href":"https:\/\/api.w.org\/{rel}","templated":true}]}}