{"id":11,"date":"2013-07-23T15:14:05","date_gmt":"2013-07-23T13:14:05","guid":{"rendered":"https:\/\/www.santjosep.org\/?page_id=11"},"modified":"2024-07-10T12:44:29","modified_gmt":"2024-07-10T10:44:29","slug":"equipo-de-gobierno","status":"publish","type":"page","link":"https:\/\/www.santjosep.org\/es\/tu-ayuntamiento\/equipo-de-gobierno\/","title":{"rendered":"Equipo de gobierno"},"content":{"rendered":"<div class=\"su-row\">\n<img loading=\"lazy\" src=\"https:\/\/www.santjosep.org\/wp-content\/uploads\/2023\/07\/Vicente-Roig.jpg\" alt=\"\" width=\"700\" height=\"468\" class=\"alignleft size-full wp-image-55384\" srcset=\"https:\/\/www.santjosep.org\/wp-content\/uploads\/2023\/07\/Vicente-Roig.jpg 700w, https:\/\/www.santjosep.org\/wp-content\/uploads\/2023\/07\/Vicente-Roig-342x229.jpg 342w, https:\/\/www.santjosep.org\/wp-content\/uploads\/2023\/07\/Vicente-Roig-45x30.jpg 45w, https:\/\/www.santjosep.org\/wp-content\/uploads\/2023\/07\/Vicente-Roig-624x417.jpg 624w\" sizes=\"(max-width: 700px) 100vw, 700px\" \/><\/p>\n<p><strong>Vicent Roig<\/strong><br \/>\nAlcalde<\/p>\n<ul>\n<li>Protecci\u00f3 Civil i Emerg\u00e8ncies<\/li>\n<li>Policia Local<\/li>\n<li>Promoci\u00f3 Tur\u00edstica<\/li>\n<li>Personal<\/li>\n<li>Urbanisme, Planejament urbanistic i Activitats<\/li>\n<\/ul>\n<p><a href=\"mailto:alcalde@santjosep.org\" target=\"_blank\" rel=\"noopener\">alcalde@santjosep.org<\/a><\/p>\n<\/div>\n<div class=\"su-row\">\n<div class=\"su-column su-column-size-1-2\">\n<div class=\"su-column-inner\"><img loading=\"lazy\" src=\"https:\/\/www.santjosep.org\/wp-content\/uploads\/2023\/07\/Nieves-Bonet.jpg\" alt=\"\" width=\"500\" height=\"667\" class=\"alignleft size-full wp-image-55379\" srcset=\"https:\/\/www.santjosep.org\/wp-content\/uploads\/2023\/07\/Nieves-Bonet.jpg 500w, https:\/\/www.santjosep.org\/wp-content\/uploads\/2023\/07\/Nieves-Bonet-195x260.jpg 195w, https:\/\/www.santjosep.org\/wp-content\/uploads\/2023\/07\/Nieves-Bonet-456x608.jpg 456w, https:\/\/www.santjosep.org\/wp-content\/uploads\/2023\/07\/Nieves-Bonet-34x45.jpg 34w\" sizes=\"(max-width: 500px) 100vw, 500px\" \/><\/p>\n<h2>Nieves Bonet<\/h2>\n<p><strong>1er Tinent Alcalde i Regidora de Economia, Relacions Institucionals i Governaci\u00f3<\/strong><\/p>\n<ul>\n<li>Hisenda i pressupostos<\/li>\n<li>Governaci\u00f3<\/li>\n<li>Relacions Institucionals<\/li>\n<li>Modernitzaci\u00f3 de l\u2019Administraci\u00f3 i \u00c0rea Inform\u00e0tica<\/li>\n<li>Contractaci\u00f3<\/li>\n<li>Cadastre<\/li>\n<\/ul>\n<p><em>Delegada Sant Jordi<\/em><\/p>\n<p><a href=\"mailto:nieves.bonet@santjosep.org\" target=\"_blank\" rel=\"noopener\">nieves.bonet@santjosep.org<\/a>\n<\/div>\n<\/div>\n<div class=\"su-column su-column-size-1-2\">\n<div class=\"su-column-inner\">\n<img loading=\"lazy\" src=\"https:\/\/www.santjosep.org\/wp-content\/uploads\/2023\/07\/Vicent-Torres.jpg\" alt=\"\" width=\"500\" height=\"667\" class=\"alignleft size-full wp-image-55377\" srcset=\"https:\/\/www.santjosep.org\/wp-content\/uploads\/2023\/07\/Vicent-Torres.jpg 500w, https:\/\/www.santjosep.org\/wp-content\/uploads\/2023\/07\/Vicent-Torres-195x260.jpg 195w, https:\/\/www.santjosep.org\/wp-content\/uploads\/2023\/07\/Vicent-Torres-456x608.jpg 456w, https:\/\/www.santjosep.org\/wp-content\/uploads\/2023\/07\/Vicent-Torres-34x45.jpg 34w\" sizes=\"(max-width: 500px) 100vw, 500px\" \/><\/p>\n<h2>Vicent Torres<\/h2>\n<p><strong>2on Tinent Alcalde i Regidor d\u2019Obres i Habitatge<\/strong><\/p>\n<ul>\n<li>Ordenaci\u00f3 tur\u00edstica<\/li>\n<li>Obres P\u00fabliques<\/li>\n<li>Servei Municipal d&#8217;Aigua<\/li>\n<li>Habitatge<\/li>\n<\/ul>\n<p><em>Delegat Sant Francesc<\/em><\/p>\n<p><a href=\"mailto:vicent.torres@santjosep.org\" target=\"_blank\" rel=\"noopener\">vicent.torres@santjosep.org<\/a><\/div>\n<\/div>\n<\/div>\n<div class=\"su-spacer\" style=\"height:40px\"><\/div>\n<div class=\"su-row\">\n<div class=\"su-column su-column-size-1-2\">\n<div class=\"su-column-inner\"><img loading=\"lazy\" src=\"https:\/\/www.santjosep.org\/wp-content\/uploads\/2023\/07\/Xicu-Ribas.jpg\" alt=\"\" width=\"500\" height=\"667\" class=\"alignleft size-full wp-image-55375\" srcset=\"https:\/\/www.santjosep.org\/wp-content\/uploads\/2023\/07\/Xicu-Ribas.jpg 500w, https:\/\/www.santjosep.org\/wp-content\/uploads\/2023\/07\/Xicu-Ribas-195x260.jpg 195w, https:\/\/www.santjosep.org\/wp-content\/uploads\/2023\/07\/Xicu-Ribas-456x608.jpg 456w, https:\/\/www.santjosep.org\/wp-content\/uploads\/2023\/07\/Xicu-Ribas-34x45.jpg 34w\" sizes=\"(max-width: 500px) 100vw, 500px\" \/><\/p>\n<h2>Xicu Ribas<\/h2>\n<p><strong>3er Tinent Alcalde i Regidor d\u2019Esports, Joventut i Transpar\u00e8ncia<\/strong><\/p>\n<ul>\n<li>Esports<\/li>\n<li>Joventut<\/li>\n<li>Responsabilitat Patrimonial i Transpar\u00e8ncia<\/li>\n<\/ul>\n<p><em>Delegat Es Cubells i Cales<\/em><\/p>\n<p><a href=\"mailto:xicu.ribas@santjosep.org\" target=\"_blank\" rel=\"noopener\">xicu.ribas@santjosep.org<\/a><\/div>\n<\/div>\n<div class=\"su-column su-column-size-1-2\">\n<div class=\"su-column-inner\"><img loading=\"lazy\" src=\"https:\/\/www.santjosep.org\/wp-content\/uploads\/2023\/07\/Marilia-Serra.jpg\" alt=\"\" width=\"500\" height=\"667\" class=\"alignleft size-full wp-image-55373\" srcset=\"https:\/\/www.santjosep.org\/wp-content\/uploads\/2023\/07\/Marilia-Serra.jpg 500w, https:\/\/www.santjosep.org\/wp-content\/uploads\/2023\/07\/Marilia-Serra-195x260.jpg 195w, https:\/\/www.santjosep.org\/wp-content\/uploads\/2023\/07\/Marilia-Serra-456x608.jpg 456w, https:\/\/www.santjosep.org\/wp-content\/uploads\/2023\/07\/Marilia-Serra-34x45.jpg 34w\" sizes=\"(max-width: 500px) 100vw, 500px\" \/><\/p>\n<h2>Marilina Serra<\/h2>\n<p><strong>Regidora d\u2019Acci\u00f3 Social, Fam\u00edlia i Igualtat<\/strong><\/p>\n<ul>\n<li>Benestar Social Igualtat<\/li>\n<li>Fam\u00edlia i Inf\u00e0ncia<\/li>\n<li>Centres de Dia i Majors<\/li>\n<li>Sanitat Local<\/li>\n<\/ul>\n<p><a href=\"mailto:marilina.serra@santjosep.org\" target=\"_blank\" rel=\"noopener\">marilina.serra@santjosep.org<\/a><\/div>\n<\/div>\n<\/div>\n<div class=\"su-spacer\" style=\"height:40px\"><\/div>\n<div class=\"su-row\">\n<div class=\"su-column su-column-size-1-2\">\n<div class=\"su-column-inner\">\n<img loading=\"lazy\" src=\"https:\/\/www.santjosep.org\/wp-content\/uploads\/2023\/07\/Maria-Jose-Rios.jpg\" alt=\"\" width=\"500\" height=\"667\" class=\"alignleft size-full wp-image-55369\" srcset=\"https:\/\/www.santjosep.org\/wp-content\/uploads\/2023\/07\/Maria-Jose-Rios.jpg 500w, https:\/\/www.santjosep.org\/wp-content\/uploads\/2023\/07\/Maria-Jose-Rios-195x260.jpg 195w, https:\/\/www.santjosep.org\/wp-content\/uploads\/2023\/07\/Maria-Jose-Rios-456x608.jpg 456w, https:\/\/www.santjosep.org\/wp-content\/uploads\/2023\/07\/Maria-Jose-Rios-34x45.jpg 34w\" sizes=\"(max-width: 500px) 100vw, 500px\" \/><\/p>\n<h2>Mar\u00eda Jos\u00e9 R\u00edos<\/h2>\n<p><strong>Regidora de Cultura, Patrimoni i Educaci\u00f3<\/strong><\/p>\n<ul>\n<li>Cultura i Normalitzaci\u00f3 Ling\u00fc\u00edstica<\/li>\n<li>Patrimoni<\/li>\n<li>Gesti\u00f3 de Centres Culturals<\/li>\n<li>Educaci\u00f3<\/li>\n<\/ul>\n<p><em>Delegada Cala de Bou<\/em><\/p>\n<p><a href=\"mailto:mjose.rios@santjosep.org\" target=\"_blank\" rel=\"noopener\">mjose.rios@santjosep.org<\/a>\n<\/div>\n<\/div>\n<div class=\"su-column su-column-size-1-2\">\n<div class=\"su-column-inner\"><img loading=\"lazy\" src=\"https:\/\/www.santjosep.org\/wp-content\/uploads\/2023\/07\/Joan-Cardona.jpg\" alt=\"\" width=\"500\" height=\"667\" class=\"alignleft size-full wp-image-55367\" srcset=\"https:\/\/www.santjosep.org\/wp-content\/uploads\/2023\/07\/Joan-Cardona.jpg 500w, https:\/\/www.santjosep.org\/wp-content\/uploads\/2023\/07\/Joan-Cardona-195x260.jpg 195w, https:\/\/www.santjosep.org\/wp-content\/uploads\/2023\/07\/Joan-Cardona-456x608.jpg 456w, https:\/\/www.santjosep.org\/wp-content\/uploads\/2023\/07\/Joan-Cardona-34x45.jpg 34w\" sizes=\"(max-width: 500px) 100vw, 500px\" \/><\/p>\n<h2>Joan Cardona<\/h2>\n<p><strong>Regidor d\u2019Espais P\u00fablics<\/strong><\/p>\n<ul>\n<li>Edificis p\u00fablics (manteniment)<\/li>\n<li>Vies P\u00fabliques i Parcs<\/li>\n<li>Jardins<\/li>\n<li>Cementiris<\/li>\n<\/ul>\n<p><em>Delegat Sant Agust\u00ed<\/em><\/p>\n<p><a href=\"mailto:joan.cardona@santjosep.org\" target=\"_blank\" rel=\"noopener\">joan.cardona@santjosep.org<\/a><\/div>\n<\/div>\n<\/div>\n<div class=\"su-spacer\" style=\"height:40px\"><\/div>\n<div class=\"su-row\">\n<div class=\"su-column su-column-size-1-2\">\n<div class=\"su-column-inner\"><img loading=\"lazy\" src=\"https:\/\/www.santjosep.org\/wp-content\/uploads\/2023\/07\/Felicia-Bocu.jpg\" alt=\"\" width=\"500\" height=\"667\" class=\"alignleft size-full wp-image-55365\" srcset=\"https:\/\/www.santjosep.org\/wp-content\/uploads\/2023\/07\/Felicia-Bocu.jpg 500w, https:\/\/www.santjosep.org\/wp-content\/uploads\/2023\/07\/Felicia-Bocu-195x260.jpg 195w, https:\/\/www.santjosep.org\/wp-content\/uploads\/2023\/07\/Felicia-Bocu-456x608.jpg 456w, https:\/\/www.santjosep.org\/wp-content\/uploads\/2023\/07\/Felicia-Bocu-34x45.jpg 34w\" sizes=\"(max-width: 500px) 100vw, 500px\" \/><\/p>\n<h2>Felicia Boc\u00fa<\/h2>\n<p><strong>Regidora de Medi Ambient, Sostenibilitat i Litoral<\/strong><\/p>\n<ul>\n<li>Medi ambient<\/li>\n<li>Neteja<\/li>\n<li>Platges i Litoral<\/li>\n<li>Protecci\u00f3 Animal<\/li>\n<li>Espais Protegits<\/li>\n<li>Energ\u00eda<\/li>\n<\/ul>\n<p><em>Delegada Platja den Bossa<\/em><\/p>\n<p><a href=\"mailto:felicia.bocu@santjosep.org\" target=\"_blank\" rel=\"noopener\">felicia.bocu@santjosep.org<\/a>\n<\/div>\n<\/div>\n<div class=\"su-column su-column-size-1-2\">\n<div class=\"su-column-inner\">\n<img loading=\"lazy\" src=\"https:\/\/www.santjosep.org\/wp-content\/uploads\/2023\/07\/Isabel-Castellar.jpg\" alt=\"\" width=\"500\" height=\"667\" class=\"alignleft size-full wp-image-55363\" srcset=\"https:\/\/www.santjosep.org\/wp-content\/uploads\/2023\/07\/Isabel-Castellar.jpg 500w, https:\/\/www.santjosep.org\/wp-content\/uploads\/2023\/07\/Isabel-Castellar-195x260.jpg 195w, https:\/\/www.santjosep.org\/wp-content\/uploads\/2023\/07\/Isabel-Castellar-456x608.jpg 456w, https:\/\/www.santjosep.org\/wp-content\/uploads\/2023\/07\/Isabel-Castellar-34x45.jpg 34w\" sizes=\"(max-width: 500px) 100vw, 500px\" \/><\/p>\n<h2>Isabel Castellar<\/h2>\n<p><strong>Regidora de Participaci\u00f3, Formaci\u00f3 i Festes<\/strong><\/p>\n<ul>\n<li>Participaci\u00f3 ciutadana<\/li>\n<li>Treball i Formaci\u00f3<\/li>\n<li>Festes<\/li>\n<\/ul>\n<p><a href=\"mailto:isabel.castellar@santjosep.org\" target=\"_blank\" rel=\"noopener\">isabel.castellar@santjosep.org<\/a><\/div>\n<\/div>\n<\/div>\n<div class=\"su-row\">\n<div class=\"su-spacer\" style=\"height:40px\"><\/div>\n<div class=\"su-column su-column-size-1-2\">\n<div class=\"su-column-inner\">\n<img loading=\"lazy\" class=\"alignleft size-full wp-image-57657\" src=\"https:\/\/www.santjosep.org\/wp-content\/uploads\/2024\/05\/Lourdes-Mari.jpg\" alt=\"\" width=\"500\" height=\"667\" srcset=\"https:\/\/www.santjosep.org\/wp-content\/uploads\/2024\/05\/Lourdes-Mari.jpg 500w, https:\/\/www.santjosep.org\/wp-content\/uploads\/2024\/05\/Lourdes-Mari-195x260.jpg 195w, https:\/\/www.santjosep.org\/wp-content\/uploads\/2024\/05\/Lourdes-Mari-456x608.jpg 456w, https:\/\/www.santjosep.org\/wp-content\/uploads\/2024\/05\/Lourdes-Mari-34x45.jpg 34w\" sizes=\"(max-width: 500px) 100vw, 500px\" \/><\/p>\n<h2>Lourdes Mar\u00ed<\/h2>\n<p><strong>Regidora de Promoci\u00f3 Empresarial i Transports<\/strong><\/p>\n<ul>\n<li>Promoci\u00f3 empresarial<\/li>\n<li>Transports i taxi<\/li>\n<li>Sector primari<\/li>\n<li>Ind\u00fastria R\u00e8gim Intern<\/li>\n<\/ul>\n<p><a href=\"mailto:lourdes.mari@santjosep.org\" target=\"_blank\" rel=\"noopener\">lourdes.mari@santjosep.org<\/a>\n<\/div>\n<\/div>\n<\/div>\n","protected":false},"excerpt":{"rendered":"","protected":false},"author":1,"featured_media":0,"parent":5,"menu_order":0,"comment_status":"closed","ping_status":"closed","template":"page-templates\/page-two-columns.php","meta":[],"_links":{"self":[{"href":"https:\/\/www.santjosep.org\/es\/wp-json\/wp\/v2\/pages\/11\/"}],"collection":[{"href":"https:\/\/www.santjosep.org\/es\/wp-json\/wp\/v2\/pages\/"}],"about":[{"href":"https:\/\/www.santjosep.org\/es\/wp-json\/wp\/v2\/types\/page\/"}],"author":[{"embeddable":true,"href":"https:\/\/www.santjosep.org\/es\/wp-json\/wp\/v2\/users\/1\/"}],"replies":[{"embeddable":true,"href":"https:\/\/www.santjosep.org\/es\/wp-json\/wp\/v2\/comments\/?post=11"}],"version-history":[{"count":0,"href":"https:\/\/www.santjosep.org\/es\/wp-json\/wp\/v2\/pages\/11\/revisions\/"}],"up":[{"embeddable":true,"href":"https:\/\/www.santjosep.org\/es\/wp-json\/wp\/v2\/pages\/5\/"}],"wp:attachment":[{"href":"https:\/\/www.santjosep.org\/es\/wp-json\/wp\/v2\/media\/?parent=11"}],"curies":[{"name":"wp","href":"https:\/\/api.w.org\/{rel}","templated":true}]}}