{"id":1214,"date":"2013-11-06T11:30:37","date_gmt":"2013-11-06T11:30:37","guid":{"rendered":"https:\/\/www.santjosep.org\/?page_id=1214"},"modified":"2020-07-07T13:40:26","modified_gmt":"2020-07-07T11:40:26","slug":"residuos","status":"publish","type":"page","link":"https:\/\/www.santjosep.org\/es\/tu-municipio\/medio-ambiente\/residuos\/","title":{"rendered":"Residuos"},"content":{"rendered":"<p>A continuaci\u00f3 trobareu informaci\u00f3 sobre els diferents tipus de gesti\u00f3 de residus al municipi de Sant Josep de sa Talaia. Hi podeu accedir clicant sobre la tem\u00e0tica que m\u00e9s us interessi.<\/p>\n<div class=\"su-accordion\">\n<div class=\"su-spoiler su-spoiler-style-simple su-spoiler-closed\">\n<div class=\"su-spoiler-title\"><span class=\"su-spoiler-icon\"><\/span><strong>1. Informaci\u00f3 general<\/strong><\/div>\n<div class=\"su-spoiler-content\">\n<h3><strong>1.1.-Recollida selectiva de paper-cart\u00f3, vidre, envasos lleugers i RSU<\/strong><\/h3>\n<p>Al municipi de Sant Josep de sa Talaia es realitza la recollida separada de les fraccions de paper-cartr\u00f3, vidre, envasos lleugers i RSU (fracci\u00f3 de rebuig).<\/p>\n<ul>\n<li><strong>Contenidor blau:<\/strong>\u00a0Caixes de cartr\u00f3, fulls de paper usat diaris, revistes, envasos i embalatges de cartr\u00f3, bosses de paper, etc.<\/li>\n<li><strong>Contenidor verd:<\/strong>\u00a0Botelles de vidre, pots de conserves de vidre i flascons de vidre.<\/li>\n<li><strong>Contenidor groc:<\/strong>\u00a0Botelles de pl\u00e0stic, tetrabrics, llaunes de beguda, llaunes de conserva, safates de porexpan, paper d&#8217;alumini, bosses de pl\u00e0stic, etc.<\/li>\n<li><strong>Contenidor gris:<\/strong>\u00a0En el contenidor gris hem de dipositar els residus que no corresponen a cap de les fraccions selectives ni tinguin un sistema espec\u00edfic de recollida: restes de menjar, bolquers, jugarois, cd, etc.<\/li>\n<\/ul>\n<h3><strong>1.2.-Gesti\u00f3 dels residus<\/strong><\/h3>\n<p><strong>Residus s\u00f2lids urbans (RSU o residus en massa)<br \/>\n<\/strong>Aquests residus actualment es duen al dip\u00f2sit controlat de\u00a0<a title=\"Dip\u00f2sit controlat de Ca na Putxa\" href=\"http:\/\/www.conselldeivissa.es\/portal\/p_20_contenedor1.jsp?seccion=s_fdes_d4_v2.jsp&amp;codbusqueda=437&amp;language=ca&amp;codResi=1&amp;codMenuPN=423&amp;codMenuSN=522&amp;codMenuTN=636&amp;codMenu=639\" target=\"_blank\" rel=\"noopener\">Ca na Putxa<\/a>\u00a0a Eivissa.<\/p>\n<p><strong>Paper-cart\u00f3, vidre i envasos lleugers de recollida selectiva<\/strong><br \/>\nS\u00f3n aquells residus per als quals s&#8217;han establert uns circuits de recollida selectiva al carrer mitjan\u00e7ant contenidors de diferents colors (blau, verd i groc).<br \/>\nEls residus recollits mitjan\u00e7ant els contenidors de carrer es duen a la\u00a0<a title=\"Planta de tranfer\u00e8ncia provisional\" href=\"http:\/\/www.conselldeivissa.es\/portal\/p_20_contenedor1.jsp?codMenuPN=424&amp;codbusqueda=437&amp;codResi=1&amp;codMenu=639&amp;seccion=s_fdes_d4_v2.jsp&amp;codMenuSN=522&amp;codMenuTN=636&amp;language=ca\" target=\"_blank\" rel=\"noopener\">Planta de transfer\u00e8ncia provisional<\/a>, ubicada al costat de la central t\u00e8rmica de GESA, des d&#8217;on s&#8217;expedeixen als diferents recuperadors o gestors d&#8217;aquests materials.<\/p>\n<p><strong>Residus de la construcci\u00f3 i demolici\u00f3 (RCD) i inerts<\/strong><br \/>\nEs consideren RCD els residus caracter\u00edstics de les obres de construcci\u00f3 i demolici\u00f3 (runes, enderrocs, terres d\u2019excavaci\u00f3, materials d\u2019a\u00efllament, etc.).<br \/>\nEls habitants del municipi poden portar petites quantitats de residus inerts procedents de petites reformes dom\u00e8stiques, lliures d\u2019altres residus (pl\u00e0stics, etc.), a les deixalleries de Cala de Bou i Can Guerxo.<br \/>\nSi es troben en majors quantitats, es dipositaran, per a una correcta gesti\u00f3, en un dip\u00f2sit controlat de residus inerts destinat a la restauraci\u00f3 de pedreres inactives.<br \/>\nEls RCD amb pres\u00e8ncia d\u2019impropis hauran de passar pr\u00e8viament per un pretractament de triatge per tal de separar tots els impropis abans de la seva deposici\u00f3.<\/p>\n<p class=\"ss-pdf textedit\"><a href=\"https:\/\/www.santjosep.org\/wp-content\/uploads\/2013\/11\/abocaments_incontrolats_web.pdf\" target=\"_blank\" rel=\"noopener\">Informaci\u00f3 sobre abocaments incontrolats i gestors de residus de construcci\u00f3<\/a><\/p>\n<p><strong>Restes de jardineria i poda<\/strong><br \/>\nAquests residus provenen de les activitats de manteniment dels jardins i espais verds municipals, aix\u00ed com de la neteja de boscos i finques privades. \u00c9s un residu b\u00e0sicament org\u00e0nic, amb un alt contingut en fibra, per la qual cosa \u00e9s ideal com a material estructurant en instal\u00b7lacions de compostatge.<br \/>\nEls habitants del municipi poden portar aquests residus a les deixalleries de Cala de Bou o Can Guerxo.<br \/>\nUna vegada all\u00ed, aquests residus es gestionen per mitj\u00e0 d\u2019una empresa que els destina a l\u2019elaboraci\u00f3 de compost o la fabricaci\u00f3 de biocombustible.<\/p>\n<p><strong>Residus voluminosos i electrodom\u00e8stics<\/strong><br \/>\nEs consideren residus voluminosos aquells residus assimilables a municipals que, a causa de les seues caracter\u00edstiques (dimensions, pes, propietats,etc.), no poden ser evacuats per mitjans convencionals de recollida com, per exemple, matalassos, neveres, mobiliari, etc.<br \/>\nAquests residus es gestionen per les seg\u00fcents vies:<\/p>\n<ul>\n<li>Els residus voluminosos i electrodom\u00e8stics que estiguin en bon estat es poden reutilitzar per mitj\u00e0 de\u00a0<a title=\"Fundaci\u00f3 Deixalles\" href=\"http:\/\/www.deixalles.org\/delegacion.php?id=6\" target=\"_blank\" rel=\"noopener\">Fundaci\u00f3 Deixalles<\/a>, que realitza recollides gratu\u00eftes a domicili (Tel. 971 191 118).<\/li>\n<li>En cas de no poder tenir un altre \u00fas, els habitants del municipi poden portar aquests residus gratu\u00eftament a les Deixalleries de Can Guerxo o Cala de Bou.<\/li>\n<li>Per altra banda, poden ser recollits pels serveis municipals de residus. Per gaudir d&#8217;aquest servei cal trucar pr\u00e8viament al tel. 971318485 (Herbusa)<\/li>\n<\/ul>\n<p>Els electrodom\u00e8stics i altres residus d\u2019aparells el\u00e8ctrics i electr\u00f2nics (RAEE) no reutilitzables s\u00f3n enviats al centre log\u00edstic per a la seva descontaminaci\u00f3 i reciclatge. Aix\u00ed mateix la ferralla es lliura a una empresa per al seu reciclatge.<br \/>\nEls residus voluminosos que no s\u00f3n reutilitzables o reciclables es tracten a les instal\u00b7lacions de\u00a0<a title=\"Ca Na Putxa\" href=\"http:\/\/www.conselldeivissa.es\/portal\/p_20_contenedor1.jsp?codMenuPN=424&amp;codbusqueda=437&amp;codResi=1&amp;codMenu=639&amp;codMenuSN=522&amp;seccion=s_fdes_d4_v2.jsp&amp;codMenuTN=636&amp;language=es\" target=\"_blank\" rel=\"noopener\">Ca na Putxa<\/a>\u00a0on se seleccionen i es trien els productes valoritzables i es disposa el rebuig triturat al dip\u00f2sit controlat.<\/p>\n<p><strong>Residus perillosos<\/strong><br \/>\nS\u00f3n aquells residus que contenen alguna subst\u00e0ncia o element que requereix d&#8217;un tractament espec\u00edfic de descontaminaci\u00f3 per tal de reduir la seua perillositat. Entre els residus perillosos que es poden generar en l&#8217;\u00e0mbit dom\u00e8stic destaquen:<\/p>\n<ul>\n<li>Olis<\/li>\n<li>Pintures i vernissos<\/li>\n<li>Productes de neteja<\/li>\n<li>Piles i bateries usades, etc.<\/li>\n<\/ul>\n<p>Els habitants del municipi poden portar aquests residus gratu\u00eftament a les Deixalleries de Can Guerxo i Cala de Bou.<br \/>\nUna vegada all\u00ed, la gesti\u00f3 d&#8217;aquests residus es realitza a trav\u00e9s de gestors autoritzats que els sotmeten als processos de tractament i descontaminaci\u00f3 necessaris.<br \/>\nLes empreses que generin algun d\u2019aquests tipus de residus han de posar-se en contacte amb el Punt d&#8217;Informaci\u00f3 Ambiental (PIA) del Govern Balear (tel\u00e8fon gratu\u00eft: 900 15 16 17 o <a title=\"Punt d'Informaci\u00f3 Ambiental\" href=\"http:\/\/pia.caib.es\/user\/index.ct.html\" target=\"_blank\" rel=\"noopener\">al seu web<\/a>), per tal de con\u00e8ixer els tr\u00e0mits a seguir per a la correcta gesti\u00f3 d\u2019aquests residus.<\/p>\n<p><strong>Vehicles al final de la vida \u00fatil (VFU)<\/strong><br \/>\nS\u00f3n aquells vehicles de motor el propietari dels quals se\u2019n vol desprendre. Atesa la complexitat dels elements que conformen un VFU, i la perillositat d&#8217;alguns dels seus components (combustible, refrigerants, l\u00edquid de frens, etc.), cal que siguin gestionats correctament. \u00c9s per aquest motiu, que per poder donar de baixa un VFU, cal dur-lo a un Centre autoritzat per a la seua recepci\u00f3 i descontaminaci\u00f3.<br \/>\nLa gesti\u00f3 d&#8217;aquests residus es realitza a trav\u00e9s de gestors de residus autoritzats per la Conselleria de Medi Ambient del Govern Balear.<br \/>\nPer obtenir m\u00e9s informaci\u00f3 sobre la gesti\u00f3 d&#8217;aquesta mena de residus podeu consultar el Punt d&#8217;Informaci\u00f3 Ambiental del Govern Balear (tel\u00e8fon gratu\u00eft: 900 15 16 17 o\u00a0<a title=\"Punt d'Informaci\u00f3 Ambiental\" href=\"http:\/\/pia.caib.es\/user\/index.ct.html\">p\u00e0gina web<\/a>).<\/p>\n<p>&nbsp;<\/p>\n<\/div>\n<\/div>\n<div class=\"su-spoiler su-spoiler-style-simple su-spoiler-closed\">\n<div class=\"su-spoiler-title\"><span class=\"su-spoiler-icon\"><\/span>2. Productors singulars de residus<\/div>\n<div class=\"su-spoiler-content\">\n<p><strong>Qu\u00e8 s\u00f3n els productors singulars de residus?<\/strong><br \/>\nEls productors singulars de residus s\u00f3n comer\u00e7os, hotels, restaurants, naus industrials i altres establiments del municipi que produeixen un volum important de residus.<br \/>\nEls residus generats seran recollits per part dels serveis municipals. Per disposar del servei de recollida els productors singulars han d&#8217;estar inscrits en el registre de productors singulars de residus del municipi.<\/p>\n<p><strong>Quines obligacions tenen?<\/strong><br \/>\nEls productors singulars de residus (hotels, restaurants, naus industrials i altres establiments o\u00a0comer\u00e7os) tenen l&#8217;obligaci\u00f3 de disposar dels contenidors necessaris per cobrir el volum de residus que generen.<\/p>\n<ul>\n<li>Tots els contenidors han d&#8217;estar correctament retolats amb el nom de l&#8217;establiment i homologats amb el sistema de recollida municipal de residus.<\/li>\n<li>Si els contenidors no s\u00f3n del color corresponent, es retolaran tamb\u00e9 amb el nom de la fracci\u00f3 de residus que contenen.<\/li>\n<li>El cartr\u00f3 ha d&#8217;estar completament plegat i dipositat en una g\u00e0bia met\u00e0l\u00b7lica o en un contenidor per a paper i cartr\u00f3.<\/li>\n<li>Els recintes de contenidors han d&#8217;estar en bon estat de neteja i manteniment.<\/li>\n<li>La neteja i manteniment dels contenidors i dels recintes correspon al seu propietari.<\/li>\n<li>Els contenidors o g\u00e0bies es trauran a darrera hora del dia i s&#8217;entraran de nou a l&#8217;interior abans de les 9 del mat\u00ed.<\/li>\n<\/ul>\n<p><img loading=\"lazy\" class=\"alignnone size-full wp-image-1794\" src=\"https:\/\/www.santjosep.org\/wp-content\/uploads\/2013\/11\/residus_singulars_1.jpg\" alt=\"residus_singulars_1\" width=\"300\" height=\"300\" srcset=\"https:\/\/www.santjosep.org\/wp-content\/uploads\/2013\/11\/residus_singulars_1.jpg 300w, https:\/\/www.santjosep.org\/wp-content\/uploads\/2013\/11\/residus_singulars_1-260x260.jpg 260w\" sizes=\"(max-width: 300px) 100vw, 300px\" \/> <img loading=\"lazy\" class=\"alignnone size-full wp-image-1792\" src=\"https:\/\/www.santjosep.org\/wp-content\/uploads\/2013\/11\/residus_singulars_2.jpg\" alt=\"residus_singulars_2\" width=\"300\" height=\"300\" srcset=\"https:\/\/www.santjosep.org\/wp-content\/uploads\/2013\/11\/residus_singulars_2.jpg 300w, https:\/\/www.santjosep.org\/wp-content\/uploads\/2013\/11\/residus_singulars_2-260x260.jpg 260w\" sizes=\"(max-width: 300px) 100vw, 300px\" \/> <img loading=\"lazy\" class=\"alignnone size-full wp-image-1790\" src=\"https:\/\/www.santjosep.org\/wp-content\/uploads\/2013\/11\/residus_singulars_3.jpg\" alt=\"residus_singulars_3\" width=\"300\" height=\"300\" srcset=\"https:\/\/www.santjosep.org\/wp-content\/uploads\/2013\/11\/residus_singulars_3.jpg 300w, https:\/\/www.santjosep.org\/wp-content\/uploads\/2013\/11\/residus_singulars_3-260x260.jpg 260w\" sizes=\"(max-width: 300px) 100vw, 300px\" \/> <img loading=\"lazy\" class=\"alignnone size-full wp-image-1788\" src=\"https:\/\/www.santjosep.org\/wp-content\/uploads\/2013\/11\/residus_singulars_4.jpg\" alt=\"residus_singulars_4\" width=\"300\" height=\"300\" srcset=\"https:\/\/www.santjosep.org\/wp-content\/uploads\/2013\/11\/residus_singulars_4.jpg 300w, https:\/\/www.santjosep.org\/wp-content\/uploads\/2013\/11\/residus_singulars_4-260x260.jpg 260w\" sizes=\"(max-width: 300px) 100vw, 300px\" \/><\/p>\n<p><strong>Documents relacionats<\/strong><\/p>\n<p class=\"ss-pdf textedit\"><a href=\"https:\/\/www.santjosep.org\/wp-content\/uploads\/2013\/11\/frecuencia_recollida_produc_sing.pdf\">Esquema de freq\u00fc\u00e8ncies de recollida a productors singulars<\/a><\/p>\n<p class=\"ss-pdf textedit\"><a href=\"https:\/\/www.santjosep.org\/wp-content\/uploads\/2013\/11\/form_inscrip_productors_singulars.pdf\">Full d&#8217;inscripci\u00f3 al registre de productors singulars del municipi<\/a><\/p>\n<\/div>\n<\/div>\n<div class=\"su-spoiler su-spoiler-style-simple su-spoiler-closed\">\n<div class=\"su-spoiler-title\"><span class=\"su-spoiler-icon\"><\/span>3. Deixalleries<\/div>\n<div class=\"su-spoiler-content\">\n<p>Una deixalleria \u00e9s un espai pensat perqu\u00e8 els habitants hi puguin portar tota una s\u00e8rie de residus per als quals no existia fins al moment cap circuit clar de recollida ni una gesti\u00f3 ambiental correcta.<br \/>\nL&#8217;Ajuntament de Sant Josep ha posat en funcionament 2 deixalleries al municipi, una a Cala de Bou (darrera l&#8217;antic restaurant El Ruedo) i una altra a Sant Jordi (al costat de la zona esportiva de Can Guerxo). Aquestes deixalleries es van posar en marxa a finals de setembre de 2010 i han estat funcionant des d&#8217;aleshores.<\/p>\n<p>Les deixalleries de Can Guerxo i de Cala de Bou s\u00f3n d&#8217;\u00fas exclusiu per a habitants del municipi de Sant Josep de sa Talaia. L&#8217;\u00fas de les deixalleries \u00e9s gratu\u00eft. Els particulars poden dur qualsevol residu que es generi als seus domicilis i que sigui admissible a la deixalleria. Les empreses poden dur ferralla, tot tipus d&#8217;aparells el\u00e8ctrics, olis vegetals, bateries de plom, fluorescents, etc; per\u00f2 no poden dur residus industrials o perillosos aix\u00ed com tampoc runes, restes de poda i jardineria o voluminosos, que hauran de gestionar al seu c\u00e0rrec.<\/p>\n<p>En un futur les deixalleries de Sant Josep de sa Talaia es mancomunaran amb la resta de deixalleries (6 en total) per tal que totes funcionin amb els mateixos criteris, que tots els habitants de l&#8217;illa d&#8217;Eivissa les puguin utilitzar i per tal de reduir els costos de la seva gesti\u00f3.<\/p>\n<p>Per arribar a les deixalleries del municipi nom\u00e9s heu de seguir aquests cartells:<\/p>\n<p><img loading=\"lazy\" class=\"alignnone size-full wp-image-1776\" src=\"https:\/\/www.santjosep.org\/wp-content\/uploads\/2013\/11\/cartell_deixalleria.jpg\" alt=\"cartell_deixalleria\" width=\"400\" height=\"74\" srcset=\"https:\/\/www.santjosep.org\/wp-content\/uploads\/2013\/11\/cartell_deixalleria.jpg 400w, https:\/\/www.santjosep.org\/wp-content\/uploads\/2013\/11\/cartell_deixalleria-342x63.jpg 342w\" sizes=\"(max-width: 400px) 100vw, 400px\" \/><\/p>\n<p>Per a m\u00e9s informaci\u00f3 podeu consultar el d\u00edptic amb la informaci\u00f3 de les deixalleries:<\/p>\n<p><img loading=\"lazy\" class=\"alignnone size-full wp-image-1782\" src=\"https:\/\/www.santjosep.org\/wp-content\/uploads\/2013\/11\/portada_diptic_deix.jpg\" alt=\"portada_diptic_deix\" width=\"250\" height=\"241\" \/><\/p>\n<\/div>\n<\/div>\n<div class=\"su-spoiler su-spoiler-style-simple su-spoiler-closed\">\n<div class=\"su-spoiler-title\"><span class=\"su-spoiler-icon\"><\/span>4. Recollida d\u2019oli<\/div>\n<div class=\"su-spoiler-content\">\n<p><img loading=\"lazy\" class=\"size-full wp-image-1780 alignleft\" src=\"https:\/\/www.santjosep.org\/wp-content\/uploads\/2013\/11\/diptic_oli_vegetal.jpg\" alt=\"diptic_oli_vegetal\" width=\"250\" height=\"250\" \/><\/p>\n<p>Des de l\u2019any 2010 s\u2019ha posat en marxa el sistema de recollida d\u2019oli de cuina dom\u00e8stic per mitj\u00e0 de la distribuci\u00f3 pel municipi de 10 contenidors de recollida d\u2019oli usat.<br \/>\nEls punts de localitzaci\u00f3 dels contenidors i el seu procediment d\u2019\u00fas es poden consultar en el <a href=\"https:\/\/www.santjosep.org\/wp-content\/uploads\/2013\/11\/diptic_oli_vegetal.pdf\" target=\"_blank\" rel=\"noopener\">d\u00edptic informatiu sobre la recollida d\u2019oli dom\u00e8stic al municipi<\/a>.<br \/>\nA m\u00e9s d\u2019aquests punts de contenidors de recollida, disposeu tamb\u00e9 de les deixalleries com a lloc d\u2019entrega de l\u2019oli de cuina.<\/p>\n<p>&nbsp;<\/p>\n<p>&nbsp;<\/p>\n<p>&nbsp;<\/p>\n<p><a href=\"https:\/\/www.santjosep.org\/wp-content\/uploads\/2013\/11\/recollida_oli.jpg\"><img loading=\"lazy\" class=\"alignnone size-full wp-image-1778\" src=\"https:\/\/www.santjosep.org\/wp-content\/uploads\/2013\/11\/recollida_oli.jpg\" alt=\"recollida_oli\" width=\"500\" height=\"300\" srcset=\"https:\/\/www.santjosep.org\/wp-content\/uploads\/2013\/11\/recollida_oli.jpg 500w, https:\/\/www.santjosep.org\/wp-content\/uploads\/2013\/11\/recollida_oli-342x205.jpg 342w\" sizes=\"(max-width: 500px) 100vw, 500px\" \/><\/a><\/p>\n<\/div>\n<\/div>\n<div class=\"su-spoiler su-spoiler-style-simple su-spoiler-closed\">\n<div class=\"su-spoiler-title\"><span class=\"su-spoiler-icon\"><\/span>5. Estad\u00edstiques<\/div>\n<div class=\"su-spoiler-content\">\n<p>Tot seguit us mostrem les estad\u00edstiques de residus del municipi des de l\u2019any 2003, on es pot veure l\u2019evoluci\u00f3 de la recollida selectiva de diferents materials i de la generaci\u00f3 de residus.<\/p>\n<p class=\"ss-pdf textedit\"><a href=\"https:\/\/www.santjosep.org\/wp-content\/uploads\/2013\/11\/2011_estadistiques_residus.pdf\" target=\"_blank\" rel=\"noopener\">Estad\u00edstiques Ajuntament de Sant Josep de sa Talaia<\/a><\/p>\n<p>Per obtenir informaci\u00f3 estad\u00edstica sobre generaci\u00f3 de residus l\u2019illa d\u2019Eivissa podeu consultar la p\u00e0gina web del Consell d\u2019Eivissa.<\/p>\n<\/div>\n<\/div>\n<\/div>\n","protected":false},"excerpt":{"rendered":"<p>A continuaci\u00f3 trobareu informaci\u00f3 sobre els diferents tipus de gesti\u00f3 de residus al municipi de Sant Josep de sa Talaia. Hi podeu accedir clicant sobre la tem\u00e0tica que m\u00e9s us interessi.<\/p>\n","protected":false},"author":1,"featured_media":0,"parent":225,"menu_order":0,"comment_status":"closed","ping_status":"open","template":"page-templates\/page-two-columns.php","meta":[],"_links":{"self":[{"href":"https:\/\/www.santjosep.org\/es\/wp-json\/wp\/v2\/pages\/1214\/"}],"collection":[{"href":"https:\/\/www.santjosep.org\/es\/wp-json\/wp\/v2\/pages\/"}],"about":[{"href":"https:\/\/www.santjosep.org\/es\/wp-json\/wp\/v2\/types\/page\/"}],"author":[{"embeddable":true,"href":"https:\/\/www.santjosep.org\/es\/wp-json\/wp\/v2\/users\/1\/"}],"replies":[{"embeddable":true,"href":"https:\/\/www.santjosep.org\/es\/wp-json\/wp\/v2\/comments\/?post=1214"}],"version-history":[{"count":0,"href":"https:\/\/www.santjosep.org\/es\/wp-json\/wp\/v2\/pages\/1214\/revisions\/"}],"up":[{"embeddable":true,"href":"https:\/\/www.santjosep.org\/es\/wp-json\/wp\/v2\/pages\/225\/"}],"wp:attachment":[{"href":"https:\/\/www.santjosep.org\/es\/wp-json\/wp\/v2\/media\/?parent=1214"}],"curies":[{"name":"wp","href":"https:\/\/api.w.org\/{rel}","templated":true}]}}