{"id":1227,"date":"2013-11-06T12:27:26","date_gmt":"2013-11-06T12:27:26","guid":{"rendered":"https:\/\/www.santjosep.org\/?page_id=1227"},"modified":"2015-07-31T08:19:36","modified_gmt":"2015-07-31T08:19:36","slug":"picudo-rojo","status":"publish","type":"page","link":"https:\/\/www.santjosep.org\/es\/tu-municipio\/medio-ambiente\/picudo-rojo\/","title":{"rendered":"Picudo Rojo"},"content":{"rendered":"<h2>La plaga del Picudo Rojo (Rhyncophorus ferrugineus)<\/h2>\n<h3>1. Itroducci\u00f3 a la plaga<\/h3>\n<p>En els darrers anys a l\u2019illa d\u2019Eivissa hem de lamentar la r\u00e0pida expansi\u00f3 d\u2019una plaga que afecta les palmeres, i \u00e9s produ\u00efda per un insecte cole\u00f2pter anomenat Becut Vermell (Rhynchophorus ferrugineus). La seva capacitat d\u2019expansi\u00f3 \u00e9s molt elevada i les palmeres infectades per aquesta plaga moren als pocs mesos a no ser que s\u2019apliquin mesures preventives o correctives. <a href=\"https:\/\/www.santjosep.org\/wp-content\/uploads\/2013\/11\/becut_vermell_informacio_tecnica.pdf\" target=\"_blank\">Aqu\u00ed trobareu m\u00e9s informaci\u00f3 sobre la plaga<\/a>.<\/p>\n<p>La palmera que es veu m\u00e9s afectada per aquesta plaga \u00e9s la palmera can\u00e0ria (Phoenix canariensis) encara que tamb\u00e9 es poden veure afectades altres esp\u00e8cies com la palmera datilera (Phoenix dactilifera), la washingt\u00f2nia (Washingtonia sp) o altres esp\u00e8cies vegetals.<\/p>\n<p>La seva pres\u00e8ncia al municipi de Sant Josep de sa Talaia es va confirmar oficialment el desembre del 2007 i des d\u2019aleshores el nombre de palmeres afectades s\u2019ha anat incrementant de manera exponencial. Ates el grau d\u2019expansi\u00f3 de la plaga a nivell auton\u00f2mic la seva eradicaci\u00f3 ha estat declarada d\u2019utilitat p\u00fablica per <a href=\"https:\/\/www.santjosep.org\/wp-content\/uploads\/2013\/11\/becut_vermell_normativa_balear.pdf\">Resoluci\u00f3 de la Conselleria d\u2019Agricultura i pesca de 12 de maig de 2010<\/a>.<\/p>\n<div id=\"attachment_1833\" style=\"width: 510px\" class=\"wp-caption alignnone\"><img aria-describedby=\"caption-attachment-1833\" loading=\"lazy\" class=\"size-full wp-image-1833\" alt=\"palmera_infectada\" src=\"https:\/\/www.santjosep.org\/wp-content\/uploads\/2013\/11\/palmera_infectada.png\" width=\"500\" height=\"350\" srcset=\"https:\/\/www.santjosep.org\/wp-content\/uploads\/2013\/11\/palmera_infectada.png 500w, https:\/\/www.santjosep.org\/wp-content\/uploads\/2013\/11\/palmera_infectada-342x239.png 342w\" sizes=\"(max-width: 500px) 100vw, 500px\" \/><\/p>\n<p id=\"caption-attachment-1833\" class=\"wp-caption-text\">Imatge d\u2019una palmera p\u00fablica afectada en un grau avan\u00e7at<\/p>\n<\/div>\n<h3>2. Tractament preventiu de palmeres<\/h3>\n<p>El tractament preventiu \u00e9s, a dia d\u2019avui, la millor soluci\u00f3 per protegir i salvar les palmeres d\u2019aquesta plaga, i consisteix en l\u2019aplicaci\u00f3 peri\u00f2dica de certs productes fitosanitaris o de control biol\u00f2gic. El tractament preventiu m\u00e9s habitual consisteix en l\u2019aplicaci\u00f3 per dutxa foliar d\u2019un insecticida selectiu a la zona de la corona procurant que la part superior de la palmera quedi impregnada atacant els exemplars de la plaga de becut vermell (especialment les larves) que puguin haver infectat o infectin la palmera. Altres tractament preventius es poden aplicar mitjan\u00e7ant injeccions al tronc de les palmeres.<\/p>\n<p>Per tal d\u2019augmentar l\u2019efectivitat de totes aquestes mesures de control i prevenci\u00f3 contra el becut vermell que s\u2019estan portant a terme, l\u2019Ajuntament de Sant Josep recomana a tots els habitants del municipi propietaris de palmeres que realitzin un tractament preventiu i un seguiment de les palmeres de la seva titularitat, per a reduir, aix\u00ed, el risc d\u2019infestaci\u00f3 per la plaga i la seva possible expansi\u00f3 cap a altres palmeres.<\/p>\n<p class=\"ss-pdf textedit\"><a href=\"https:\/\/www.santjosep.org\/wp-content\/uploads\/2013\/11\/becut_vermell_tractament_preventiu_palmeres.pdf\" target=\"_blank\">Aqu\u00ed trobareu m\u00e9s informaci\u00f3 sobre el tractament preventiu de les palmeres<\/a><\/p>\n<h3>3. Poda de palmeres<\/h3>\n<p>La poda de palmeres s\u2019ha de realitzar sempre amb la corresponent autoritzaci\u00f3 (gratu\u00efta) per part dels serveis de Sanitat Vegetal del Consell d\u2019Eivissa (971 195 493). A m\u00e9s, cal seguir les instruccions del Consell per tal d\u2019evitar que la palmera podada es converteixi en un focus d\u2019atracci\u00f3 de la plaga, mitjan\u00e7ant l\u2019aplicaci\u00f3 de cicatritzants.<\/p>\n<p>Les restes de poda de palmeres (sempre i quan no estiguin infectades) es poden dur a les Deixalleries, a un gestor de restes vegetals o a l\u2019abocador de Ca na Putxa.<\/p>\n<p class=\"ss-pdf textedit\"><a href=\"https:\/\/www.santjosep.org\/wp-content\/uploads\/2013\/11\/becut_vermell_sol-licitud_poda_palmeres.pdf\" target=\"_blank\">Model de sol\u00b7licitud de poda de palmeres<\/a><\/p>\n<h3>4. Sanejament de palmeres infectades<\/h3>\n<p>Les palmeres infectades, si es detecten a temps, poden salvar-se en molts casos mitjan\u00e7ant un sanejament de les parts infectades. Aquest sanejament ha de realitzar-se amb la corresponent autoritzaci\u00f3 gratu\u00efta del servei de Sanitat Vegetal del Consell d\u2019Eivissa (971 195 493) i per part de personal qualificat, que s\u2019encarrega de gestionar les restes infectades.<\/p>\n<div id=\"attachment_1831\" style=\"width: 510px\" class=\"wp-caption alignnone\"><img aria-describedby=\"caption-attachment-1831\" loading=\"lazy\" class=\"size-full wp-image-1831\" alt=\"Imatge del sanejament d\u2019una palmera p\u00fablica infectada\" src=\"https:\/\/www.santjosep.org\/wp-content\/uploads\/2013\/11\/tractament_becull.png\" width=\"500\" height=\"350\" srcset=\"https:\/\/www.santjosep.org\/wp-content\/uploads\/2013\/11\/tractament_becull.png 500w, https:\/\/www.santjosep.org\/wp-content\/uploads\/2013\/11\/tractament_becull-342x239.png 342w\" sizes=\"(max-width: 500px) 100vw, 500px\" \/><\/p>\n<p id=\"caption-attachment-1831\" class=\"wp-caption-text\">Imatge del sanejament d\u2019una palmera p\u00fablica infectada<\/p>\n<\/div>\n<p class=\"ss-pdf textedit\"><a href=\"https:\/\/www.santjosep.org\/wp-content\/uploads\/2013\/11\/becut_vermell_sol-licitud_sanejament_palmeres.pdf\" target=\"_blank\">Model de sol\u00b7licitud de sanejament de palmeres<\/a><\/p>\n<h3>5. Com actuar davant de la plaga del becut vermell<\/h3>\n<p>L\u2019Ajuntament de Sant Josep vol recordar als seus habitants que qualsevol acci\u00f3 de poda, sanejament, eliminaci\u00f3, trasllat o importaci\u00f3 de palmeres requereix d\u2019una autoritzaci\u00f3 gratu\u00efta, emesa pels inspectors de Sanitat Vegetal (971195493) del Consell d\u2019Eivissa.<\/p>\n<p>En qualsevol cas, la detecci\u00f3 d\u2019una possible palmera afectada s\u2019ha de comunicar al departament de Sanitat Vegetal del Consell d\u2019Eivissa (971195493 o al correu <a href=\"mailto:sanitatvegetal@conselldeivissa.es\">sanitatvegetal@conselldeivissa.es<\/a>) o a l\u2019\u00e0rea de Medi Ambient de l\u2019Ajuntament de Sant Josep de sa Talaia (871554367) el qual aplicar\u00e0 el protocol d\u2019actuaci\u00f3 pertinent.<\/p>\n<p>L\u2019Ajuntament de Sant Josep desitja que els esfor\u00e7os dedicats per part de les administracions juntament amb la col\u00b7laboraci\u00f3 dels seus habitants siguin efica\u00e7os en la lluita contra el becut vermell.<\/p>\n<p>&nbsp;<\/p>\n","protected":false},"excerpt":{"rendered":"<p>La plaga del Picudo Rojo (Rhyncophorus ferrugineus) 1. Itroducci\u00f3 a la plaga En els darrers anys a l\u2019illa d\u2019Eivissa hem de lamentar la r\u00e0pida expansi\u00f3 d\u2019una plaga que afecta les palmeres, i \u00e9s produ\u00efda per un insecte cole\u00f2pter anomenat Becut Vermell (Rhynchophorus ferrugineus). La seva capacitat d\u2019expansi\u00f3 \u00e9s molt elevada i les palmeres infectades per [&hellip;]<\/p>\n","protected":false},"author":1,"featured_media":0,"parent":225,"menu_order":0,"comment_status":"closed","ping_status":"open","template":"page-templates\/page-two-columns.php","meta":[],"_links":{"self":[{"href":"https:\/\/www.santjosep.org\/es\/wp-json\/wp\/v2\/pages\/1227\/"}],"collection":[{"href":"https:\/\/www.santjosep.org\/es\/wp-json\/wp\/v2\/pages\/"}],"about":[{"href":"https:\/\/www.santjosep.org\/es\/wp-json\/wp\/v2\/types\/page\/"}],"author":[{"embeddable":true,"href":"https:\/\/www.santjosep.org\/es\/wp-json\/wp\/v2\/users\/1\/"}],"replies":[{"embeddable":true,"href":"https:\/\/www.santjosep.org\/es\/wp-json\/wp\/v2\/comments\/?post=1227"}],"version-history":[{"count":0,"href":"https:\/\/www.santjosep.org\/es\/wp-json\/wp\/v2\/pages\/1227\/revisions\/"}],"up":[{"embeddable":true,"href":"https:\/\/www.santjosep.org\/es\/wp-json\/wp\/v2\/pages\/225\/"}],"wp:attachment":[{"href":"https:\/\/www.santjosep.org\/es\/wp-json\/wp\/v2\/media\/?parent=1227"}],"curies":[{"name":"wp","href":"https:\/\/api.w.org\/{rel}","templated":true}]}}