{"id":1238,"date":"2013-11-06T12:46:41","date_gmt":"2013-11-06T12:46:41","guid":{"rendered":"https:\/\/www.santjosep.org\/?page_id=1238"},"modified":"2015-07-31T08:19:36","modified_gmt":"2015-07-31T08:19:36","slug":"medio-litoral","status":"publish","type":"page","link":"https:\/\/www.santjosep.org\/es\/tu-municipio\/medio-ambiente\/medio-litoral\/","title":{"rendered":"Medio Litoral"},"content":{"rendered":"<p><img loading=\"lazy\" class=\"alignleft\" alt=\"sideimage_marins\" src=\"https:\/\/www.santjosep.org\/wp-content\/uploads\/2013\/11\/sideimage_marins.png\" width=\"250\" height=\"280\" \/>La mar \u00a0Mediterr\u00e0nia ha estat el bressol de les civilitzacions antigues m\u00e9s importants. Civilitzacions que com els fenicis o els romans varen arribar a la nostra illa i varen deixar-hi la seva empremta. \u00c9s aquesta mar la que forma part del nostre litoral, juntament amb les nostres platges, sistemes dunars i penya-segats.<\/p>\n<p>La import\u00e0ncia del nostre litoral \u00e9s molt clara ja que \u00e9s un valor natural important\u00edssim que cal preservar i alhora un dels atractius m\u00e9s importants per al turisme. Per\u00f2 quan parlem de litoral acostumem a pensar exclusivament en part terrestre. Per\u00f2 qu\u00e8 hi ha dins l\u2019aigua, a la part marina?<\/p>\n<p>El mar que banya les costes d\u2019Eivissa \u00e9s d\u2019una riquesa i diversitat impressionants, que cal con\u00e8ixer i estimar. Els fons, que poden ser arenosos i de pendent suau o rocosos i abruptes, estan coberts per unes comunitats plenes de vida, entre les quals cal destacar les praderies de Posidonia oceanica, fonamentals per a l\u2019ecosistema.<\/p>\n<p>Les aig\u00fces que ens envolten estan plenes de vida marina: anfossos, roges, polps, meduses, serrans, orades, dofins, verderols s\u00f3n algunes de les moltes esp\u00e8cies presents a les nostres aig\u00fces. Malauradament algunes esp\u00e8cies, com les tortugues marines i vells marins, ara s\u00f3n molt escasses o han desaparegut i hi ha comunitats marines en regressi\u00f3. La pressi\u00f3 humana sobre el medi mar\u00ed, la pesca, les esp\u00e8cies invasores i la contaminaci\u00f3 en s\u00f3n les grans responsables.\u00c9s important tenir cura dels nostres fons marins i les esp\u00e8cies que hi viuen i gaudir-ne sense fer-les malb\u00e9.<\/p>\n<p>&nbsp;<\/p>\n<p>&nbsp;<\/p>\n<div class=\"su-accordion\">\n<div class=\"su-spoiler su-spoiler-style-simple su-spoiler-closed\">\n<div class=\"su-spoiler-title\"><span class=\"su-spoiler-icon\"><\/span>1<strong>. El sistema posid\u00f2nia-platja-duna<\/strong><\/div>\n<div class=\"su-spoiler-content\">\n<p><strong>La posid\u00f2nia<\/strong><\/p>\n<p>La Posidonia oceanica no \u00e9s una alga sin\u00f3 una planta, que creix en un fons aren\u00f3s, i que nom\u00e9s existeix al Mar Mediterrani. Les seves fulles verdes s\u00f3n llargues i aplanades i poden arribar a fer fins a un metre i mig, i formen grans praderes en el fons mar\u00ed. La mitjana de vida dels seus brots \u00e9s d&#8217;uns 30 anys.<\/p>\n<p>Les praderies de Posidonia oceanica de Sant Josep de sa Talaia s\u00f3n les millor conservades de tot el Mediterrani. Per la seva import\u00e0ncia s\u00f3n considerades h\u00e0bitat de protecci\u00f3 priorit\u00e0ria per la Uni\u00f3 Europea i han estat declarades Patrimoni de la Humanitat per part de la UNESCO l&#8217;any 1999.<\/p>\n<p><img loading=\"lazy\" class=\"alignnone size-full wp-image-1810\" alt=\"posidonia_manu_san_felix_vellmari\" src=\"https:\/\/www.santjosep.org\/wp-content\/uploads\/2013\/11\/posidonia_manu_san_felix_vellmari.jpg\" width=\"600\" height=\"400\" srcset=\"https:\/\/www.santjosep.org\/wp-content\/uploads\/2013\/11\/posidonia_manu_san_felix_vellmari.jpg 600w, https:\/\/www.santjosep.org\/wp-content\/uploads\/2013\/11\/posidonia_manu_san_felix_vellmari-342x227.jpg 342w, https:\/\/www.santjosep.org\/wp-content\/uploads\/2013\/11\/posidonia_manu_san_felix_vellmari-150x100.jpg 150w\" sizes=\"(max-width: 600px) 100vw, 600px\" \/><\/p>\n<p><strong>Quina \u00e9s la seva funci\u00f3?<\/strong><\/p>\n<p><strong><\/strong>Les posid\u00f2nies tenen un paper molt important en els ecosistemes marins, ja que afavoreixen el manteniment de les poblacions de peixos i organismes marins. S\u00f3n la guarderia del mar, zona de posta i de desenvolupament d\u2019alevins i cries de peixos i organismes marins. A m\u00e9s realitza altres moltes funcions b\u00e0siques com la producci\u00f3 d\u2019oxigen, filtraci\u00f3 de nitrats i nitrits, mantenint les aig\u00fces netes i transparents, preservaci\u00f3 les platges de l\u2019efecte erosiu de l\u2019onatge i manteniment la din\u00e0mica natural dels sistemes dunars.<\/p>\n<p><strong>El sistema litoral<\/strong><\/p>\n<p><strong><\/strong>Les platges s\u00f3n un sistema din\u00e0mic composat de diversos elements relacionats entre si de tal manera que formen un continu que va des dels fons marins fins m\u00e9s enll\u00e0 dels sistemes dunars.<\/p>\n<p>Aix\u00ed, en primer lloc trobem les praderies de Posidonia oceanica (1), que protegeixen la costa i estabilitzen els fons marins, depuren les aig\u00fces i s\u00f3n l\u2019h\u00e0bitat on viuen i es reprodueixen moltes esp\u00e8cies marines.<\/p>\n<p>El fons marins tamb\u00e9 presenten zones rocoses (2), que tamb\u00e9 s\u00f3n h\u00e0bitat de multitud d\u2019esp\u00e8cies. Les fulles mortes de posid\u00f2nia s\u2019acumulen a la platja (3), on atenuen la for\u00e7a de les ones i retenen la sorra de la platja. La platja pr\u00f2piament dita (4) es compon d\u2019una barreja de materials sedimentaris, restes de closques de mol\u00b7luscos i crustacis i restes de Posid\u00f2nia.<\/p>\n<p>Els sistemes dunars (5) actuen com a reservori de sorra per a la platja i s\u00f3n h\u00e0bitat d\u2019esp\u00e8cies animals i vegetals adaptades a viure en condicions d\u2019alta salinitat i falta de substrat fix. Les dunes fixades per la vegetaci\u00f3 formen part del que es coneix com bosc litoral (6) amb pres\u00e8ncia de savines (Juniperus phoenicea) i mata (Pistacia lentiscus).<\/p>\n<p><img loading=\"lazy\" class=\"alignnone size-full wp-image-1813\" alt=\"esquema-posidonia-manu-san-felix\" src=\"https:\/\/www.santjosep.org\/wp-content\/uploads\/2013\/11\/esquema-posidonia-manu-san-felix.jpg\" width=\"600\" height=\"390\" srcset=\"https:\/\/www.santjosep.org\/wp-content\/uploads\/2013\/11\/esquema-posidonia-manu-san-felix.jpg 600w, https:\/\/www.santjosep.org\/wp-content\/uploads\/2013\/11\/esquema-posidonia-manu-san-felix-342x222.jpg 342w\" sizes=\"(max-width: 600px) 100vw, 600px\" \/><\/p>\n<\/div>\n<\/div>\n<div class=\"su-spoiler su-spoiler-style-simple su-spoiler-closed\">\n<div class=\"su-spoiler-title\"><span class=\"su-spoiler-icon\"><\/span><strong>2. Gesti\u00f3 de les restes de posid\u00f2nia a Sant Josep de sa Talaia<\/strong><\/div>\n<div class=\"su-spoiler-content\">\n<p>La posid\u00f2nia t\u00e9 un paper molt important en la formaci\u00f3 de les platges com a organisme viu, per\u00f2 tamb\u00e9 com a organisme mort. Les fulles mortes de Posid\u00f2nia s&#8217;acumulen a la platja, on atenuen la for\u00e7a de les ones i retenen la sorra de la platja davant dels temporals de mar. La conservaci\u00f3 de les platges dep\u00e8n en gran part de l&#8217;acumulaci\u00f3 d&#8217;aquests materials.<\/p>\n<p>A m\u00e9s, la platja pr\u00f2piament dita es compon d&#8217;una barreja de materials sedimentaris, restes de closques de mol\u00b7luscos i crustacis (la majoria dels quals arriben juntament amb la posid\u00f2nia) i restes de posid\u00f2nia, que forma capes que retenen i protegeixen l&#8217;arena i amb el temps es degraden fins a formar part de la platja.<\/p>\n<h5><\/h5>\n<div id=\"attachment_1814\" style=\"width: 410px\" class=\"wp-caption alignnone\"><img aria-describedby=\"caption-attachment-1814\" loading=\"lazy\" class=\"size-full wp-image-1814\" alt=\"En aquesta imatge s\u2019observen les capes intercalades d\u2019arena i posid\u00f2nia\" src=\"https:\/\/www.santjosep.org\/wp-content\/uploads\/2013\/11\/arena_posidonia.jpg\" width=\"400\" height=\"300\" srcset=\"https:\/\/www.santjosep.org\/wp-content\/uploads\/2013\/11\/arena_posidonia.jpg 400w, https:\/\/www.santjosep.org\/wp-content\/uploads\/2013\/11\/arena_posidonia-342x256.jpg 342w\" sizes=\"(max-width: 400px) 100vw, 400px\" \/><\/p>\n<p id=\"caption-attachment-1814\" class=\"wp-caption-text\">En aquesta imatge s\u2019observen les capes intercalades d\u2019arena i posid\u00f2nia<\/p>\n<\/div>\n<p>Fins fa uns anys la t\u00f2nica habitual en la gesti\u00f3 d\u2019aquestes restes ha estat la seva retirada durant tot l\u2019any. Aquesta retirada moltes vegades s\u2019ha realitzat sense prendre mesures per minimitzar la retirada d\u2019arena juntament amb la posid\u00f2nia, perjudicant en alguns casos la platja per p\u00e8rdua de sediment. Aquesta posid\u00f2nia barrejada amb arena s\u2019enviava majorit\u00e0riament a l\u2019abocador.<\/p>\n<p>A dia d\u2019avui som conscients del paper fonamental que juguen aquestes restes naturals per\u00f2 sabem tamb\u00e9 que l\u2019activitat tur\u00edstica, principal pilar econ\u00f2mic del municipi, fa recomanable la retirada d\u2019aquestes restes durant els mesos d\u2019estiu.<\/p>\n<p>\u00c9s per aquesta ra\u00f3 que des de fa uns anys s\u2019estan introduint una s\u00e8rie de criteris t\u00e8cnics i ambientals per tal de reduir l\u2019impacte que t\u00e9 sobre la platja aquesta actuaci\u00f3 i basat en els seg\u00fcents principis:<\/p>\n<ul>\n<li>Retirar la posid\u00f2nia nom\u00e9s en temporada tur\u00edstica (abril a octubre) el que permet que les platges estiguin lliures de posid\u00f2nia durant l\u2019estiu.<\/li>\n<li>Realitzar operacions d\u2019anivellament i enterrament de posid\u00f2nia en petites quantitats.<\/li>\n<li>Millorar les operacions a la platja i la maquin\u00e0ria emprada per reduir al m\u00ednim la retirada d\u2019arena amb la posid\u00f2nia i l\u2019impacte sobre el perfil natural de la platja.<\/li>\n<li>Emmagatzemar la posid\u00f2nia en punts d\u2019acumulaci\u00f3 per tal de poder retornar-la-hi.<\/li>\n<li>Retornar al final de temporada la posid\u00f2nia retirada a la platja, i recuperar tamb\u00e9 l\u2019arena que s\u2019havia extret de forma inevitable amb la retirada de posid\u00f2nia. Per altra banda la posid\u00f2nia morta, amb el temps, tamb\u00e9 passar\u00e0 a formar part de la platja.<\/li>\n<\/ul>\n<p>La gesti\u00f3 de la posid\u00f2nia al municipi de Sant Josep de sa Talaia s\u2019inicia aproximadament a principis d\u2019abril (abans de Setmana Santa) i les platges es mantenen lliures de posid\u00f2nia fins a mitjans o finals d\u2019octubre (en funci\u00f3 de la platja, de la temporada i del temps), moment en qu\u00e8 es realitza el retorn de les restes a la platja. Un cop retornada la posid\u00f2nia a la platja es deixa que la natura actu\u00ef. \u00c9s a dir, la gesti\u00f3 fora de temporada consisteix a no tocar la posid\u00f2nia fins a l\u2019inici de la temporada seg\u00fcent.<\/p>\n<p><img loading=\"lazy\" class=\"alignnone size-full wp-image-1816\" alt=\"gestio_posidonia\" src=\"https:\/\/www.santjosep.org\/wp-content\/uploads\/2013\/11\/gestio_posidonia.jpg\" width=\"400\" height=\"300\" srcset=\"https:\/\/www.santjosep.org\/wp-content\/uploads\/2013\/11\/gestio_posidonia.jpg 400w, https:\/\/www.santjosep.org\/wp-content\/uploads\/2013\/11\/gestio_posidonia-342x256.jpg 342w\" sizes=\"(max-width: 400px) 100vw, 400px\" \/><\/p>\n<p>El fet de no dur la posid\u00f2nia a l\u2019abocador tamb\u00e9 suposa un estalvi econ\u00f2mic. A m\u00e9s, es segueix aprofitant una petita part en terrenys, corrals i cases antigues.<\/p>\n<p>Evidentment, a part de la gesti\u00f3 de la posid\u00f2nia, durant la temporada tur\u00edstica es realitza la neteja i garbellat de la platja per tal de retirar residus i adequar-ne l\u2019estat.<\/p>\n<\/div>\n<\/div>\n<div class=\"su-spoiler su-spoiler-style-simple su-spoiler-closed\">\n<div class=\"su-spoiler-title\"><span class=\"su-spoiler-icon\"><\/span><strong>3. Proliferaci\u00f3 d&#8217;algues<\/strong><\/div>\n<div class=\"su-spoiler-content\">\n<p>De vegades apareixen en les nostres platges o ports unes coloracions diferents de les habituals en l&#8217;aigua del mar (verd\u00f3s, marron\u00f3s, vermell\u00f3s, etc). En el nostre municipi s&#8217;ha arribat a donar alguna vegada aquest fenomen, que sobretot s&#8217;ha detectat de manera localitzada a Cala Vadella, Cala Tarida i Port des Torrent.<\/p>\n<div id=\"attachment_1840\" style=\"width: 610px\" class=\"wp-caption alignnone\"><img aria-describedby=\"caption-attachment-1840\" loading=\"lazy\" class=\"size-full wp-image-1840\" alt=\"Exemple de proliferaci\u00f3 d'algues a Cala Tarida\" src=\"https:\/\/www.santjosep.org\/wp-content\/uploads\/2013\/11\/proliferacio_algues.jpg\" width=\"600\" height=\"338\" srcset=\"https:\/\/www.santjosep.org\/wp-content\/uploads\/2013\/11\/proliferacio_algues.jpg 600w, https:\/\/www.santjosep.org\/wp-content\/uploads\/2013\/11\/proliferacio_algues-342x192.jpg 342w\" sizes=\"(max-width: 600px) 100vw, 600px\" \/><\/p>\n<p id=\"caption-attachment-1840\" class=\"wp-caption-text\">Exemple de proliferaci\u00f3 d&#8217;algues a Cala Tarida<\/p>\n<\/div>\n<p>Aquests canvis observats s\u00f3n produ\u00efts per unes algues microsc\u00f2piques conegudes com a fitopl\u00e0ncton. Algunes d&#8217;aquestes algues, sota condicions ambientals favorables (llum, temperatura, nutrients, etc.) creixen desmesuradament i arriben a una elevada concentraci\u00f3, que produeixen que l&#8217;aigua es tenyeixi d&#8217;un color o un altre depenent dels pigments dominants que posseeixi l&#8217;alga en q\u00fcesti\u00f3.<\/p>\n<p>Es un fenomen natural anomenat\u00a0<em>proliferaci\u00f3 algal nociva<\/em>\u00a0(PAN) o\u00a0<em>harmful algal blooms<\/em>\u00a0(HAB) i els llocs m\u00e9s freq\u00fcents on solen apar\u00e8ixer s\u00f3n les aig\u00fces tranquil\u00b7les, m\u00e9s o menys confinades, amb taxes de renovaci\u00f3 de l&#8217;aigua molt baixes. Solen ser, per tant, llocs propers a la costa i a red\u00f3s dels temporals, com platges, badies o ports, i durant els mesos m\u00e9s c\u00e0lids. Aquest fenomen, tot i ser natural, es veu afavorit per l&#8217;acci\u00f3 de l&#8217;home.<\/p>\n<p>De totes maneres no es pot generalitzar at\u00e8s el gran nombre de varietats que hi ha. Actualment diferents institucions n&#8217;estan investigant les causes i els possibles efectes, i buscant les millors mesures per gestionar aquestes proliferacions que poden tenir un impacte econ\u00f2mic important sobre el sector tur\u00edstic.<\/p>\n<\/div>\n<\/div>\n<\/div>\n","protected":false},"excerpt":{"rendered":"<p>La mar \u00a0Mediterr\u00e0nia ha estat el bressol de les civilitzacions antigues m\u00e9s importants. Civilitzacions que com els fenicis o els romans varen arribar a la nostra illa i varen deixar-hi la seva empremta. \u00c9s aquesta mar la que forma part del nostre litoral, juntament amb les nostres platges, sistemes dunars i penya-segats. La import\u00e0ncia del [&hellip;]<\/p>\n","protected":false},"author":1,"featured_media":0,"parent":225,"menu_order":0,"comment_status":"closed","ping_status":"open","template":"page-templates\/page-two-columns.php","meta":[],"_links":{"self":[{"href":"https:\/\/www.santjosep.org\/es\/wp-json\/wp\/v2\/pages\/1238\/"}],"collection":[{"href":"https:\/\/www.santjosep.org\/es\/wp-json\/wp\/v2\/pages\/"}],"about":[{"href":"https:\/\/www.santjosep.org\/es\/wp-json\/wp\/v2\/types\/page\/"}],"author":[{"embeddable":true,"href":"https:\/\/www.santjosep.org\/es\/wp-json\/wp\/v2\/users\/1\/"}],"replies":[{"embeddable":true,"href":"https:\/\/www.santjosep.org\/es\/wp-json\/wp\/v2\/comments\/?post=1238"}],"version-history":[{"count":0,"href":"https:\/\/www.santjosep.org\/es\/wp-json\/wp\/v2\/pages\/1238\/revisions\/"}],"up":[{"embeddable":true,"href":"https:\/\/www.santjosep.org\/es\/wp-json\/wp\/v2\/pages\/225\/"}],"wp:attachment":[{"href":"https:\/\/www.santjosep.org\/es\/wp-json\/wp\/v2\/media\/?parent=1238"}],"curies":[{"name":"wp","href":"https:\/\/api.w.org\/{rel}","templated":true}]}}