{"id":1251,"date":"2013-11-06T12:54:51","date_gmt":"2013-11-06T12:54:51","guid":{"rendered":"https:\/\/www.santjosep.org\/?page_id=1251"},"modified":"2019-05-22T14:06:24","modified_gmt":"2019-05-22T12:06:24","slug":"espacios-protegidos","status":"publish","type":"page","link":"https:\/\/www.santjosep.org\/es\/tu-municipio\/medio-ambiente\/espacios-protegidos\/","title":{"rendered":"Espacios protegidos"},"content":{"rendered":"<p>El municipi de Sant Josep de sa Talaia compta amb una s\u00e8rie d\u2019espais protegits de rellevant import\u00e0ncia entre els quals destaca el Parc Natural de ses Salines. A continuaci\u00f3 podeu consultar la informaci\u00f3 corresponent a cadascun d\u2019ells:<\/p>\n<p><strong>Parc natural de Ses Salines d&#8217;Eivissa i Formentera:<\/strong><\/p>\n<p><a title=\"parc ses salines web govern\" href=\"http:\/\/www.caib.es\/sacmicrofront\/contenido.do?idsite=34&amp;cont=21765\" target=\"_blank\" rel=\"noopener\">Web del Govern de les Illes Balears<\/a><\/p>\n<p><strong>Reserves naturals d&#8217;Es Vedr\u00e0, Es Vedranell i els illots de Ponent:<\/strong><\/p>\n<p><a href=\"http:\/\/ca.balearsnatura.com\/events\/llum-nostre-far\/\">A la llum del nostre far<\/a><\/p>\n<p><a title=\"reserves es vedra vedranell i ponent web govern\" href=\"http:\/\/www.caib.es\/sacmicrofront\/contenido.do?cont=21789&amp;mkey=M34&amp;&amp;lang=ca\" target=\"_blank\" rel=\"noopener\">Web del Govern de les Illes Balears<\/a><\/p>\n<p><a title=\"xarxa natura\" href=\"http:\/\/www.xarxanatura.es\/\" target=\"_blank\" rel=\"noopener\"><strong>Xarxa Natura 2000<\/strong><\/a><\/p>\n<p><strong>Actividades:<\/strong><\/p>\n<p><a href=\"http:\/\/ibanat.mailrelay-iv.es\/newslink\/68834\/6.html\">http:\/\/ca.balearsnatura.com\/parque_natural\/parc-natural-de-ses-salines-deivissa-i-formentera\/<\/a><\/p>\n<p><a href=\"http:\/\/ibanat.mailrelay-iv.es\/newslink\/68834\/5.html\">http:\/\/ca.balearsnatura.com\/parque_natural\/reserves-naturals-des-vedra-es-vedranell-i-els-illots-de-ponent\/<\/a><\/p>\n<p><strong>Tambi\u00e9n pod\u00e9is consultar:\u00a0<\/strong><\/p>\n<ul>\n<li><a href=\"http:\/\/ibanat.mailrelay-iv.es\/newslink\/68834\/22.html\" data-saferedirecturl=\"https:\/\/www.google.com\/url?hl=es&amp;q=http:\/\/ibanat.mailrelay-iv.es\/newslink\/40\/7.html&amp;source=gmail&amp;ust=1498128327357000&amp;usg=AFQjCNHD8e-zUCh4-DDM1lDzI2SlETqbcg\">facebook de Balears Natura<\/a><\/li>\n<li><a href=\"http:\/\/ibanat.mailrelay-iv.es\/newslink\/68834\/3.html\" data-saferedirecturl=\"https:\/\/www.google.com\/url?hl=es&amp;q=http:\/\/ibanat.mailrelay-iv.es\/newslink\/40\/8.html&amp;source=gmail&amp;ust=1498128327357000&amp;usg=AFQjCNGMNNDuCt_h2jG-F-Wg7-rSyL3CkA\">twitter de Balears Natura<\/a><\/li>\n<li><a href=\"http:\/\/ibanat.mailrelay-iv.es\/newslink\/68834\/23.html\" data-saferedirecturl=\"https:\/\/www.google.com\/url?hl=es&amp;q=http:\/\/ibanat.mailrelay-iv.es\/newslink\/40\/9.html&amp;source=gmail&amp;ust=1498128327357000&amp;usg=AFQjCNGLKdsGlcNIcI_6u5bScwEovGG35g\">https:\/\/www.facebook.com\/RRNNVEDRA<\/a><\/li>\n<\/ul>\n<p>&nbsp;<\/p>\n","protected":false},"excerpt":{"rendered":"<p>El municipi de Sant Josep de sa Talaia compta amb una s\u00e8rie d\u2019espais protegits de rellevant import\u00e0ncia entre els quals destaca el Parc Natural de ses Salines. A continuaci\u00f3 podeu consultar la informaci\u00f3 corresponent a cadascun d\u2019ells: Parc natural de Ses Salines d&#8217;Eivissa i Formentera: Web del Govern de les Illes Balears Reserves naturals d&#8217;Es [&hellip;]<\/p>\n","protected":false},"author":1,"featured_media":0,"parent":225,"menu_order":0,"comment_status":"closed","ping_status":"open","template":"page-templates\/page-two-columns.php","meta":[],"_links":{"self":[{"href":"https:\/\/www.santjosep.org\/es\/wp-json\/wp\/v2\/pages\/1251\/"}],"collection":[{"href":"https:\/\/www.santjosep.org\/es\/wp-json\/wp\/v2\/pages\/"}],"about":[{"href":"https:\/\/www.santjosep.org\/es\/wp-json\/wp\/v2\/types\/page\/"}],"author":[{"embeddable":true,"href":"https:\/\/www.santjosep.org\/es\/wp-json\/wp\/v2\/users\/1\/"}],"replies":[{"embeddable":true,"href":"https:\/\/www.santjosep.org\/es\/wp-json\/wp\/v2\/comments\/?post=1251"}],"version-history":[{"count":0,"href":"https:\/\/www.santjosep.org\/es\/wp-json\/wp\/v2\/pages\/1251\/revisions\/"}],"up":[{"embeddable":true,"href":"https:\/\/www.santjosep.org\/es\/wp-json\/wp\/v2\/pages\/225\/"}],"wp:attachment":[{"href":"https:\/\/www.santjosep.org\/es\/wp-json\/wp\/v2\/media\/?parent=1251"}],"curies":[{"name":"wp","href":"https:\/\/api.w.org\/{rel}","templated":true}]}}