{"id":1254,"date":"2013-11-06T13:01:16","date_gmt":"2013-11-06T13:01:16","guid":{"rendered":"https:\/\/www.santjosep.org\/?page_id=1254"},"modified":"2025-03-21T08:45:52","modified_gmt":"2025-03-21T07:45:52","slug":"otros-temas","status":"publish","type":"page","link":"https:\/\/www.santjosep.org\/es\/tu-municipio\/medio-ambiente\/otros-temas\/","title":{"rendered":"Otros temas"},"content":{"rendered":"<div class=\"su-accordion\">\n<div class=\"su-spoiler su-spoiler-style-simple su-spoiler-closed\">\n<div class=\"su-spoiler-title\"><span class=\"su-spoiler-icon\"><\/span><strong>1. Remors<\/strong><\/div>\n<div class=\"su-spoiler-content\">\n<h3>Mapa sorolls i zonificaci\u00f3 ac\u00fastica<strong> <\/strong><\/h3>\n<p>Actualment s\u2019est\u00e0 elaborant el mapa de sorolls i zonificaci\u00f3 ac\u00fastica del municipi de Sant Josep de sa Talaia. Tan aviat com estigui llest es publicar\u00e0 per donar-lo a con\u00e8ixer a tots els habitants.<\/p>\n<h3>Pla d\u2019a\u00efllament ac\u00fastic de l\u2019aeroport d\u2019Eivissa<\/h3>\n<p>Aena est\u00e0 executant un pla d\u2019a\u00efllament ac\u00fastic que suposa l\u2019a\u00efllament dels habitatges que es troben afectats per la petjada ac\u00fastica de l\u2019aeroport, la determinaci\u00f3 de si un habitatge est\u00e0 incl\u00f2s o no dins d\u2019aquesta zona i el procediment d\u2019a\u00efllament est\u00e0 sent gestionat per l\u2019<a title=\"Oficina de Gesti\u00f3n del Plan de Aislamiento Ac\u00fastico\" href=\"https:\/\/sede.aena.gob.es\/csee\/Satellite?Language=ES_ES&amp;SiteName=AdministracionElectronica&amp;c=AdminElec_FP&amp;cid=1237542286754&amp;p=1237542278392&amp;pageid=1227011778998&amp;pagename=AdministracionElectronica&amp;todos=0\" target=\"_blank\">Oficina de Gesti\u00f3n del Plan de Aislamiento Ac\u00fastico<\/a>\u00a0(tel\u00e8fon: 915 903 170).<\/p>\n<p>Podeu veure quina \u00e9s la zona d\u2019aplicaci\u00f3 de Pla d\u2019a\u00efllament ac\u00fastic en el mapa inferior (fer clic en la imatge per descarregar un pdf amb m\u00e9s qualitat):<\/p>\n<p><img loading=\"lazy\" class=\"alignnone size-full wp-image-1845\" alt=\"mapa_isofonas_ok\" src=\"https:\/\/www.santjosep.org\/wp-content\/uploads\/2013\/11\/mapa_isofonas_ok.jpg\" width=\"600\" height=\"386\" srcset=\"https:\/\/www.santjosep.org\/wp-content\/uploads\/2013\/11\/mapa_isofonas_ok.jpg 600w, https:\/\/www.santjosep.org\/wp-content\/uploads\/2013\/11\/mapa_isofonas_ok-342x220.jpg 342w\" sizes=\"(max-width: 600px) 100vw, 600px\" \/><\/p>\n<p>Si creieu que el vostre habitatge est\u00e0 incl\u00f2s dins d\u2019aquesta zona i Aena no s\u2019ha posat en contacte amb vosaltres de manera oficial, truqueu al tel\u00e8fon indicat anteriorment per sol\u00b7licitar informaci\u00f3 pel que fa al cas.<\/p>\n<\/div>\n<\/div>\n<div class=\"su-spoiler su-spoiler-style-simple su-spoiler-closed\">\n<div class=\"su-spoiler-title\"><span class=\"su-spoiler-icon\"><\/span><strong>2. Compostatge<\/strong><\/div>\n<div class=\"su-spoiler-content\">\n<h3>Vols aprendre a fer compost?<\/h3>\n<p><img loading=\"lazy\" class=\"alignleft size-full wp-image-1847\" alt=\"compostatge\" src=\"https:\/\/www.santjosep.org\/wp-content\/uploads\/2013\/11\/compostatge.jpg\" width=\"144\" height=\"107\" \/>L&#8217;Ajuntament de Sant Josep de sa Talaia, juntament amb\u00a0<a title=\"web amics de la terra\" href=\"http:\/\/www.amics-terra.org\/spip\/\" target=\"_blank\">Amics de la Terra<\/a>, organitza durant \u00a0l\u2019any tota una s\u00e8rie de tallers de compostatge per a aquella gent interessada a aprendre com elaborar compost a partir de la mat\u00e8ria org\u00e0nica de les restes de menjar, de jardineria i poda o dels horts.<\/p>\n<p>L&#8217;objectiu del taller \u00e9s ensenyar a fer compost a casa amb els materials necessaris i en les condicions adequades. Amb aquest taller es vol aconseguir no nom\u00e9s reduir la quantitat de mat\u00e8ria org\u00e0nica que es gestiona com a residu amb la brossa general i proporcionar les eines necess\u00e0ries als participants per poder ser autosuficients en la producci\u00f3 de compost, sin\u00f3 conscienciar els ciutadans de la possibilitat de valoritzar materials (mat\u00e8ria org\u00e0nica) que habitualment tenen consideraci\u00f3 de residus.<\/p>\n<p><img loading=\"lazy\" class=\"alignnone size-full wp-image-1849\" alt=\"compostatge2\" src=\"https:\/\/www.santjosep.org\/wp-content\/uploads\/2013\/11\/compostatge2.jpg\" width=\"300\" height=\"226\" srcset=\"https:\/\/www.santjosep.org\/wp-content\/uploads\/2013\/11\/compostatge2.jpg 300w, https:\/\/www.santjosep.org\/wp-content\/uploads\/2013\/11\/compostatge2-167x127.jpg 167w\" sizes=\"(max-width: 300px) 100vw, 300px\" \/> \u00a0 \u00a0 <img loading=\"lazy\" class=\"alignnone size-full wp-image-1851\" alt=\"compostatge3\" src=\"https:\/\/www.santjosep.org\/wp-content\/uploads\/2013\/11\/compostatge3.jpg\" width=\"300\" height=\"224\" \/><\/p>\n<p>El taller consisteix en una jornada teoricopr\u00e0ctica sobre compostatge de 3 hores on es lliura a cada participant un compostador a un cost simb\u00f2lic de 20 \u20ac, sent el preu de mercat d&#8217;aquest model d&#8217;aproximadament uns 100 \u20ac. Passats dos mesos de la jornada es realitzar\u00e0 una visita de seguiment a les fam\u00edlies participants per ajudar en l&#8217;elaboraci\u00f3 del compost a casa. A m\u00e9s, durant tot el per\u00edode, hi haur\u00e0 un servei de consultes telef\u00f2niques disponibles.<\/p>\n<\/div>\n<\/div>\n<div class=\"su-spoiler su-spoiler-style-simple su-spoiler-closed\">\n<div class=\"su-spoiler-title\"><span class=\"su-spoiler-icon\"><\/span><strong>3. Tala d\u2019arbres i autoritzacions per fer foc<\/strong><\/div>\n<div class=\"su-spoiler-content\">\n<p>Tant la tala d\u2019arbres com l\u2019\u00fas de foc en zones r\u00fastiques i forestals s\u00f3n compet\u00e8ncia del Govern Balear. Abans de portar a terme aquestes activitats us heu de posar en contacte amb la Conselleria de Media Ambient trucant al tel\u00e8fon 971 301460, on us informaran dels\u00a0<a title=\"tr\u00e0mits\" href=\"http:\/\/www.caib.es\/sacmicrofront\/procedimientos.do?idsite=472&amp;mcont=18426\" target=\"_blank\">tr\u00e0mits a seguir en cada cas<\/a>.<\/p>\n<p>En el cas de la tala d\u2019arbres en zones urbanes heu de demanar una autoritzaci\u00f3 a l\u2019Ajuntament per mitj\u00e0 de la presentaci\u00f3 d\u2019una sol\u00b7licitud per escrit en el registre d\u2019entrada.<\/p>\n<h3>Poda de palmeres<\/h3>\n<p>En el cas concret de la poda, transport i gesti\u00f3 de les restes de palmeres \u00e9s obligatori contactar amb el Consell d&#8217;Eivissa abans de realitzar qualsevol actuaci\u00f3. El seu departament d&#8217;Agricultura i Medi Ambient (Tel: 971195900) us informar\u00e0 dels tr\u00e0mits i procediments a seguir per tal de minimitzar els efectes i l&#8217;expansi\u00f3 de la plaga del becut vermell (Rhynchophorus ferrugineus).<\/p>\n<\/div>\n<\/div>\n<\/div>\n","protected":false},"excerpt":{"rendered":"","protected":false},"author":1,"featured_media":0,"parent":225,"menu_order":0,"comment_status":"closed","ping_status":"open","template":"page-templates\/page-two-columns.php","meta":[],"_links":{"self":[{"href":"https:\/\/www.santjosep.org\/es\/wp-json\/wp\/v2\/pages\/1254\/"}],"collection":[{"href":"https:\/\/www.santjosep.org\/es\/wp-json\/wp\/v2\/pages\/"}],"about":[{"href":"https:\/\/www.santjosep.org\/es\/wp-json\/wp\/v2\/types\/page\/"}],"author":[{"embeddable":true,"href":"https:\/\/www.santjosep.org\/es\/wp-json\/wp\/v2\/users\/1\/"}],"replies":[{"embeddable":true,"href":"https:\/\/www.santjosep.org\/es\/wp-json\/wp\/v2\/comments\/?post=1254"}],"version-history":[{"count":0,"href":"https:\/\/www.santjosep.org\/es\/wp-json\/wp\/v2\/pages\/1254\/revisions\/"}],"up":[{"embeddable":true,"href":"https:\/\/www.santjosep.org\/es\/wp-json\/wp\/v2\/pages\/225\/"}],"wp:attachment":[{"href":"https:\/\/www.santjosep.org\/es\/wp-json\/wp\/v2\/media\/?parent=1254"}],"curies":[{"name":"wp","href":"https:\/\/api.w.org\/{rel}","templated":true}]}}