{"id":13,"date":"2013-07-23T15:16:56","date_gmt":"2013-07-23T13:16:56","guid":{"rendered":"https:\/\/www.santjosep.org\/?page_id=13"},"modified":"2024-05-31T12:39:53","modified_gmt":"2024-05-31T10:39:53","slug":"corporacion-municipal","status":"publish","type":"page","link":"https:\/\/www.santjosep.org\/es\/tu-ayuntamiento\/corporacion-municipal\/","title":{"rendered":"Corporaci\u00f3n Municipal"},"content":{"rendered":"<div class=\"su-column su-column-size-1-3\">\n<div class=\"su-column-inner\">\n<img loading=\"lazy\" src=\"https:\/\/www.santjosep.org\/wp-content\/uploads\/2023\/07\/pp.png\" alt=\"\" width=\"175\" height=\"35\" class=\"alignleft size-full wp-image-55400\" srcset=\"https:\/\/www.santjosep.org\/wp-content\/uploads\/2023\/07\/pp.png 175w, https:\/\/www.santjosep.org\/wp-content\/uploads\/2023\/07\/pp-45x9.png 45w\" sizes=\"(max-width: 175px) 100vw, 175px\" \/>\n<\/div>\n<\/div>\n<div class=\"su-column su-column-size-2-3\">\n<div class=\"su-column-inner\">\n<a title=\"L\u2019alcalde\" href=\"https:\/\/www.santjosep.org\/el-teu-ajuntament\/lalcalde\/\">Sr. Vicent Roig Tur<\/a><br \/>\nSra. Mar\u00eda Nieves Bonet<br \/>\nSr. Vicente Juan Torres<br \/>\nSr. Juan Francisco Ribas<br \/>\nSra. Marilina Serra<br \/>\nSra. Mar\u00eda Jos\u00e9 R\u00edos<br \/>\nSr. Juan Cardona<br \/>\nSra. Felicia Boc\u00fa<br \/>\nSra. Mar\u00eda Isabel Castellar<br \/>\nSra. Lourdes Mar\u00ed<\/p>\n<p>Portavoz: Sr. Vicente Juan Torres<br \/>\nPortavoz suplente: Sra. Mar\u00eda Nieves Bonet <\/p>\n<\/div>\n<\/div>\n<div class=\"su-divider\"><\/div>\n<div class=\"su-column su-column-size-1-3\">\n<div class=\"su-column-inner\">\n<img loading=\"lazy\" src=\"https:\/\/www.santjosep.org\/wp-content\/uploads\/2023\/07\/psoe.png\" alt=\"\" width=\"150\" height=\"\" class=\"alignleft size-full wp-image-55403\" srcset=\"https:\/\/www.santjosep.org\/wp-content\/uploads\/2023\/07\/psoe.png 175w, https:\/\/www.santjosep.org\/wp-content\/uploads\/2023\/07\/psoe-45x21.png 45w\" sizes=\"(max-width: 175px) 100vw, 175px\" \/><br \/>\n<span style=\"line-height: 1.714285714; font-size: 1rem;\"><\/div>\n<\/div>\n<p><\/span><\/p>\n<div class=\"su-column su-column-size-2-3\">\n<div class=\"su-column-inner\">\nSra. Pilar Ribas<br \/>\nSr. Vicent Xavier Rosell\u00f3<br \/>\nSra. Mar\u00eda Presentaci\u00f3n Ortiz<br \/>\nSr. Jos\u00e9 Guasch<br \/>\nSra. Cristina Ribas<br \/>\nSr. Vicent Ribas<br \/>\nSra. Mar\u00eda \u00c1ngeles Mar\u00ed<\/p>\n<p>Portavoz: Sra. Pilar Ribas<br \/>\nPortavoz suplente: Sr. Vicent Xavier Rosell\u00f3 <\/p>\n<\/div>\n<\/div>\n<div class=\"su-divider\"><\/div>\n<div class=\"su-column su-column-size-1-3\">\n<div class=\"su-column-inner\">\n<img loading=\"lazy\" src=\"https:\/\/www.santjosep.org\/wp-content\/uploads\/2023\/07\/vox.png\" alt=\"\" width=\"145\" height=\"\" class=\"alignleft size-full wp-image-55406\" srcset=\"https:\/\/www.santjosep.org\/wp-content\/uploads\/2023\/07\/vox.png 175w, https:\/\/www.santjosep.org\/wp-content\/uploads\/2023\/07\/vox-45x23.png 45w\" sizes=\"(max-width: 175px) 100vw, 175px\" \/>\n<\/div>\n<\/div>\n<div class=\"su-column su-column-size-2-3\">\n<div class=\"su-column-inner\">\nSra. Araceli Colomar<br \/>\nSra. Raquel Ripoll<\/p>\n<p>Portavoz: Sra. Araceli Colomar<br \/>\nPortavoz suplente: Sra. Raquel Ripoll\n<\/p><\/div>\n<\/div>\n<div class=\"su-divider\"><\/div>\n<div class=\"su-column su-column-size-1-3\">\n<div class=\"su-column-inner\">\n<img loading=\"lazy\" src=\"https:\/\/www.santjosep.org\/wp-content\/uploads\/2023\/07\/Logo-Ara-Eivissa-AM-color.jpg\" alt=\"\" width=\"135\" height=\"\" class=\"alignleft size-full wp-image-55409\" srcset=\"https:\/\/www.santjosep.org\/wp-content\/uploads\/2023\/07\/Logo-Ara-Eivissa-AM-color.jpg 150w, https:\/\/www.santjosep.org\/wp-content\/uploads\/2023\/07\/Logo-Ara-Eivissa-AM-color-45x43.jpg 45w\" sizes=\"(max-width: 150px) 100vw, 150px\" \/>\n<\/div>\n<\/div>\n<div class=\"su-column su-column-size-2-3\">\n<div class=\"su-column-inner\">\nSr. Josep Antoni Prats<\/p>\n<p>Portavoz: Sr. Josep Antonio Prats\n<\/p><\/div>\n<\/div>\n<div class=\"su-divider\"><\/div>\n<div class=\"su-column su-column-size-1-3\">\n<div class=\"su-column-inner\">\n<img loading=\"lazy\" src=\"https:\/\/www.santjosep.org\/wp-content\/uploads\/2023\/07\/podemos.jpg\" alt=\"\" width=\"175\" height=\"52\" class=\"alignleft size-full wp-image-55412\" srcset=\"https:\/\/www.santjosep.org\/wp-content\/uploads\/2023\/07\/podemos.jpg 175w, https:\/\/www.santjosep.org\/wp-content\/uploads\/2023\/07\/podemos-45x13.jpg 45w\" sizes=\"(max-width: 175px) 100vw, 175px\" \/>\n<\/div>\n<\/div>\n<div class=\"su-column su-column-size-2-3\">\n<div class=\"su-column-inner\">\nSra. M\u00f3nica Fern\u00e1ndez<\/p>\n<p>Portavoz: Sra. M\u00f3nica Fern\u00e1ndez\n<\/p><\/div>\n<\/div>\n<div class=\"su-divider\"><\/div>\n","protected":false},"excerpt":{"rendered":"","protected":false},"author":1,"featured_media":0,"parent":5,"menu_order":0,"comment_status":"closed","ping_status":"closed","template":"page-templates\/page-two-columns.php","meta":[],"_links":{"self":[{"href":"https:\/\/www.santjosep.org\/es\/wp-json\/wp\/v2\/pages\/13\/"}],"collection":[{"href":"https:\/\/www.santjosep.org\/es\/wp-json\/wp\/v2\/pages\/"}],"about":[{"href":"https:\/\/www.santjosep.org\/es\/wp-json\/wp\/v2\/types\/page\/"}],"author":[{"embeddable":true,"href":"https:\/\/www.santjosep.org\/es\/wp-json\/wp\/v2\/users\/1\/"}],"replies":[{"embeddable":true,"href":"https:\/\/www.santjosep.org\/es\/wp-json\/wp\/v2\/comments\/?post=13"}],"version-history":[{"count":0,"href":"https:\/\/www.santjosep.org\/es\/wp-json\/wp\/v2\/pages\/13\/revisions\/"}],"up":[{"embeddable":true,"href":"https:\/\/www.santjosep.org\/es\/wp-json\/wp\/v2\/pages\/5\/"}],"wp:attachment":[{"href":"https:\/\/www.santjosep.org\/es\/wp-json\/wp\/v2\/media\/?parent=13"}],"curies":[{"name":"wp","href":"https:\/\/api.w.org\/{rel}","templated":true}]}}