{"id":205,"date":"2013-08-29T12:36:28","date_gmt":"2013-08-29T12:36:28","guid":{"rendered":"https:\/\/www.santjosep.org\/?page_id=205"},"modified":"2025-08-19T08:49:45","modified_gmt":"2025-08-19T06:49:45","slug":"sanidad","status":"publish","type":"page","link":"https:\/\/www.santjosep.org\/es\/tu-municipio\/sanidad\/","title":{"rendered":"Sanidad"},"content":{"rendered":"<p><a href='https:\/\/www.santjosep.org\/es\/tu-municipio\/sanidad\/centros-de-atencion-primaria' class='ss-stethoscope pika_landing'>Centros de<br \/>\natenci\u00f3n<br \/>\nprimaria<\/a><\/p>\n<p><a href='https:\/\/www.santjosep.org\/es\/tu-municipio\/sanidad\/farmacias' class='ss-medicalcross pika_landing'>Farmacias<\/a><\/p>\n<p><a href='https:\/\/www.santjosep.org\/es\/tu-municipio\/sanidad\/cementerios' class='ss-evergreen pika_landing'>Cementerios<\/a><\/p>\n<div class=\"su-divider\"><\/div>\n<div id=\"ultimas_noticias\">\n<h2>\u00daltimas noticias<\/h2>\n<div class=\"cf_lft pt_20\" style=\"width:100%\"><img width=\"167\" height=\"127\" src=\"https:\/\/www.santjosep.org\/wp-content\/uploads\/2026\/05\/2025_miniolimpi\u0301ades_rugby-167x127.jpg\" class=\"attachment-thumbnail size-thumbnail wp-post-image\" alt=\"\" loading=\"lazy\" srcset=\"https:\/\/www.santjosep.org\/wp-content\/uploads\/2026\/05\/2025_miniolimpi\u0301ades_rugby-167x127.jpg 167w, https:\/\/www.santjosep.org\/wp-content\/uploads\/2026\/05\/2025_miniolimpi\u0301ades_rugby-45x34.jpg 45w\" sizes=\"(max-width: 167px) 100vw, 167px\" \/><a href=\"https:\/\/www.santjosep.org\/es\/noticia\/sant-josep-reuneix-1-757-escolars-en-una-nova-edicio-de-les-miniolimpiades-escolars\/\">Sant Josep re\u00fane a 1.757 escolares en una nueva edici\u00f3n de las Miniolimpiadas Escolares<\/a><\/p>\n<div>6 mayo, 2026<\/div>\n<p>Sant Josep de sa Talaia, 6 de maig de 2026<\/p>\n<p>El Ayuntamiento de Sant Josep de sa Talaia organiza una nueva&#8230;<\/p>\n<\/div>\n<div class=\"cf_lft pt_20\" style=\"width:100%\"><img width=\"167\" height=\"127\" src=\"https:\/\/www.santjosep.org\/wp-content\/uploads\/2026\/05\/FOTO-PEP-167x127.jpg\" class=\"attachment-thumbnail size-thumbnail wp-post-image\" alt=\"\" loading=\"lazy\" \/><a href=\"https:\/\/www.santjosep.org\/es\/noticia\/centre-de-cultura-de-can-jeroni-inaugura-lexposicio-histories-de-materials-oblidats-de-pep-monerris-bagaix\/\">El Centro de Cultura de Can Jeroni inaugura la exposici\u00f3n Historias de Materiales Olvidados de Pep Monerris \u201cBagaix\u201d<\/a><\/p>\n<div>6 mayo, 2026<\/div>\n<p>Sant Josep de sa Talaia, 6 de maig de 2026<\/p>\n<p>El Centro de Cultura de Can Jeroni inaugura este viernes, a&#8230;<\/p>\n<\/div>\n<div class=\"cf_lft pt_20\" style=\"width:100%\"><img width=\"167\" height=\"127\" src=\"https:\/\/www.santjosep.org\/wp-content\/uploads\/2026\/05\/santjosepcontraelcancer_xec-167x127.jpeg\" class=\"attachment-thumbnail size-thumbnail wp-post-image\" alt=\"\" loading=\"lazy\" srcset=\"https:\/\/www.santjosep.org\/wp-content\/uploads\/2026\/05\/santjosepcontraelcancer_xec-167x127.jpeg 167w, https:\/\/www.santjosep.org\/wp-content\/uploads\/2026\/05\/santjosepcontraelcancer_xec-45x34.jpeg 45w\" sizes=\"(max-width: 167px) 100vw, 167px\" \/><a href=\"https:\/\/www.santjosep.org\/es\/noticia\/sant-josep-contra-el-cancer-tanca-ledicio-2026-amb-1-600-euros-recaptats-al-torneig-solidari-de-padel\/\">Sant Josep contra el C\u00e1ncer cierra la edici\u00f3n 2026 con 1.600 euros recaudados en el torneo solidario de p\u00e1del<\/a><\/p>\n<div>6 mayo, 2026<\/div>\n<p>Sant Josep contra el C\u00e1ncer ha puesto el punto final a la edici\u00f3n de este a\u00f1o con la celebraci\u00f3n del&#8230;<\/p>\n<\/div>\n<\/div>\n<p>&nbsp;<\/p>\n","protected":false},"excerpt":{"rendered":"<p>&nbsp;<\/p>\n","protected":false},"author":1,"featured_media":0,"parent":197,"menu_order":0,"comment_status":"closed","ping_status":"open","template":"page-templates\/page-landing.php","meta":[],"_links":{"self":[{"href":"https:\/\/www.santjosep.org\/es\/wp-json\/wp\/v2\/pages\/205\/"}],"collection":[{"href":"https:\/\/www.santjosep.org\/es\/wp-json\/wp\/v2\/pages\/"}],"about":[{"href":"https:\/\/www.santjosep.org\/es\/wp-json\/wp\/v2\/types\/page\/"}],"author":[{"embeddable":true,"href":"https:\/\/www.santjosep.org\/es\/wp-json\/wp\/v2\/users\/1\/"}],"replies":[{"embeddable":true,"href":"https:\/\/www.santjosep.org\/es\/wp-json\/wp\/v2\/comments\/?post=205"}],"version-history":[{"count":1,"href":"https:\/\/www.santjosep.org\/es\/wp-json\/wp\/v2\/pages\/205\/revisions\/"}],"predecessor-version":[{"id":61395,"href":"https:\/\/www.santjosep.org\/es\/wp-json\/wp\/v2\/pages\/205\/revisions\/61395\/"}],"up":[{"embeddable":true,"href":"https:\/\/www.santjosep.org\/es\/wp-json\/wp\/v2\/pages\/197\/"}],"wp:attachment":[{"href":"https:\/\/www.santjosep.org\/es\/wp-json\/wp\/v2\/media\/?parent=205"}],"curies":[{"name":"wp","href":"https:\/\/api.w.org\/{rel}","templated":true}]}}