{"id":2412,"date":"2013-11-19T09:05:10","date_gmt":"2013-11-19T08:05:10","guid":{"rendered":"https:\/\/www.santjosep.org\/?page_id=2412"},"modified":"2025-12-02T12:39:09","modified_gmt":"2025-12-02T11:39:09","slug":"padron-de-habitantes","status":"publish","type":"page","link":"https:\/\/www.santjosep.org\/es\/tramites-y-gestiones\/padron-de-habitantes\/","title":{"rendered":"Padr\u00f3n de habitantes"},"content":{"rendered":"<h2>INSCRIPCI\u00d3N EN EL PADR\u00d3N MUNICIPAL DE HABITANTES<\/h2>\n<p>Para la inscripci\u00f3n en el Padr\u00f3n Municipal de Habitantes deber\u00e1 solicitarse cita previa en los siguientes tel\u00e9fonos:<br \/>\nAyuntamiento:  971 800125<br \/>\nOf. Municipales de Cala de Bou: 871 556 649<br \/>\nOf. Municipales de Sant Jordi: 871 554 367<br \/>\nNo se atender\u00e1 sin cita previa.<\/p>\n<p><strong>Normativa legal<\/strong><\/p>\n<p>Ley 7\/1985, de 2 de abril, Reguladora de las Bases de R\u00e9gimen Local y Reglamento de Poblaci\u00f3n y Demarcaci\u00f3n Territorial de las Entidades Locales aprobado por el Real Decreto 1690\/1986 de 11 de julio.<\/p>\n<p>Toda persona que viva en Espa\u00f1a est\u00e1 <strong>obligada a inscribirse en el Padr\u00f3n del municipio donde reside habitualmente<\/strong>. Quienes vivan en m\u00e1s de un municipio se inscribir\u00e1n en el que residan durante m\u00e1s tiempo al a\u00f1o.<\/p>\n<p>El Padr\u00f3n Municipal es el registro administrativo donde constan los vecinos del municipio. Sus datos constituyen prueba de la residencia en el municipio y del domicilio habitual en el mismo y son utilizados para la actualizaci\u00f3n del Censo Electoral.<\/p>\n<p>Los vecinos deben comunicar las variaciones en sus datos de inscripci\u00f3n, especialmente los <strong>cambios de domicilio<\/strong> dentro del t\u00e9rmino municipal.<\/p>\n<p>Los menores de edad no emancipados y los mayores incapacitados deben \ufb01gurar empadronados con los padres que tengan su guarda o custodia o, en su defecto, con sus representantes legales, salvo autorizaci\u00f3n por escrito de estos para residir en otro domicilio.<\/p>\n<p>El plazo m\u00e1ximo para resolver el empadronamiento es de tres meses a partir de la solicitud, seg\u00fan lo establecido en el art\u00edculo 21.3 de la Ley 39\/2015, de 1 de octubre, del Procedimiento Administrativo Com\u00fan de las Administraciones P\u00fablicas.<\/p>\n<p>Los datos del Padr\u00f3n Municipal podr\u00e1n ser cedidos de conformidad con la legislaci\u00f3n vigente en materia de protecci\u00f3n de datos, pudiendo ejercer el interesado los derechos de acceso, recti\ufb01caci\u00f3n, cancelaci\u00f3n y oposici\u00f3n ante el Ayuntamiento, todo lo cual se informa en cumplimiento del art\u00edculo 5 de la Ley Org\u00e1nica 15\/1999 de 13 de diciembre, de Protecci\u00f3n de Datos de Car\u00e1cter Personal.<\/p>\n<p><strong>Instrucciones para cumplimentar la hoja<\/strong><\/p>\n<p>Escriba en letras may\u00fasculas, indicando con claridad todos los datos que corresponden a cada una de las personas que se inscriben en la hoja.<\/p>\n<p>&#8211; El nombre y los apellidos se transcribir\u00e1n del mismo modo que \ufb01gure en su documento de identidad.<\/p>\n<p>&#8211; Para la cumplimentaci\u00f3n del Nivel de Estudios terminados se consignar\u00e1 el certi\ufb01cado o t\u00edtulo escolar o acad\u00e9mico que se posea mediante el c\u00f3digo correspondiente de la tabla de C\u00f3digos de Nivel de Estudios.<\/p>\n<p>&#8211; Cumplimente la causa de la inscripci\u00f3n\/modi\ufb01caci\u00f3n:<\/p>\n<p>1. Si se solicita la inscripci\u00f3n por traslado de residencia, marque con equis (X) la casilla \u201cCambio de Residencia\u201d, e indique la provincia y el municipio de procedencia. Si procede del extranjero, indique el pa\u00eds y, en su caso, el consulado espa\u00f1ol donde estaba inscrito.<\/p>\n<p>2. Si se trata de la inscripci\u00f3n de una persona que no estuviera empadronada o que desconociera el municipio de su anterior inscripci\u00f3n padronal, marque con equis (X) la casilla \u201cAlta por Omisi\u00f3n\u201d.<\/p>\n<p>3. Para la inscripci\u00f3n de reci\u00e9n nacidos, marque con equis (X) la casilla \u201cNacimiento\u201d.<\/p>\n<p>4. En el caso de cambio de domicilio dentro de este municipio, marque con equis (X) la casilla \u201cCambio de domicilio\u201d. 5.- Si se modi\ufb01ca alguno de los datos personales de la inscripci\u00f3n marque con (X) la casilla \u201cDatos personales\u201d.<\/p>\n<p>&#8211; Autorizaci\u00f3n de persona empadronada. Este apartado se cumplimentar\u00e1 cuando en la vivienda \ufb01guren otras personas empadronadas. La autorizaci\u00f3n deber\u00e1 \ufb01rmarse por alguna persona mayor de edad inscrita que disponga de t\u00edtulo acreditativo de la posesi\u00f3n efectiva de la vivienda (propiedad, alquiler&#8230;).<\/p>\n<p>&#8211; La hoja debe ser \ufb01rmada por todas las personas mayores de edad inscritas en la misma.<\/p>\n<p>&#8211; Rellene la casilla \u201cN\u00famero total de personas inscritas en esta hoja\u201d para garantizar la inalterabilidad de los espacios que hayan podido quedar en blanco.<\/p>\n<p>&#8211; Si tiene alguna duda, consulte con el Ayuntamiento.<\/p>\n<p>&#8211; AVISO IMPORTANTE: LA FALSEDAD EN LOS DATOS DECLARADOS PUEDE SER CONSTITUTIVA DE DELITO.<\/p>\n<p><strong>Documentaci\u00f3n a presentar para realizar la inscripci\u00f3n\/modi\ufb01ciaci\u00f3n<\/strong><\/p>\n<p><strong>Hoja padronal cumplimentada y \ufb01rmada.<\/strong><\/p>\n<p><strong>Documentaci\u00f3n acreditativa de la identidad:<\/strong><\/p>\n<p>Espa\u00f1oles: DNI (obligatorio para mayores de 14 a\u00f1os) o Libro de Familia o Certi\ufb01cado de nacimiento para menores de 14 a\u00f1os que no dispongan de DNI.<\/p>\n<p><span style=\"text-decoration: underline;\">Extranjeros (mayores de edad, menores nacidos en el extranjero y menores nacidos en Espa\u00f1a con m\u00e1s de 3 meses):<\/span><\/p>\n<p>&#8211; Ciudadanos de Estados miembros de la Uni\u00f3n Europea, Islandia, Liechtenstein, Noruega y Suiza: Certi\ufb01cado de Registro de Ciudadano de la Uni\u00f3n, en el que consta el N\u00famero de Identidad de Extranjero (NIE), junto con el documento acreditativo de la identidad o pasaporte expedido por las autoridades de su pa\u00eds.<\/p>\n<p>&#8211; Resto: Tarjeta de identidad de extranjero expedida por las autoridades espa\u00f1olas, en la que consta el N\u00famero de Identidad de Extranjero (NIE) o, en su defecto, pasaporte expedido por las autoridades de su pa\u00eds.<\/p>\n<p><span style=\"text-decoration: underline;\">Extranjeros menores nacidos en Espa\u00f1a con menos de 3 meses:<\/span><\/p>\n<p>Libro de Familia o Certi\ufb01cado de nacimiento expedido por autoridades espa\u00f1olas, en caso de que no dispongan de un documento de identi\ufb01caci\u00f3n.<\/p>\n<p><strong>Los documentos de identi\ufb01caci\u00f3n deben estar en vigor.<\/strong><\/p>\n<p><strong>Documentaci\u00f3n acreditativa de representaci\u00f3n de menores e incapacitados<\/strong><\/p>\n<p><span style=\"text-decoration: underline;\">Menores no emancipados<\/span>: Libro de Familia o Certi\ufb01cado de nacimiento. En casos de separaci\u00f3n o divorcio, la resoluci\u00f3n judicial que acredite su guarda y custodia.<\/p>\n<p>Cuando se solicite la inscripci\u00f3n de un menor con uno solo de sus progenitores, se debe presentar la autorizaci\u00f3n del otro para el empadronamiento o, en su defecto, declaraci\u00f3n responsable \ufb01rmada por el que realiza la solicitud de tener la guarda y custodia del menor y capacidad legal su\ufb01ciente para hacer la inscripci\u00f3n, seg\u00fan el modelo suministrado por el Ayuntamiento.<\/p>\n<p><span style=\"text-decoration: underline;\">Incapacitados<\/span>: Resoluci\u00f3n judicial que acredite la representaci\u00f3n legal.<\/p>\n<p><strong>Documentaci\u00f3n acreditativa del domicilio<\/strong><\/p>\n<p>&#8211; T\u00edtulo de propiedad (Escritura, contrato de compraventa, Nota del Registro&#8230;).<\/p>\n<p>&#8211; Contrato vigente de arrendamiento de vivienda para uso de residencia habitual acompa\u00f1ado del \u00faltimo recibo de alquiler.<\/p>\n<p>&#8211; En caso de Autorizaci\u00f3n de persona empadronada: t\u00edtulo acreditativo de la posesi\u00f3n efectiva de la vivienda (propiedad, alquiler&#8230;) a nombre de la misma.<\/p>\n<p>Cuando se cumplimenten o presenten autorizaciones se acompa\u00f1ar\u00e1n fotocopias de los documentos de identidad de los autorizantes.<\/p>\n<p class=\"ss-pdf textedit\"><a href=\"https:\/\/www.santjosep.org\/wp-content\/uploads\/2013\/11\/Padron-municipal-Sant-Josep-2017.pdf\" target=\"_blank\">Hoja de inscripci\u00f3n o modificaci\u00f3n<\/a><\/p>\n","protected":false},"excerpt":{"rendered":"<p>INSCRIPCI\u00d3N EN EL PADR\u00d3N MUNICIPAL DE HABITANTES Para la inscripci\u00f3n en el Padr\u00f3n Municipal de Habitantes deber\u00e1 solicitarse cita previa en los siguientes tel\u00e9fonos: Ayuntamiento: 971 800125 Of. Municipales de Cala de Bou: 871 556 649 Of. Municipales de Sant Jordi: 871 554 367 No se atender\u00e1 sin cita previa. Normativa legal Ley 7\/1985, de [&hellip;]<\/p>\n","protected":false},"author":1,"featured_media":0,"parent":283,"menu_order":0,"comment_status":"closed","ping_status":"open","template":"page-templates\/page-landing.php","meta":[],"_links":{"self":[{"href":"https:\/\/www.santjosep.org\/es\/wp-json\/wp\/v2\/pages\/2412\/"}],"collection":[{"href":"https:\/\/www.santjosep.org\/es\/wp-json\/wp\/v2\/pages\/"}],"about":[{"href":"https:\/\/www.santjosep.org\/es\/wp-json\/wp\/v2\/types\/page\/"}],"author":[{"embeddable":true,"href":"https:\/\/www.santjosep.org\/es\/wp-json\/wp\/v2\/users\/1\/"}],"replies":[{"embeddable":true,"href":"https:\/\/www.santjosep.org\/es\/wp-json\/wp\/v2\/comments\/?post=2412"}],"version-history":[{"count":1,"href":"https:\/\/www.santjosep.org\/es\/wp-json\/wp\/v2\/pages\/2412\/revisions\/"}],"predecessor-version":[{"id":62549,"href":"https:\/\/www.santjosep.org\/es\/wp-json\/wp\/v2\/pages\/2412\/revisions\/62549\/"}],"up":[{"embeddable":true,"href":"https:\/\/www.santjosep.org\/es\/wp-json\/wp\/v2\/pages\/283\/"}],"wp:attachment":[{"href":"https:\/\/www.santjosep.org\/es\/wp-json\/wp\/v2\/media\/?parent=2412"}],"curies":[{"name":"wp","href":"https:\/\/api.w.org\/{rel}","templated":true}]}}