{"id":2414,"date":"2013-11-19T09:06:08","date_gmt":"2013-11-19T09:06:08","guid":{"rendered":"https:\/\/www.santjosep.org\/?page_id=2414"},"modified":"2016-02-09T12:07:46","modified_gmt":"2016-02-09T12:07:46","slug":"aperturas-y-actividades","status":"publish","type":"page","link":"https:\/\/www.santjosep.org\/es\/tramites-y-gestiones\/aperturas-y-actividades\/","title":{"rendered":"Aperturas y actividades"},"content":{"rendered":"<h2 class=\"ss-mail\">Informaci\u00f3n y consultas<\/h2>\n<div style=\"clear: left;\">&#8211;\u00a0Para consultas generales de tramitaci\u00f3n de actividades permanentes: <a href=\"mailto:nieves@santjosep.org\" target=\"_blank\">nieves@santjosep.org<\/a><br \/>\n&#8211; Para consultas generales de tramitaci\u00f3n de actividades no permanentes: <a href=\"mailto:obertures@santjosep.org\" target=\"_blank\">obertures@santjosep.org<\/a><br \/>\n&#8211; Para consultas t\u00e9cnicas de actividades: <a href=\"mailto:tecnico_industrial@santjosep.org\" target=\"_blank\">tecnico_industrial@santjosep.<wbr \/>org<\/a><\/div>\n<div class=\"recuadro_foto \">\n<p><img loading=\"lazy\" alt=\"doc\" src=\"https:\/\/www.santjosep.org\/wp-content\/uploads\/2014\/03\/doc3.jpg\" width=\"220\" height=\"\" \/><\/p>\n<div class=\"cuadro\">\n<h2>Actividades permanentes<\/h2>\n<p>Tramitaci\u00f3n de expedientes de apertura de establecimientos permanentes<\/p>\n<div><a href=\"https:\/\/www.santjosep.org\/es\/tramites-y-gestiones\/aperturas-y-actividades\/tramitacion-de-expedientes-de-apertura-de-establecimientos-permanentes\">Ver<\/a><\/div>\n<\/div>\n<\/div>\n<div class=\"recuadro_foto mitad\">\n<p><img loading=\"lazy\" alt=\"doc\" src=\"https:\/\/www.santjosep.org\/wp-content\/uploads\/2014\/03\/doc3.jpg\" width=\"220\" height=\"\" \/><\/p>\n<div class=\"cuadro\">\n<h2>Actividades no permanentes<\/h2>\n<p>Tramitaci\u00f3n de expedientes de apertura de establecimientos no permanentes<\/p>\n<div><a href=\"https:\/\/www.santjosep.org\/es\/tramites-y-gestiones\/aperturas-y-actividades\/actividades-no-permanentes\">Ver<\/a><\/div>\n<\/div>\n<\/div>\n<div class=\"recuadro_foto \">\n<p><img loading=\"lazy\" alt=\"\" src=\"https:\/\/www.santjosep.org\/wp-content\/uploads\/2014\/03\/doc3.jpg\" width=\"220\" height=\"\" \/><\/p>\n<div class=\"cuadro\">\n<h2>Publicidad Din\u00e1mica<\/h2>\n<p>Tr\u00e1mites para ejercer la actividad de publicidad din\u00e1mica<\/p>\n<div><a href=\"https:\/\/www.santjosep.org\/es\/tramites-y-gestiones\/aperturas-y-actividades\/publicidad-dinamica\">Ver<\/a><\/div>\n<\/div>\n<\/div>\n<div class=\"recuadro_foto \">\n<p><img loading=\"lazy\" alt=\"\" src=\"https:\/\/www.santjosep.org\/wp-content\/uploads\/2014\/03\/doc3.jpg\" width=\"220\" height=\"\" \/><\/p>\n<div class=\"cuadro\">\n<h2>Publicidad Est\u00e1tica<\/h2>\n<p>Tr\u00e1mites para ejercer la actividad de publicidad est\u00e1tica<\/p>\n<div><a href=\"https:\/\/www.santjosep.org\/es\/tramites-y-gestiones\/aperturas-y-actividades\/publicidad-estatica\">Ver<\/a><\/div>\n<\/div>\n<\/div>\n<div class=\"recuadro_foto mitad\">\n<p><img loading=\"lazy\" alt=\"doc\" src=\"https:\/\/www.santjosep.org\/wp-content\/uploads\/2014\/03\/doc3.jpg\" width=\"220\" height=\"\" \/><\/p>\n<div class=\"cuadro\">\n<h2>Actividades itinerantes<\/h2>\n<p>Actividades con una provisionalidad inferior a tres meses<\/p>\n<div><a href=\"https:\/\/www.santjosep.org\/es\/tramites-y-gestiones\/aperturas-y-actividades\/actividades-itinerantes\">Ver<\/a><\/div>\n<\/div>\n<\/div>\n<div class=\"recuadro_foto \">\n<p><img loading=\"lazy\" alt=\"\" src=\"https:\/\/www.santjosep.org\/wp-content\/uploads\/2014\/03\/doc3.jpg\" width=\"220\" height=\"\" \/><\/p>\n<div class=\"cuadro\">\n<h2>Ocupaci\u00f3n de la v\u00eda p\u00fablica<\/h2>\n<p>Seg\u00fan la ordenanza de ocupaci\u00f3n de la v\u00eda p\u00fablica para ocupar la misma se ha de cumplimentar una instancia y presentar documentaci\u00f3n que corresponda.<\/p>\n<div><a href=\"https:\/\/www.santjosep.org\/es\/tramites-y-gestiones\/aperturas-y-actividades\/ocupacion-de-la-via-publica\">Ver<\/a><\/div>\n<\/div>\n<\/div>\n<div class=\"recuadro_foto \">\n<p><img loading=\"lazy\" alt=\"\" src=\"https:\/\/www.santjosep.org\/wp-content\/uploads\/2014\/03\/doc3.jpg\" width=\"220\" height=\"\" \/><\/p>\n<div class=\"cuadro\">\n<h2>Licencia del mercado de los Artesanos<\/h2>\n<p>Documentaci\u00f3n a aportar para la renovaci\u00f3n del carnet\/licencia de artesano.<\/p>\n<div><a href=\"https:\/\/www.santjosep.org\/es\/tramites-y-gestiones\/aperturas-y-actividades\/licencia-del-mercado-de-los-artesanos\">Ver<\/a><\/div>\n<\/div>\n<\/div>\n<div class=\"recuadro_foto mitad\">\n<p><img loading=\"lazy\" alt=\"\" src=\"https:\/\/www.santjosep.org\/wp-content\/uploads\/2014\/03\/doc3.jpg\" width=\"220\" height=\"\" \/><\/p>\n<div class=\"cuadro\">\n<h2>Licencias de autotaxi<\/h2>\n<p>Tr\u00e1mites para el cambio de veh\u00edculo de autotaxi.<\/p>\n<div><a href=\"https:\/\/www.santjosep.org\/es\/tramites-y-gestiones\/aperturas-y-actividades\/licencias-de-autotaxi\">Ver<\/a><\/div>\n<\/div>\n<\/div>\n","protected":false},"excerpt":{"rendered":"<p>Informaci\u00f3n y consultas &#8211;\u00a0Para consultas generales de tramitaci\u00f3n de actividades permanentes: nieves@santjosep.org &#8211; Para consultas generales de tramitaci\u00f3n de actividades no permanentes: obertures@santjosep.org &#8211; Para consultas t\u00e9cnicas de actividades: tecnico_industrial@santjosep.org<\/p>\n","protected":false},"author":1,"featured_media":0,"parent":283,"menu_order":0,"comment_status":"closed","ping_status":"open","template":"page-templates\/page-landing.php","meta":[],"_links":{"self":[{"href":"https:\/\/www.santjosep.org\/es\/wp-json\/wp\/v2\/pages\/2414\/"}],"collection":[{"href":"https:\/\/www.santjosep.org\/es\/wp-json\/wp\/v2\/pages\/"}],"about":[{"href":"https:\/\/www.santjosep.org\/es\/wp-json\/wp\/v2\/types\/page\/"}],"author":[{"embeddable":true,"href":"https:\/\/www.santjosep.org\/es\/wp-json\/wp\/v2\/users\/1\/"}],"replies":[{"embeddable":true,"href":"https:\/\/www.santjosep.org\/es\/wp-json\/wp\/v2\/comments\/?post=2414"}],"version-history":[{"count":0,"href":"https:\/\/www.santjosep.org\/es\/wp-json\/wp\/v2\/pages\/2414\/revisions\/"}],"up":[{"embeddable":true,"href":"https:\/\/www.santjosep.org\/es\/wp-json\/wp\/v2\/pages\/283\/"}],"wp:attachment":[{"href":"https:\/\/www.santjosep.org\/es\/wp-json\/wp\/v2\/media\/?parent=2414"}],"curies":[{"name":"wp","href":"https:\/\/api.w.org\/{rel}","templated":true}]}}