{"id":2465,"date":"2013-11-19T09:53:20","date_gmt":"2013-11-19T09:53:20","guid":{"rendered":"https:\/\/www.santjosep.org\/?page_id=2465"},"modified":"2015-07-31T08:20:20","modified_gmt":"2015-07-31T08:20:20","slug":"certificados-de-cualificacion-urbanistica-certificados-de-antiguedad-y-certificados-municipales-de-final-de-obra","status":"publish","type":"page","link":"https:\/\/www.santjosep.org\/es\/tramites-y-gestiones\/urbanismo\/certificados-de-cualificacion-urbanistica-certificados-de-antiguedad-y-certificados-municipales-de-final-de-obra\/","title":{"rendered":"Certificados de cualificaci\u00f3n urban\u00edstica, certificados de antig\u00fcedad y certificados municipales de final de obra"},"content":{"rendered":"<p><strong>a) Certificados de cualificaci\u00f3n urban\u00edstica.<\/strong><\/p>\n<p>Las solicitudes de certificados de cualificaci\u00f3n urban\u00edstica se acompa\u00f1ar\u00e1 de la siguiente documentaci\u00f3n:<\/p>\n<p>1) Suelo urbano.<\/p>\n<ul>\n<li>Plano de emplazamiento a escala m\u00e1xima 1:2.000.<\/li>\n<li>Plano de parcela a escala m\u00e1xima 1:1.000 con referencia a elementos identificables fijos tales como v\u00edas p\u00fablicas o construcciones pr\u00f3ximas.<\/li>\n<\/ul>\n<p>2) Suelo r\u00fastico.<\/p>\n<ul>\n<li>Plano de emplazamiento sobre cartograf\u00eda oficial.<\/li>\n<li>Plano de la finca a escala 1:10.000 o 1:5.000.<\/li>\n<\/ul>\n<p>&nbsp;<\/p>\n<p><strong>b) Certificados de antig\u00fcedad.<\/strong><\/p>\n<p>Las solicitudes de certificados de antig\u00fcedad se acompa\u00f1ar\u00e1n de la siguiente documentaci\u00f3n:<\/p>\n<ul>\n<li>Escritura de propiedad.<\/li>\n<li>Copia del \u00faltimo recibo del Impuesto sobre Bienes Inmuebles.<\/li>\n<li>Plano de situaci\u00f3n y emplazamiento.<\/li>\n<li>Fotograf\u00edas de las fachadas.<\/li>\n<\/ul>\n<p>&nbsp;<\/p>\n<p><strong>c) Certificados municipales de final de obra.<\/strong><\/p>\n<p>Las solicitudes de certificado municipal de final de obra se acompa\u00f1ar\u00e1n de la siguiente documentaci\u00f3n:<\/p>\n<ul>\n<li>Certificaci\u00f3n de finalizaci\u00f3n de la obra y de habitabilidad emitido por la Direcci\u00f3n Facultativa.<\/li>\n<li>Declaraci\u00f3n catastral de nueva construcci\u00f3n (modelo 902).<\/li>\n<li>Fotograf\u00edas de las fachadas debidamente visadas.<\/li>\n<li>En suelo urbano, fotograf\u00edas de la totalidad de los viales que limitan la parcela, descriptivas del estado de la urbanizaci\u00f3n.<\/li>\n<li>Manual de uso y mantenimiento de la edificaci\u00f3n, cuando sea preceptivo.<\/li>\n<\/ul>\n","protected":false},"excerpt":{"rendered":"<p>a) Certificados de cualificaci\u00f3n urban\u00edstica. Las solicitudes de certificados de cualificaci\u00f3n urban\u00edstica se acompa\u00f1ar\u00e1 de la siguiente documentaci\u00f3n: 1) Suelo urbano. Plano de emplazamiento a escala m\u00e1xima 1:2.000. Plano de parcela a escala m\u00e1xima 1:1.000 con referencia a elementos identificables fijos tales como v\u00edas p\u00fablicas o construcciones pr\u00f3ximas. 2) Suelo r\u00fastico. Plano de emplazamiento sobre [&hellip;]<\/p>\n","protected":false},"author":1,"featured_media":0,"parent":2410,"menu_order":0,"comment_status":"closed","ping_status":"open","template":"page-templates\/page-landing.php","meta":[],"_links":{"self":[{"href":"https:\/\/www.santjosep.org\/es\/wp-json\/wp\/v2\/pages\/2465\/"}],"collection":[{"href":"https:\/\/www.santjosep.org\/es\/wp-json\/wp\/v2\/pages\/"}],"about":[{"href":"https:\/\/www.santjosep.org\/es\/wp-json\/wp\/v2\/types\/page\/"}],"author":[{"embeddable":true,"href":"https:\/\/www.santjosep.org\/es\/wp-json\/wp\/v2\/users\/1\/"}],"replies":[{"embeddable":true,"href":"https:\/\/www.santjosep.org\/es\/wp-json\/wp\/v2\/comments\/?post=2465"}],"version-history":[{"count":0,"href":"https:\/\/www.santjosep.org\/es\/wp-json\/wp\/v2\/pages\/2465\/revisions\/"}],"up":[{"embeddable":true,"href":"https:\/\/www.santjosep.org\/es\/wp-json\/wp\/v2\/pages\/2410\/"}],"wp:attachment":[{"href":"https:\/\/www.santjosep.org\/es\/wp-json\/wp\/v2\/media\/?parent=2465"}],"curies":[{"name":"wp","href":"https:\/\/api.w.org\/{rel}","templated":true}]}}