{"id":2476,"date":"2013-11-19T09:59:35","date_gmt":"2013-11-19T08:59:35","guid":{"rendered":"https:\/\/www.santjosep.org\/?page_id=2476"},"modified":"2017-04-06T16:41:52","modified_gmt":"2017-04-06T14:41:52","slug":"licencia-para-demoliciones","status":"publish","type":"page","link":"https:\/\/www.santjosep.org\/es\/tramites-y-gestiones\/urbanismo\/licencia-para-demoliciones\/","title":{"rendered":"Licencia para demoliciones"},"content":{"rendered":"<p>1.- Las solicitudes de licencia para demoliciones y derribo de construcciones se presentar\u00e1n suscritas por la persona interesada o por la que la represente y por la facultativa competente designada para dirigirlas.<\/p>\n<p>2.- La solicitud de licencia se acompa\u00f1ar\u00e1 de los siguientes documentos:<\/p>\n<ul>\n<li>Plano de emplazamiento a escala m\u00e1xima 1:1.000 (suelo urbano) y 1:5.000 (suelo r\u00fastico).<\/li>\n<li>Proyecto (plantas, alzados y secciones) que permita apreciar la \u00edndole del derribo o demolici\u00f3n a realizar, visado por el colegio profesional correspondiente, y memoria descriptiva y t\u00e9cnica explicativa de las caracter\u00edsticas de los trabajos, con indicaci\u00f3n del programa y coordinaci\u00f3n de \u00e9stas, as\u00ed como las precauciones a tomar en relaci\u00f3n a la propia obra, v\u00eda p\u00fablica y construcciones o predios vecinos.<\/li>\n<li>Estudio o estudio b\u00e1sico de seguridad y salud, seg\u00fan el Real Decreto1627\/1997, de 24 de Octubre, realizado por la persona t\u00e9cnica competente y visado por el colegio profesional correspondiente.<\/li>\n<li>Fotograf\u00edas en las que se pueda apreciar si en la obra a derribar o demoler existe alg\u00fan elemento de inter\u00e9s especial para el Ayuntamiento, desde el punto de vista hist\u00f3rico, art\u00edstico o tradicional. Estas fotograf\u00edas ir\u00e1n firmadas en su dorso por el propietario y el facultativo designado para dirigir las obras.<\/li>\n<li>Comunicaci\u00f3n de la aceptaci\u00f3n de la persona facultativa designada como director\/a de las obras y de su ejecuci\u00f3n, visado por el colegio profesional correspondiente, y, designaci\u00f3n, en su caso, del\/a coordinador\/a de seguridad y salud y nombramiento de la empresa de obras encargada de ejecutar el derribo.<\/li>\n<\/ul>\n","protected":false},"excerpt":{"rendered":"<p>1.- Las solicitudes de licencia para demoliciones y derribo de construcciones se presentar\u00e1n suscritas por la persona interesada o por la que la represente y por la facultativa competente designada para dirigirlas. 2.- La solicitud de licencia se acompa\u00f1ar\u00e1 de los siguientes documentos: Plano de emplazamiento a escala m\u00e1xima 1:1.000 (suelo urbano) y 1:5.000 (suelo [&hellip;]<\/p>\n","protected":false},"author":1,"featured_media":0,"parent":2410,"menu_order":0,"comment_status":"closed","ping_status":"open","template":"page-templates\/page-landing.php","meta":[],"_links":{"self":[{"href":"https:\/\/www.santjosep.org\/es\/wp-json\/wp\/v2\/pages\/2476\/"}],"collection":[{"href":"https:\/\/www.santjosep.org\/es\/wp-json\/wp\/v2\/pages\/"}],"about":[{"href":"https:\/\/www.santjosep.org\/es\/wp-json\/wp\/v2\/types\/page\/"}],"author":[{"embeddable":true,"href":"https:\/\/www.santjosep.org\/es\/wp-json\/wp\/v2\/users\/1\/"}],"replies":[{"embeddable":true,"href":"https:\/\/www.santjosep.org\/es\/wp-json\/wp\/v2\/comments\/?post=2476"}],"version-history":[{"count":0,"href":"https:\/\/www.santjosep.org\/es\/wp-json\/wp\/v2\/pages\/2476\/revisions\/"}],"up":[{"embeddable":true,"href":"https:\/\/www.santjosep.org\/es\/wp-json\/wp\/v2\/pages\/2410\/"}],"wp:attachment":[{"href":"https:\/\/www.santjosep.org\/es\/wp-json\/wp\/v2\/media\/?parent=2476"}],"curies":[{"name":"wp","href":"https:\/\/api.w.org\/{rel}","templated":true}]}}