{"id":2480,"date":"2013-11-19T10:03:18","date_gmt":"2013-11-19T10:03:18","guid":{"rendered":"https:\/\/www.santjosep.org\/?page_id=2480"},"modified":"2015-07-31T08:19:56","modified_gmt":"2015-07-31T08:19:56","slug":"solicitud-licencia-de-obra-menor-simple","status":"publish","type":"page","link":"https:\/\/www.santjosep.org\/es\/tramites-y-gestiones\/urbanismo\/solicitud-licencia-de-obra-menor-simple\/","title":{"rendered":"Solicitud licencia de obra menor simple"},"content":{"rendered":"<p>Seg\u00fan <a href=\"http:\/\/boib.caib.es\/pdf\/2012073\/mp200.pdf?lang=es&amp;mode=view&amp;p_numero=2012073&amp;p_inipag=200&amp;p_finpag=204\" target=\"_blank\">BOIB del 22-05-2012, donde se aprueba la Ordenanza Reguladora del Procedimiento de Declaraci\u00f3n Responsable para la Ejecucion de Obras Menores Simples<\/a>, para la tramitaci\u00f3n de las solicitudes de obra menor se deber\u00e1 presentar la siguiente documentaci\u00f3n:<\/p>\n<p class=\"ss-pdf textedit\"><a href=\"https:\/\/www.santjosep.org\/wp-content\/uploads\/2013\/11\/urbanism_obra_menor_solicitud.pdf\" target=\"_blank\">Solicitud<\/a><\/p>\n<p class=\"ss-pdf textedit\"><a href=\"https:\/\/www.santjosep.org\/wp-content\/uploads\/2013\/11\/urbanism_obra_menor_prescripciones.pdf\">Prescripciones<\/a><\/p>\n<p class=\"ss-pdf textedit\"><a href=\"https:\/\/www.santjosep.org\/wp-content\/uploads\/2013\/11\/urbanism_obra_menor_declaracin_responsable.pdf\">Declaraci\u00f3n responsable<\/a><\/p>\n<p>&nbsp;<\/p>\n","protected":false},"excerpt":{"rendered":"<p>Seg\u00fan BOIB del 22-05-2012, donde se aprueba la Ordenanza Reguladora del Procedimiento de Declaraci\u00f3n Responsable para la Ejecucion de Obras Menores Simples, para la tramitaci\u00f3n de las solicitudes de obra menor se deber\u00e1 presentar la siguiente documentaci\u00f3n: Solicitud Prescripciones Declaraci\u00f3n responsable &nbsp;<\/p>\n","protected":false},"author":1,"featured_media":0,"parent":2410,"menu_order":0,"comment_status":"closed","ping_status":"open","template":"page-templates\/page-landing.php","meta":[],"_links":{"self":[{"href":"https:\/\/www.santjosep.org\/es\/wp-json\/wp\/v2\/pages\/2480\/"}],"collection":[{"href":"https:\/\/www.santjosep.org\/es\/wp-json\/wp\/v2\/pages\/"}],"about":[{"href":"https:\/\/www.santjosep.org\/es\/wp-json\/wp\/v2\/types\/page\/"}],"author":[{"embeddable":true,"href":"https:\/\/www.santjosep.org\/es\/wp-json\/wp\/v2\/users\/1\/"}],"replies":[{"embeddable":true,"href":"https:\/\/www.santjosep.org\/es\/wp-json\/wp\/v2\/comments\/?post=2480"}],"version-history":[{"count":0,"href":"https:\/\/www.santjosep.org\/es\/wp-json\/wp\/v2\/pages\/2480\/revisions\/"}],"up":[{"embeddable":true,"href":"https:\/\/www.santjosep.org\/es\/wp-json\/wp\/v2\/pages\/2410\/"}],"wp:attachment":[{"href":"https:\/\/www.santjosep.org\/es\/wp-json\/wp\/v2\/media\/?parent=2480"}],"curies":[{"name":"wp","href":"https:\/\/api.w.org\/{rel}","templated":true}]}}