{"id":2509,"date":"2013-11-19T10:14:36","date_gmt":"2013-11-19T10:14:36","guid":{"rendered":"https:\/\/www.santjosep.org\/?page_id=2509"},"modified":"2015-07-31T08:20:20","modified_gmt":"2015-07-31T08:20:20","slug":"tramitacion-de-expedientes-de-apertura-de-establecimientos-permanentes","status":"publish","type":"page","link":"https:\/\/www.santjosep.org\/es\/tramites-y-gestiones\/aperturas-y-actividades\/tramitacion-de-expedientes-de-apertura-de-establecimientos-permanentes\/","title":{"rendered":"Tramitaci\u00f3n de expedientes de apertura de establecimientos permanentes"},"content":{"rendered":"<h2>ACTIVIDADES PERMANENTES<\/h2>\n<p>Son las que se realizan con una duraci\u00f3n indeterminada y que cuentan con una infraestructura y un emplazamiento estables.<\/p>\n<ol>\n<li><strong>TIPOS DE EXPEDIENTES<br \/>\n<\/strong>Las actividades permanentes se clasifican en inocuas, menores o mayores, en funci\u00f3n de una serie de par\u00e1metros (T\u00edtulos I, II y III del <a href=\"https:\/\/www.santjosep.org\/wp-content\/uploads\/2014\/03\/Ley-7-2013-Actividades.pdf\">Anexo I de la ley 7\/2013<\/a>).<br \/>\nTambi\u00e9n se tramitan expedientes de infraestructuras comunes.<br \/>\n&nbsp;<\/li>\n<li><strong>PROCEDIMIENTOS DE TRAMITACI\u00d3N<br \/>\n<\/strong>En funci\u00f3n de la clasificaci\u00f3n de la actividad y del tipo de obras a realizar, si es el caso, se tramitar\u00e1n los siguientes procedimientos:<\/p>\n<ol>\n<li>Actividades inocuas o menores que no precisan de obras (art. 35 ley 7\/2013)<br \/>\n&#8211; <a href=\"https:\/\/www.santjosep.org\/wp-content\/uploads\/2014\/03\/Instancia-1.docx\">Declaraci\u00f3n responsable de inicio de actividad inocua o menor<\/a><\/li>\n<li>Actividades inocuas o menores con obras que no precisan de proyecto (arts. 36 y 45 ley 7\/2013)<br \/>\n&#8211; <a href=\"https:\/\/www.santjosep.org\/wp-content\/uploads\/2014\/03\/Instancia-2.docx\">Comunicaci\u00f3n previa de obras que no precisan proyecto, vinculadas a actividades inocuas o menores<\/a><br \/>\n&#8211; <a href=\"https:\/\/www.santjosep.org\/wp-content\/uploads\/2014\/03\/Instancia-1.docx\">Declaraci\u00f3n responsable de inicio de actividad<\/a>.<\/li>\n<li>Actividades mayores sin obras; Infraestructuras comunes que no precisan de obras (arts. 37 y 46 ley 7\/2013)<br \/>\n&#8211; <a href=\"https:\/\/www.santjosep.org\/wp-content\/uploads\/2014\/03\/Instancia-3.docx\">Solicitud de permiso de instalaci\u00f3n<\/a>.<br \/>\n&#8211; <a href=\"https:\/\/www.santjosep.org\/wp-content\/uploads\/2014\/03\/Instancia-4.docx\">Declaraci\u00f3n responsable de inicio de actividad<\/a>.<\/li>\n<li>Actividades inocuas o menores con obras que precisen de proyecto; Actividades mayores con obras; Infraestructuras comunes con obras (arts. 38 y 47 ley 7\/2013)<br \/>\n&#8211; <a href=\"https:\/\/www.santjosep.org\/wp-content\/uploads\/2014\/03\/Instancia-5.docx\">Solicitud de permiso de instalaci\u00f3n y obras<\/a>.<br \/>\n&#8211; <a href=\"https:\/\/www.santjosep.org\/wp-content\/uploads\/2014\/03\/Instancia-4.docx\">Declaraci\u00f3n responsable de inicio de actividad.<\/a><\/li>\n<\/ol>\n<p>&nbsp;<\/li>\n<li><strong>TRANSMISI\u00d3N DE ACTIVIDADES<br \/>\n<\/strong>La documentaci\u00f3n a presentar variar\u00e1 en funci\u00f3n de si hay transmisor o no.<br \/>\n&#8211; <a href=\"https:\/\/www.santjosep.org\/wp-content\/uploads\/2014\/03\/Instancia-9.docx\">Comunicaci\u00f3n de cambio de titular con transmisor.<\/a><br \/>\n&#8211; <a href=\"https:\/\/www.santjosep.org\/wp-content\/uploads\/2014\/03\/Instancia-10.docx\">Comunicaci\u00f3n de cambio de titular sin transmisor.<\/a><br \/>\n&nbsp;<\/li>\n<li><strong>TRIBUTOS MUNICIPALES<\/strong><br \/>\nLos tributos municipales aplicables a la tramitaci\u00f3n de los diferentes tipos de expedientes indicados anteriormente, est\u00e1n regulados por las siguientes ordenanzas:<br \/>\n&#8211; <a href=\"https:\/\/www.santjosep.org\/wp-content\/uploads\/2013\/07\/Ordenanza-fiscal-actividades.pdf\">Ordenanza fiscal reguladora por la intervenci\u00f3n municipal para la instalaci\u00f3n, el inicio y ejercicio de actividades y las obras vinculadas<\/a><br \/>\n&#8211; <a href=\"https:\/\/www.santjosep.org\/wp-content\/uploads\/2013\/07\/Ordenanza-fiscal-reguladora-de-la-tasa-por-otorgamiento-de-licencias-urbani\u0301sticas.pdf\">Ordenanza fiscal reguladora de la tasa por otorgamiento de licencias urban\u00edsticas<\/a><br \/>\n&#8211; <a href=\"https:\/\/www.santjosep.org\/wp-content\/uploads\/2013\/07\/Ordenanza-fiscal-reguladora-sobre-construcciones-instalaciones-y-obras.pdf\">Ordenanza fiscal reguladora del impuesto sobre construcciones, instalaciones y obras<\/a><br \/>\nAsimismo, tendr\u00e1 que depositarse la fianza indicada en la <a href=\"https:\/\/www.santjosep.org\/wp-content\/uploads\/2013\/07\/Ordenanza-para-la-gestio\u0301n-de-residuos-de-construccio\u0301n-y-demolicio\u0301n.pdf\" target=\"_blank\">Ordenanza para la gesti\u00f3n de los residuos de construcci\u00f3n y demolici\u00f3n<\/a><\/li>\n<\/ol>\n","protected":false},"excerpt":{"rendered":"<p>ACTIVIDADES PERMANENTES Son las que se realizan con una duraci\u00f3n indeterminada y que cuentan con una infraestructura y un emplazamiento estables. TIPOS DE EXPEDIENTES Las actividades permanentes se clasifican en inocuas, menores o mayores, en funci\u00f3n de una serie de par\u00e1metros (T\u00edtulos I, II y III del Anexo I de la ley 7\/2013). Tambi\u00e9n se [&hellip;]<\/p>\n","protected":false},"author":1,"featured_media":0,"parent":2414,"menu_order":0,"comment_status":"closed","ping_status":"open","template":"page-templates\/page-landing.php","meta":[],"_links":{"self":[{"href":"https:\/\/www.santjosep.org\/es\/wp-json\/wp\/v2\/pages\/2509\/"}],"collection":[{"href":"https:\/\/www.santjosep.org\/es\/wp-json\/wp\/v2\/pages\/"}],"about":[{"href":"https:\/\/www.santjosep.org\/es\/wp-json\/wp\/v2\/types\/page\/"}],"author":[{"embeddable":true,"href":"https:\/\/www.santjosep.org\/es\/wp-json\/wp\/v2\/users\/1\/"}],"replies":[{"embeddable":true,"href":"https:\/\/www.santjosep.org\/es\/wp-json\/wp\/v2\/comments\/?post=2509"}],"version-history":[{"count":0,"href":"https:\/\/www.santjosep.org\/es\/wp-json\/wp\/v2\/pages\/2509\/revisions\/"}],"up":[{"embeddable":true,"href":"https:\/\/www.santjosep.org\/es\/wp-json\/wp\/v2\/pages\/2414\/"}],"wp:attachment":[{"href":"https:\/\/www.santjosep.org\/es\/wp-json\/wp\/v2\/media\/?parent=2509"}],"curies":[{"name":"wp","href":"https:\/\/api.w.org\/{rel}","templated":true}]}}