{"id":26818,"date":"2019-02-12T17:43:05","date_gmt":"2019-02-12T16:43:05","guid":{"rendered":"https:\/\/www.santjosep.org\/?page_id=26818"},"modified":"2019-05-02T11:52:54","modified_gmt":"2019-05-02T09:52:54","slug":"conjunto-hidraulico-can-burgos","status":"publish","type":"page","link":"https:\/\/www.santjosep.org\/es\/tu-municipio\/cultura-y-patrimonio\/conjunto-hidraulico-can-burgos\/","title":{"rendered":"Conjunto hidr\u00e1ulico Can Burgos"},"content":{"rendered":"<p><strong>Conjunto de 9 aljibes en Can Burgos.<\/strong><\/p>\n<p>El Ayuntamiento de Sant Josep est\u00e1 impulsando la <strong>musealizaci\u00f3n de nueve aljibes<\/strong> localizados en la zona de Can Burgos tras la realizaci\u00f3n de excavaciones arqueol\u00f3gicas.<\/p>\n<p><iframe src=\"https:\/\/player.vimeo.com\/video\/316745114?title=0&amp;byline=0&amp;portrait=0&amp;color=ffffff\" width=\"650\" height=\"400\" frameborder=\"0\" allowfullscreen=\"allowfullscreen\"><\/iframe><\/p>\n<p><strong>\u00bfQu\u00e9 es un aljibe?<\/strong><\/p>\n<p>El aljibe es un recurso arquitect\u00f3nico para almacenar agua. El modelo tradicional \u00e1rabe es un recipiente total o parcialmente subterr\u00e1neo, construido o labrado y cubierto por una b\u00f3veda de ca\u00f1\u00f3n o ligeramente apuntada o en c\u00fapula de casquete, hecha de ladrillo. El agua acumulada suele proceder de la lluvia recogida de los tejados de las casas o de las acogidas del entorno canalizadas hasta \u00e9l. Suele estar construido con ladrillos unidos con argamasa, con las paredes internas recubiertas de una mezcla de cal, arena, \u00f3xido de hierro, arcilla roja y resina de lentisco, para impedir filtraciones y la putrefacci\u00f3n del agua que contiene. <\/p>\n<div class=\"su-spacer\" style=\"height:40px\"><\/div>\n<p><iframe src=\"https:\/\/sketchfab.com\/models\/5ce18d8d28644a4ea2b9f4c7dedf64f1\/embed\" width=\"650\" height=\"400\" frameborder=\"0\"><\/iframe><\/p>\n<p><strong>Conjunto Hidr\u00e1ulico de Can Burgos<\/strong><\/p>\n<p>El conjunto hidr\u00e1ulico de Can Burgos consta de una serie de nueve aljibes, siete de los cuales presentan una planta rectangular, uno tiene forma de L y el del extremo sureste planta circular. Todos ellos est\u00e1n conectados por los frentes cortos a trav\u00e9s de un doble arco superpuesto. Los aljibes ocupan una superficie lineal de 23,85 m, organizados en dos hiladas que forman un \u00e1ngulo de 70\u00ba entre s\u00ed. En su interior cabr\u00edan, aproximadamente, unas 64 toneladas de agua.<\/p>\n","protected":false},"excerpt":{"rendered":"<p>Conjunto de 9 aljibes en Can Burgos. El Ayuntamiento de Sant Josep est\u00e1 impulsando la musealizaci\u00f3n de nueve aljibes localizados en la zona de Can Burgos tras la realizaci\u00f3n de excavaciones arqueol\u00f3gicas. \u00bfQu\u00e9 es un aljibe? El aljibe es un recurso arquitect\u00f3nico para almacenar agua. El modelo tradicional \u00e1rabe es un recipiente total o parcialmente [&hellip;]<\/p>\n","protected":false},"author":1,"featured_media":0,"parent":201,"menu_order":0,"comment_status":"closed","ping_status":"closed","template":"page-templates\/page-two-columns.php","meta":[],"_links":{"self":[{"href":"https:\/\/www.santjosep.org\/es\/wp-json\/wp\/v2\/pages\/26818\/"}],"collection":[{"href":"https:\/\/www.santjosep.org\/es\/wp-json\/wp\/v2\/pages\/"}],"about":[{"href":"https:\/\/www.santjosep.org\/es\/wp-json\/wp\/v2\/types\/page\/"}],"author":[{"embeddable":true,"href":"https:\/\/www.santjosep.org\/es\/wp-json\/wp\/v2\/users\/1\/"}],"replies":[{"embeddable":true,"href":"https:\/\/www.santjosep.org\/es\/wp-json\/wp\/v2\/comments\/?post=26818"}],"version-history":[{"count":0,"href":"https:\/\/www.santjosep.org\/es\/wp-json\/wp\/v2\/pages\/26818\/revisions\/"}],"up":[{"embeddable":true,"href":"https:\/\/www.santjosep.org\/es\/wp-json\/wp\/v2\/pages\/201\/"}],"wp:attachment":[{"href":"https:\/\/www.santjosep.org\/es\/wp-json\/wp\/v2\/media\/?parent=26818"}],"curies":[{"name":"wp","href":"https:\/\/api.w.org\/{rel}","templated":true}]}}