{"id":32900,"date":"2019-12-16T15:33:40","date_gmt":"2019-12-16T14:33:40","guid":{"rendered":"https:\/\/www.santjosep.org\/departament-de-cultura-i-patrimoni\/"},"modified":"2025-09-18T13:10:03","modified_gmt":"2025-09-18T11:10:03","slug":"departament-de-cultura-i-patrimoni","status":"publish","type":"page","link":"https:\/\/www.santjosep.org\/es\/tu-municipio\/educacion\/oferta-educativa-municipal\/departament-de-cultura-i-patrimoni\/","title":{"rendered":"Departament de Cultura i Patrimoni"},"content":{"rendered":"<p>L&#8217;Ajuntament de Sant Josep de sa Talaia , a trav\u00e9s del seu Departament de Cultura i Patrimoni, ofereix als centres educatius del municipi, les seg\u00fcents activitats guiades. Aquesta oferta educativa \u00e9s vigent per al curs acad\u00e8mic 2025-2026.<\/p>\n<h2>Biblioteca Vicent Serra Orvay (Sant Jordi)<\/h2>\n<div class=\"su-accordion\">\n<div class=\"su-spoiler su-spoiler-style-simple su-spoiler-closed\">\n<div class=\"su-spoiler-title\"><span class=\"su-spoiler-icon\"><\/span>VISITA LA BIBLIOTECA PER A CENTRES ESCOLARS<\/div>\n<div class=\"su-spoiler-content\">\n<p><strong>Nom:<\/strong> Visita la Bibliotec a Vic ent Serra Orvay<br \/>\n<strong>Modalitat:<\/strong> Visitar la Bibliotec a del poble (dijous i\/ o divendres al mat\u00ed)<br \/>\n<strong>Contingut:<\/strong> Aquest any volem establir una programaci\u00f3 m\u00e9s definida per a les escoles i instituts amb la finalitat de donar a con\u00e8ixer els recursos bibliotecaris i fomentar els h\u00e0bits de lectura entre nens\/ nenes i joves.<\/p>\n<p>Podeu concertar la vostra visita: enviant un e-mail a: bibliosantjordi@santjosep.org o telef\u00f2nicament: 871554056<\/p>\n<p>La visita consta de 3 parts: Presentaci\u00f3 de la biblioteca i funcionament, conta contes a c\u00e0rrec de les bibliotec\u00e0ries i temps lliure per gaudir de la lectura i descobrir tresors literaris.<br \/>\nSi teniu alguna necessitat especial per fer alguna activitat la podem dissenyar a la vostra mida.<\/p>\n<p>A la visita l&#8217;alumnat podr\u00e0 fer-s&#8217;hi el carnet de biblioteca si han omplert el formulari de sol\u00b7lic itud correctament, la biblioteca fa la foto. Tamb\u00e9 hi ha l&#8217;opci\u00f3 de crear el carnet d&#8217;aula, per gaudir del servei de pr\u00e9stec.<\/p>\n<p><strong>Durada:<\/strong> 60 minuts.<br \/>\n<strong>Destinataris:<\/strong> prim\u00e0ria i secund\u00e0ria.<\/p>\n<\/div>\n<\/div>\n<\/div>\n<div class=\"su-accordion\">\n<div class=\"su-spoiler su-spoiler-style-simple su-spoiler-closed\">\n<div class=\"su-spoiler-title\"><span class=\"su-spoiler-icon\"><\/span>LOTS DE PR\u00c9STECS COL\u00b7LECTIUS ALS CENTRES EDUCATIUS<\/div>\n<div class=\"su-spoiler-content\">\n<p>Selecci\u00f3 bibliogr\u00e0fic a de 10-15 documents (llibres, DVD i CD-a), segons les necessitats dels centres educatius. Per exemple, si s&#8217;est\u00e0 treballant algun tema a classe i volen ampliar el material de consulta de llibres de coneixement.<\/p>\n<p>O, b\u00e9, simplement un lot divers de contes per fomentar la lectura agradable i relaxada. Es pot prestar a l&#8217;aula durant un mes, nom\u00e9s cal que envieu un e-mail a: bibliosantjordi@santjosep.org o truqueu al: 871554056<\/p>\n<p><strong>Nom:<\/strong> Pr\u00e9stec col\u00b7lec tiu als centres educatius<br \/>\n<strong>Modalitat:<\/strong> cistella viatgera.<br \/>\n<strong>Contingut:<\/strong> Selecci\u00f3 de llibres en funci\u00f3 de les vostres necessitats. Ens podeu enviar un correu electr\u00f2nic , visitar-nos a la biblioteca o contactar via telef\u00f2nica.<br \/>\n<strong>Durada:<\/strong> 1 mes.<br \/>\n<strong>Destinataris:<\/strong> prim\u00e0ria i secund\u00e0ria.<\/p>\n<\/div>\n<\/div>\n<\/div>\n<div class=\"su-accordion\">\n<div class=\"su-spoiler su-spoiler-style-simple su-spoiler-closed\">\n<div class=\"su-spoiler-title\"><span class=\"su-spoiler-icon\"><\/span>ACTIVITATS DE DINAMITZACI\u00d3 A LA LECTURA<\/div>\n<div class=\"su-spoiler-content\">\n<p>Es preparen activitats diverses com, per exemple, un club de lectura per aula, tallers especials (contacontes+exlibris), ronda de llibres, presentaci\u00f3 de llibres amb la intenci\u00f3 de fomentar la lectura. Nom\u00e9s cal que envieu un e-mail a: bibliosantjordi@santjosep.org o truqueu al: 871554056<\/p>\n<p><strong>Nom:<\/strong> Activitats de dinamitzaci\u00f3 a la lectura.<br \/>\n<strong>Modalitat:<\/strong> Xerrada \u2013 Taller &#8211; Contacontes<br \/>\n<strong>Contingut:<\/strong> En func i\u00f3 de l&#8217;activitat, presentaci\u00f3 de llibres i lectura en veu alta, contacontes i\/ o parlar sobre el contingut del llibre en concret.<br \/>\n<strong>Durada:<\/strong> 50 minuts (prim\u00e0ria) i 90 minuts (secund\u00e0ria).<br \/>\n<strong>Destinataris:<\/strong> prim\u00e0ria i secund\u00e0ria.<\/p>\n<\/div>\n<\/div>\n<\/div>\n<p>&nbsp;<\/p>\n<h2>Biblioteca Municipal de Cala de Bou<\/h2>\n<div class=\"su-accordion\">\n<div class=\"su-spoiler su-spoiler-style-simple su-spoiler-closed\">\n<div class=\"su-spoiler-title\"><span class=\"su-spoiler-icon\"><\/span>VISITES GUIADES A LA BIBLIOTECA<\/div>\n<div class=\"su-spoiler-content\">\n<p>Podeu concertar la vostra visita enviant un e-mail a: biblioteca.caladebou@santjosep.org o telef\u00f2nicament: 971348630<\/p>\n<p><strong>Nom:<\/strong> Visites guiades a la biblioteca<br \/>\n<strong>Modalitat:<\/strong> Visites guiades per a centres educatius i grups<br \/>\n<strong>Contingut:<\/strong> S&#8217;explica el funcionament de la biblioteca i quins recursos hi poden trobar. Despr\u00e8s els infants poden llegir lliurement llibres de la biblioteca, posar en pr\u00e0ctic a el que s&#8217;ha explicat o b\u00e9 escoltar un conte oral explicat pel personal de la biblioteca.<br \/>\n<strong>Durada:<\/strong> 45\/ 60 minuts<br \/>\n<strong>Destinataris:<\/strong> prim\u00e0ria i secund\u00e0ria.<br \/>\n<strong>Horari:<\/strong> 9.00-12.00h (petici\u00f3 pr\u00e8via del centre com a m\u00ednim 15 dies abans de l&#8217;activitat)<\/p>\n<\/div>\n<\/div>\n<\/div>\n<div class=\"su-accordion\">\n<div class=\"su-spoiler su-spoiler-style-simple su-spoiler-closed\">\n<div class=\"su-spoiler-title\"><span class=\"su-spoiler-icon\"><\/span>PR\u00c9STEC DE PROJECTES D&#8217;ANIMACI\u00d3 A LA LECTURA: LECT\u00d2POLI<\/div>\n<div class=\"su-spoiler-content\">\n<p>La Biblioteca de Cala de Bou sempre t\u00e9 algun projecte d&#8217;animaci\u00f3 a la lectura en marxa per tal de millorar les compet\u00e8ncies lectores dels infants de la zona. Aquest any us oferim en pr\u00e9stec algun d&#8217;aquests projectes amb la intenci\u00f3 de fomentar i potenciar la lectura a l&#8217;aula i a l&#8217;escola.<\/p>\n<p>El projecte LECT\u00d2POLI \u00e9s una gamificaci\u00f3 de la lectura inspirada en el Monopoly. Els participants hauran de tirar el dau i, segons la casella que els toqui, hauran de llegir un llibre sobre aquell tema. Per exemple, si cauen a la casella de l&#8217;Avinguda dels Felins hauran de triar una lectura sobre gats, lleons, tigres, etc . D&#8217;aquesta manera aniran llegint, sumant punts i guanyant carrers, al m\u00e9s pur estil del Monopoly.<\/p>\n<p><strong>Nom:<\/strong> Lect\u00f2poli<br \/>\n<strong>Modalitat:<\/strong> Pr\u00e9stec de projectes d&#8217;animaci\u00f3 a la lectura per a centres educatius<br \/>\n<strong>Contingut:<\/strong> Tauler de joc , les lectures proposades en cada casella i les targetes dels carrers.<br \/>\n<strong>Durada:<\/strong> M\u00ednim: un trimestre \/ M\u00e0xim: segons disponibilitat, tot el curs escolar<br \/>\n<strong>Destinataris:<\/strong> Recomanat per a infants de 6 a 12 anys<\/p>\n<\/div>\n<\/div>\n<\/div>\n<div class=\"su-accordion\">\n<div class=\"su-spoiler su-spoiler-style-simple su-spoiler-closed\">\n<div class=\"su-spoiler-title\"><span class=\"su-spoiler-icon\"><\/span>PR\u00c9STEC DE PROJECTES D&#8217;ANIMACI\u00d3 A LA LECTURA: BRUIXES CONTRA MONSTRES<\/div>\n<div class=\"su-spoiler-content\">\n<p>El projecte <strong>Bruixes contra Monstres<\/strong> combina la lectura de t\u00edtols sobre bruixes, bruixots i monstres amb la valoraci\u00f3 de les lectures per part dels\/les participants. Per mitj\u00e0 d&#8217;un sistema de votacions els lectors\/es decidiran qui \u00e9s el millor personatge de conte de tots els temps. Tindran la possibilitat de guanyar punts extra realitzant reptes especials. Al final del trimestre o del curs escolar sabrem quin personatge ha estat el guanyador.<\/p>\n<p><strong>Nom:<\/strong> Bruixes contra Monstres<br \/>\n<strong>Modalitat:<\/strong> Pr\u00e9stec de projectes d&#8217;animaci\u00f3 a la lectura<br \/>\n<strong>Contingut:<\/strong> Lectures proposades, materials digitals del projecte per a imprimir, urna de cartr\u00f3 per dipositar els vots i marcador esportiu.<br \/>\n<strong>Durada:<\/strong> M\u00ednim: un trimestre \/ M\u00e0xim: segons disponibilitat, tot el curs escolar<br \/>\n<strong>Destinataris:<\/strong> Recomanat per a infants de 6 a 12 anys<\/p>\n<\/div>\n<\/div>\n<\/div>\n<div class=\"su-accordion\">\n<div class=\"su-spoiler su-spoiler-style-simple su-spoiler-closed\">\n<div class=\"su-spoiler-title\"><span class=\"su-spoiler-icon\"><\/span>PR\u00c9STEC DE PROJECTES D&#8217;ANIMACI\u00d3 A LA LECTURA: SOS ROBOT<\/div>\n<div class=\"su-spoiler-content\">\n<p>El projecte SOS ROBOT combina una selecci\u00f3 acurada de contes amb ci\u00e8ncia amb la realitzaci\u00f3 de diverses activitats complement\u00e0ries. Hem dividit la ci\u00e8ncia en 4 grans blocs o \u00e0rees tem\u00e0tiques diferenciant: disciplines cient\u00edfiques, experiments, biografies cient\u00edfiques i el g\u00e8nere de la ci\u00e8ncia-ficci\u00f3. T\u00e9 una din\u00e0mica que funciona a partir de reptes lectors que l&#8217;alumnat pot treballar a classe o b\u00e9 a casa.<\/p>\n<p><strong>Nom:<\/strong> SOS ROBOT<br \/>\n<strong>Modalitat:<\/strong> Pr\u00e9stec de projectes d&#8217;animaci\u00f3 a la lectura per a centres educatius<br \/>\n<strong>Contingut:<\/strong> Maleta amb les lectures, llibres de consulta, materials digitals del projecte per a imprimir, lectures del projecte i algun material concret per a les activitats<br \/>\n<strong>Durada:<\/strong> Un curs escolar<br \/>\n<strong>Destinataris:<\/strong> Prim\u00e0ria (recomanat de 9 a 12 anys)<\/p>\n<\/div>\n<\/div>\n<\/div>\n<div class=\"su-accordion\">\n<div class=\"su-spoiler su-spoiler-style-simple su-spoiler-closed\">\n<div class=\"su-spoiler-title\"><span class=\"su-spoiler-icon\"><\/span>LOTS DE PR\u00c9STECS COL\u00b7LECTIUS PER A CENTRES EDUCATIUS<\/div>\n<div class=\"su-spoiler-content\">\n<p>Selecci\u00f3 bibliogr\u00e0fica de llibres segons les necessitats dels centres educatius. Per exemple, si s&#8217;est\u00e0 treballant algun tema a classe i es vol ampliar el material de consulta de llibres de coneixements.<br \/>\nO b\u00e9 simplement un lot divers de contes per fomentar la lectura agradable i relaxada. Es pot prestar a l&#8217;aula durant un mes, nom\u00e9s cal que envieu un e-mail a: biblioteca.caladebou@santjosep.org o truqueu al: 971348630.<\/p>\n<p>A banda dels lots a la carta tamb\u00e9 \u00e9s possible esc llir entre aquests lots concrets.<\/p>\n<p>Per a infants de 3 a 6 anys, lots de 10 a 15 llibres al voltant de:<br \/>\n&#8211; ELS 5 SENTITS (vista, tacte, olfacte, o\u00efda i gust)<br \/>\n&#8211; EMOCIONS<br \/>\n&#8211; OFICIS<br \/>\n&#8211; FAM\u00cdLIES<br \/>\n&#8211; COS HUM\u00c0<br \/>\n&#8211; TRANSPORTS<\/p>\n<p>Per a infants de 6 a 12 anys:<br \/>\n&#8211; CONTES EN RUTA (contes del m\u00f3n, 25 llibres)<br \/>\n&#8211; ANIMALADES (per treballar el g\u00e8nere de les faules, 40 llibres)<br \/>\n&#8211; SOS ROBOT (sobre ci\u00e8ncia, experiments, personalitats cient\u00edfiques i ci\u00e8ncia-ficci\u00f3, 60 llibres)<br \/>\n&#8211; ESTIMATS MONSTRES (sobre \u00e9ssers fant\u00e0stics, 35 llibres)<\/p>\n<\/div>\n<\/div>\n<\/div>\n<div class=\"su-accordion\">\n<div class=\"su-spoiler su-spoiler-style-simple su-spoiler-closed\">\n<div class=\"su-spoiler-title\"><span class=\"su-spoiler-icon\"><\/span>BIBLIOTECA ELECTR\u00d2NICA<\/div>\n<div class=\"su-spoiler-content\">\n<p>Podem oferir cursos per saber utilitzar aquesta nova eina, molt \u00fatil en les lectures obligat\u00f2ries de secund\u00e0ria.<\/p>\n<p><strong>Nom:<\/strong> Bibliotec a electr\u00f2nic a (E-biblio)<br \/>\n<strong>Modalitat:<\/strong> Biblioteca en l\u00ednia<br \/>\n<strong>Contingut:<\/strong> Servei de la biblioteca per poder accedir als continguts de manera digital i en l\u00ednia.<br \/>\n<strong>Durada:<\/strong> 45\/ 60 minuts<br \/>\n<strong>Destinataris:<\/strong> Secund\u00e0ria<br \/>\n<strong>Horari:<\/strong> 9.00 \u2013 12.00h (pr\u00e8via petici\u00f3 del centre)<\/p>\n<\/div>\n<\/div>\n<\/div>\n<p>&nbsp;<\/p>\n<h2>Biblioteca Municipal de Sant Josep de sa Talaia<\/h2>\n<div class=\"su-accordion\">\n<div class=\"su-spoiler su-spoiler-style-simple su-spoiler-closed\">\n<div class=\"su-spoiler-title\"><span class=\"su-spoiler-icon\"><\/span>VISITA A LA BIBLIOTECA PER A CENTRES ESCOLARS<\/div>\n<div class=\"su-spoiler-content\">\n<p><strong>Nom:<\/strong> Visita la Biblioteca de Sant Josep de sa Talaia<br \/>\n<strong>Modalitat:<\/strong> Dia i hora a convenir<br \/>\n<strong>Contingut:<\/strong> La finalitat de la nostra proposta \u00e9s donar a con\u00e8ixer els recursos bibliotecaris i fomentar els h\u00e0bits de lectura entre nens\/nenes i joves. Podeu concertar la vostra visita enviant un e-mail a: biblioteca@santjosep.org o telef\u00f2nicament: 971800416<br \/>\nLa visita consta de 3 parts: Presentaci\u00f3 de la biblioteca i funcionament, conta contes a c\u00e0rrec de les bibliotec\u00e0ries i temps lliure per gaudir de la lectura i descobrir tresors literaris. Si teniu un inter\u00e8s especial en alguna mat\u00e8ria en concret ens ho comuniqueu i centrem la visita en aquest camp del coneixement.<br \/>\n<strong>Durada:<\/strong> 60 minuts<br \/>\n<strong>Destinataris:<\/strong> Infantil, Prim\u00e0ria i secund\u00e0ria<\/p>\n<\/div>\n<\/div>\n<\/div>\n<div class=\"su-accordion\">\n<div class=\"su-spoiler su-spoiler-style-simple su-spoiler-closed\">\n<div class=\"su-spoiler-title\"><span class=\"su-spoiler-icon\"><\/span>LOTS DE PR\u00c9STECS COL\u00b7LECTIUS ALS CENTRES EDUCATIUS<\/div>\n<div class=\"su-spoiler-content\">\n<p>Selecci\u00f3 bibliogr\u00e0fica de 10-15 documents (llibres, DVD&#8217;s i altres), segons les necessitats dels centres educatius. Amb l&#8217;objec tiu d&#8217;ampliar el material de consulta de llibres de coneixement quan s&#8217;est\u00e0 treballant un tema a la classe, o simplement voleu un lot divers de contes amb finalitat l\u00fadica per fomentar la lectura. Es presta a l&#8217;aula durant un mes.<\/p>\n<p><strong>Nom:<\/strong> Pr\u00e9stec col\u00b7lectiu als centres educatius<br \/>\n<strong>Modalitat:<\/strong> Cistella viatgera<br \/>\n<strong>Contingut:<\/strong> Selecci\u00f3 de llibres en funci\u00f3 de les vostres necessitats. Ens podeu enviar un correu electr\u00f2nic , visitar-nos a la biblioteca o contactar via telef\u00f2nica o whatsApp<br \/>\n<strong>Durada:<\/strong> 1 mes<br \/>\n<strong>Destinataris:<\/strong> Infantil, Prim\u00e0ria i secund\u00e0ria<\/p>\n<\/div>\n<\/div>\n<\/div>\n<p>&nbsp;<\/p>\n<p><strong>M\u00e9s informaci\u00f3<\/strong><\/p>\n<p><strong>Biblioteca Vicent Serra Orvay<\/strong><br \/>\nPer a qualsevol petici\u00f3 i\/ o informaci\u00f3 addicional, podeu posar-vos en contacte al seg\u00fcent correu electr\u00f2nic bibliosantjordi@santjosep.org o al tel\u00e8fon de la biblioteca Vicent Serra Orvay 871554056.<\/p>\n<p><strong>Biblioteca municipal de Cala de Bou<\/strong><br \/>\nPer a qualsevol petici\u00f3 i\/ o informaci\u00f3 addicional, podeu posar-vos en contacte al seg\u00fcent correu electr\u00f2nic biblioteca.caladebou@santjosep.org o al tel\u00e8fon de la biblioteca municipal de Cala de Bou 971348630<\/p>\n<p><strong>Biblioteca Municipal de Sant Josep<\/strong><br \/>\nPer a qualsevol petici\u00f3 i\/ o informaci\u00f3 addicional, podeu posar-vos en contacte al seg\u00fcent correu electr\u00f2nic biblioteca@santjosep.org o al tel\u00e8fon\/ WhatsApp de la biblioteca Municipal de Sant Josep 971800416.<\/p>\n<p>Estem oberts a suggeriments tant pel que fa a activitats com a adquisici\u00f3 de material bibliogr\u00e0fic que siguin del vostre inter\u00e8s.<\/p>\n","protected":false},"excerpt":{"rendered":"<p>L&#8217;Ajuntament de Sant Josep de sa Talaia , a trav\u00e9s del seu Departament de Cultura i Patrimoni, ofereix als centres educatius del municipi, les seg\u00fcents activitats guiades. Aquesta oferta educativa \u00e9s vigent per al curs acad\u00e8mic 2025-2026. Biblioteca Vicent Serra Orvay (Sant Jordi) &nbsp; Biblioteca Municipal de Cala de Bou &nbsp; Biblioteca Municipal de Sant [&hellip;]<\/p>\n","protected":false},"author":1,"featured_media":0,"parent":32904,"menu_order":0,"comment_status":"closed","ping_status":"closed","template":"page-templates\/page-two-columns.php","meta":[],"_links":{"self":[{"href":"https:\/\/www.santjosep.org\/es\/wp-json\/wp\/v2\/pages\/32900\/"}],"collection":[{"href":"https:\/\/www.santjosep.org\/es\/wp-json\/wp\/v2\/pages\/"}],"about":[{"href":"https:\/\/www.santjosep.org\/es\/wp-json\/wp\/v2\/types\/page\/"}],"author":[{"embeddable":true,"href":"https:\/\/www.santjosep.org\/es\/wp-json\/wp\/v2\/users\/1\/"}],"replies":[{"embeddable":true,"href":"https:\/\/www.santjosep.org\/es\/wp-json\/wp\/v2\/comments\/?post=32900"}],"version-history":[{"count":6,"href":"https:\/\/www.santjosep.org\/es\/wp-json\/wp\/v2\/pages\/32900\/revisions\/"}],"predecessor-version":[{"id":61841,"href":"https:\/\/www.santjosep.org\/es\/wp-json\/wp\/v2\/pages\/32900\/revisions\/61841\/"}],"up":[{"embeddable":true,"href":"https:\/\/www.santjosep.org\/es\/wp-json\/wp\/v2\/pages\/32904\/"}],"wp:attachment":[{"href":"https:\/\/www.santjosep.org\/es\/wp-json\/wp\/v2\/media\/?parent=32900"}],"curies":[{"name":"wp","href":"https:\/\/api.w.org\/{rel}","templated":true}]}}