{"id":32903,"date":"2019-12-16T15:15:19","date_gmt":"2019-12-16T14:15:19","guid":{"rendered":"https:\/\/www.santjosep.org\/departament-desports\/"},"modified":"2025-09-18T12:18:48","modified_gmt":"2025-09-18T10:18:48","slug":"departament-desports","status":"publish","type":"page","link":"https:\/\/www.santjosep.org\/es\/tu-municipio\/educacion\/oferta-educativa-municipal\/departament-desports\/","title":{"rendered":"Departament d&#8217;Esports"},"content":{"rendered":"<p>L&#8217;Ajuntament de Sant Josep de sa Talaia, a trav\u00e9s del seu Departament d&#8217;Esports, ofereix als centres educatius del municipi, les seg\u00fcents activitats guiades. Aquesta oferta educativa \u00e9s vigent per al curs acad\u00e8mic 2025\u20132026.<\/p>\n<div class=\"su-accordion\">\n<div class=\"su-spoiler su-spoiler-style-simple su-spoiler-closed\">\n<div class=\"su-spoiler-title\"><span class=\"su-spoiler-icon\"><\/span>NATACI\u00d3 ESCOLAR<\/div>\n<div class=\"su-spoiler-content\">\n<p>Activitat esportiva desenvolupada a la Piscina Municipal de Sant Josep adre\u00e7ada a alumnes d&#8217;educaci\u00f3 infantil dels centres escolars del municipi.<\/p>\n<\/div>\n<\/div>\n<\/div>\n<div class=\"su-accordion\">\n<div class=\"su-spoiler su-spoiler-style-simple su-spoiler-closed\">\n<div class=\"su-spoiler-title\"><span class=\"su-spoiler-icon\"><\/span>CESSI\u00d3 D&#8217;INSTAL\u00b7LACIONS ESPORTIVES<\/div>\n<div class=\"su-spoiler-content\">\n<ul>\n<li>Poliesportiu de Can Guerxo\n<ul>\n<li>CEIP Can Guerxo per impartir les seves classes d&#8217;Educaci\u00f3 F\u00edsica, aix\u00ed com tamb\u00e9 per desenvolupar promocions esportives.<\/li>\n<li>Escola Francesa per desenvolupar les seves classes\u00a0d&#8217;Educaci\u00f3 F\u00edsica.<\/li>\n<\/ul>\n<\/li>\n<li>Camp de Futbol de Sant Josep\n<ul>\n<li>CEIP L&#8217;Urgell per impartir les seves classes d&#8217;Educaci\u00f3 F\u00edsica.<\/li>\n<li>Amadiba per desenvolupar activitats educatives.<\/li>\n<\/ul>\n<\/li>\n<li>Camp de Futbol de Sant Agust\u00ed\n<ul>\n<li>IES Sant Agust\u00ed per impartir les seves classes d&#8217;Educaci\u00f3 F\u00edsica.<\/li>\n<li>CEIP Es Vedr\u00e0 per impartir les seves sessions d&#8217;Educaci\u00f3 F\u00edsica.<\/li>\n<\/ul>\n<\/li>\n<li>Piscina Municipal de Sant Josep\n<ul>\n<li>Amadiba per desenvolupar activitats educatives.<\/li>\n<\/ul>\n<\/li>\n<\/ul>\n<\/div>\n<\/div>\n<\/div>\n<div class=\"su-accordion\">\n<div class=\"su-spoiler su-spoiler-style-simple su-spoiler-closed\">\n<div class=\"su-spoiler-title\"><span class=\"su-spoiler-icon\"><\/span>MINIOLIMPIADES ESCOLARS<\/div>\n<div class=\"su-spoiler-content\">\n<p>Esdeveniment multiesportiu de 6 dies de duraci\u00f3 dirigit a tots el centres escolars de prim\u00e0ria (alumnes de 1r fins a 6\u00e8) i organitzat pel Departament d&#8217;Esports, juntament amb els centres escolars, que engloba diverses activitats fisic o esportives d&#8217;\u00e0nim l\u00fadic i inclusiu.<\/p>\n<p>Aquesta activitat es realitza anualment al mes de maig a les instal\u00b7lacions esportives municipals de Sant Josep.<\/p>\n<\/div>\n<\/div>\n<\/div>\n<div class=\"su-accordion\">\n<div class=\"su-spoiler su-spoiler-style-simple su-spoiler-closed\">\n<div class=\"su-spoiler-title\"><span class=\"su-spoiler-icon\"><\/span>INTERCENTRES<\/div>\n<div class=\"su-spoiler-content\">\n<p>Jornada esportiva i educativa celebrada al mes de febrer, organitzada pel Departament d&#8217;esports i pels alumnes del Cicle de Grau Superior en animaci\u00f3 d&#8217;Activitats F\u00edsiques i Esportives pels alumnes dels centres de secund\u00e0ria del municipi de Sant Josep. L&#8217;Ajuntament de Sant Josep col\u00b7labora amb la cessi\u00f3 de les instal\u00b7lacions esportives: Poliesportiu Can Guerxo i Camp Munic ipal de Futbol Kiko Serra.<\/p>\n<\/div>\n<\/div>\n<\/div>\n<div class=\"su-accordion\">\n<div class=\"su-spoiler su-spoiler-style-simple su-spoiler-closed\">\n<div class=\"su-spoiler-title\"><span class=\"su-spoiler-icon\"><\/span>ACTIVITATS ESPORTIVES EXTRAESCOLARS<\/div>\n<div class=\"su-spoiler-content\">\n<p>Activitats de les Escoles d&#8217;Iniciaci\u00f3 Esportiva que es realitzaran durant el curs escolar 2024-2025 als diferents centres educatius:<\/p>\n<p><strong>CEIP CAN RASPALLS<\/strong><br \/>\n\u00b7 HANDBOL SANT JOSEP (pati). Dilluns i dim\u00e9c res de 16:00 a 17:30<br \/>\n\u00b7 CD ILLES PITI\u00dcSES. Dilluns i dim\u00e9c res de 16:00 a 19:00<br \/>\n<strong>CEIP L\u2019URGELL<\/strong><br \/>\n\u00b7 TRIATL\u00d3 PRESUNTOS TRIATLETAS. Dimarts, dijous i divendres de 16:00 a 17:00<br \/>\n<strong>CEIP SES PLANES<\/strong><br \/>\n\u00b7 FUTBOL SALA UD ISLE\u00d1AS. Dilluns i dim\u00e9cres de 16:00 a 17:00<br \/>\n\u00b7 TAEKWONDO. Dimarts i dijous de 17:00 a 18:00<br \/>\n<strong>CEIP ES VEDR\u00c1<\/strong><br \/>\n\u00b7 FUTBOL SALA UD ISLE\u00d1AS. Dimarts i dijous de 17:00 a 18:00<br \/>\n\u00b7 GIMNASIA R\u00cdTMICA CLUB HEMA. Dim\u00e9cres i divendres de 16:00 a 17:00<br \/>\n\u00b7 HANDBOL SANT JOSEP. Dimarts i dijous de 16:00 a 17:30<br \/>\n<strong>CEIP SANT JORDI<\/strong><br \/>\n\u00b7 HANDBOL SANT JOSEP. Dilluns a divendres de 16:00 a 20:30<br \/>\n<strong>CEIP CAN GUERXO<\/strong><br \/>\n\u00b7 INICIACI\u00d3 ESPORTIVA INCLUSIVA ADDIF. Dilluns de 18:30 a 19:30<br \/>\n<strong>VERGE DE LES NEUS<\/strong><br \/>\n\u00b7 HANDBOL SANT JOSEP.Dilluns i dim\u00e9cres de 17.00 a 18.30\n<\/div>\n<\/div>\n<\/div>\n<p><strong>M\u00e9s informaci\u00f3<\/strong><br \/>\nPer a qualsevol petici\u00f3 i\/o informaci\u00f3 addicional, podeu posar-vos en contacte amb el seg\u00fcent correu electr\u00f2nic <a href=\"mailto:piscina@santjosep.org\">piscina@santjosep.org<\/a> o al tel\u00e8fon de la piscina municipal, 971 801 504<\/p>\n","protected":false},"excerpt":{"rendered":"<p>L&#8217;Ajuntament de Sant Josep de sa Talaia, a trav\u00e9s del seu Departament d&#8217;Esports, ofereix als centres educatius del municipi, les seg\u00fcents activitats guiades. Aquesta oferta educativa \u00e9s vigent per al curs acad\u00e8mic 2025\u20132026. M\u00e9s informaci\u00f3 Per a qualsevol petici\u00f3 i\/o informaci\u00f3 addicional, podeu posar-vos en contacte amb el seg\u00fcent correu electr\u00f2nic piscina@santjosep.org o al tel\u00e8fon [&hellip;]<\/p>\n","protected":false},"author":1,"featured_media":0,"parent":32904,"menu_order":0,"comment_status":"closed","ping_status":"closed","template":"page-templates\/page-two-columns.php","meta":[],"_links":{"self":[{"href":"https:\/\/www.santjosep.org\/es\/wp-json\/wp\/v2\/pages\/32903\/"}],"collection":[{"href":"https:\/\/www.santjosep.org\/es\/wp-json\/wp\/v2\/pages\/"}],"about":[{"href":"https:\/\/www.santjosep.org\/es\/wp-json\/wp\/v2\/types\/page\/"}],"author":[{"embeddable":true,"href":"https:\/\/www.santjosep.org\/es\/wp-json\/wp\/v2\/users\/1\/"}],"replies":[{"embeddable":true,"href":"https:\/\/www.santjosep.org\/es\/wp-json\/wp\/v2\/comments\/?post=32903"}],"version-history":[{"count":1,"href":"https:\/\/www.santjosep.org\/es\/wp-json\/wp\/v2\/pages\/32903\/revisions\/"}],"predecessor-version":[{"id":61813,"href":"https:\/\/www.santjosep.org\/es\/wp-json\/wp\/v2\/pages\/32903\/revisions\/61813\/"}],"up":[{"embeddable":true,"href":"https:\/\/www.santjosep.org\/es\/wp-json\/wp\/v2\/pages\/32904\/"}],"wp:attachment":[{"href":"https:\/\/www.santjosep.org\/es\/wp-json\/wp\/v2\/media\/?parent=32903"}],"curies":[{"name":"wp","href":"https:\/\/api.w.org\/{rel}","templated":true}]}}