{"id":338,"date":"2013-09-05T16:22:52","date_gmt":"2013-09-05T16:22:52","guid":{"rendered":"https:\/\/www.santjosep.org\/?page_id=338"},"modified":"2024-10-16T12:22:24","modified_gmt":"2024-10-16T10:22:24","slug":"politica-de-privacidad","status":"publish","type":"page","link":"https:\/\/www.santjosep.org\/es\/politica-de-privacidad\/","title":{"rendered":"Pol\u00edtica de privacidad"},"content":{"rendered":"<h2 id=\"normativa\">Protecci\u00f3n de Datos<\/h2>\n<ul>\n<li><a href=\"https:\/\/www.santjosep.org\/es\/politica-de-privacidad\/formularios-de-derechos\/\"><strong>Formularios de derechos<\/strong><\/a><\/li>\n<li><a href=\"https:\/\/www.santjosep.org\/es\/politica-de-privacidad\/registro-de-actividades-de-tratamiento\/\"><strong>Registro de actividades de tratamiento<\/strong><\/a><\/li>\n<\/ul>\n<p><strong>Identificaci\u00f3n del Delegado de Protecci\u00f3n de Datos<\/strong><\/p>\n<p>DATOS DEL RESPONSABLE DEL FICHERO<\/p>\n<p>Nombre, Raz\u00f3n social: AJUNTAMENT SANT JOSEP DE SA TALAIA<\/p>\n<p>CIF: P0704800B<\/p>\n<p>Carrer de Pere Escanellas 12 \u2013 16, Sant Josep de sa Talaia 07830<\/p>\n<p>dpd@santjosep.org<\/p>\n<div class=\"su-divider\"><\/div>\n<h2 id=\"camaras\">Protecci\u00f3n de datos de las im\u00e1genes captadas por c\u00e1maras policiales<\/h2>\n<div class=\"su-spacer\" style=\"height:30px\"><\/div>\n<div class=\"su-column su-column-size-1-2\">\n<div class=\"su-column-inner\">\n<p class=\"ss-pdf textedit\"><strong><a href=\"https:\/\/www.santjosep.org\/wp-content\/uploads\/2021\/09\/20210913_Modelo-de-informacio\u0301n-drones.docx\" target=\"_blank\" rel=\"noopener\">Modelo de informacio\u0301n drones<\/a><\/strong><\/p>\n<\/div>\n<\/div>\n<div class=\"su-column su-column-size-1-2\">\n<div class=\"su-column-inner\">\n<p class=\"ss-pdf textedit\"><strong><a href=\"https:\/\/www.santjosep.org\/wp-content\/uploads\/2021\/09\/20210913_Modelo-de-informacio\u0301n-ca\u0301maras.docx\" target=\"_blank\" rel=\"noopener\">Modelo de informacio\u0301n ca\u0301maras<\/a><\/strong><\/p>\n<\/div>\n<\/div>\n<div class=\"su-column su-column-size-1-2\">\n<div class=\"su-column-inner\">\n<p class=\"ss-pdf textedit\"><strong><a href=\"https:\/\/www.santjosep.org\/wp-content\/uploads\/2021\/09\/20210913_20210625_registro_de_actividades_de_tratamiento_RAT_drones.pdf\" target=\"_blank\" rel=\"noopener\">Registro de actividades de tratamiento drones<\/a><\/strong><\/p>\n<\/div>\n<\/div>\n<div class=\"su-column su-column-size-1-2\">\n<div class=\"su-column-inner\">\n<p class=\"ss-pdf textedit\"><strong><a href=\"https:\/\/www.santjosep.org\/wp-content\/uploads\/2021\/09\/Registro_de_actividades_de_tratamiento_RAT_ca\u0301maras_corporales.pdf\" target=\"_blank\" rel=\"noopener\">Registro de actividades de tratamiento ca\u0301maras<\/a><\/strong><\/p>\n<\/div>\n<\/div>\n<div class=\"su-column su-column-size-1-2\">\n<div class=\"su-column-inner\">\n<p class=\"ss-pdf textedit\"><strong><a href=\"https:\/\/www.santjosep.org\/wp-content\/uploads\/2021\/09\/20210913_INFORME-EIPD_drones.pdf\" target=\"_blank\" rel=\"noopener\">INFORME EIPD drones<\/a><\/strong><\/p>\n<\/div>\n<\/div>\n<div class=\"su-column su-column-size-1-2\">\n<div class=\"su-column-inner\">\n<p class=\"ss-pdf textedit\"><strong><a href=\"https:\/\/www.santjosep.org\/wp-content\/uploads\/2021\/09\/20210913_INFORME-EIPD_ca\u0301maras.pdf\" target=\"_blank\" rel=\"noopener\">INFORME EIPD ca\u00e1maras<\/a><\/strong><\/p>\n<\/div>\n<\/div>\n<div class=\"su-divider\"><\/div>\n<h2 id=\"camarasmuni\">Protecci\u00f3n de datos de las im\u00e1genes captadas por c\u00e1maras fijas en espacios p\u00fablicos de titularidad municipal<\/h2>\n<div class=\"su-spacer\" style=\"height:30px\"><\/div>\n<p class=\"ss-pdf textedit\"><strong><a href=\"https:\/\/www.santjosep.org\/wp-content\/uploads\/2024\/10\/20240910_RAT.pdf\" target=\"_blank\" rel=\"noopener\">Registro de actividades de tratamiento de c\u00e1maras<\/a><\/strong><\/p>\n","protected":false},"excerpt":{"rendered":"<p>Protecci\u00f3n de Datos Formularios de derechos Registro de actividades de tratamiento Identificaci\u00f3n del Delegado de Protecci\u00f3n de Datos DATOS DEL RESPONSABLE DEL FICHERO Nombre, Raz\u00f3n social: AJUNTAMENT SANT JOSEP DE SA TALAIA CIF: P0704800B Carrer de Pere Escanellas 12 \u2013 16, Sant Josep de sa Talaia 07830 dpd@santjosep.org Protecci\u00f3n de datos de las im\u00e1genes captadas [&hellip;]<\/p>\n","protected":false},"author":1,"featured_media":0,"parent":0,"menu_order":0,"comment_status":"closed","ping_status":"closed","template":"","meta":[],"_links":{"self":[{"href":"https:\/\/www.santjosep.org\/es\/wp-json\/wp\/v2\/pages\/338\/"}],"collection":[{"href":"https:\/\/www.santjosep.org\/es\/wp-json\/wp\/v2\/pages\/"}],"about":[{"href":"https:\/\/www.santjosep.org\/es\/wp-json\/wp\/v2\/types\/page\/"}],"author":[{"embeddable":true,"href":"https:\/\/www.santjosep.org\/es\/wp-json\/wp\/v2\/users\/1\/"}],"replies":[{"embeddable":true,"href":"https:\/\/www.santjosep.org\/es\/wp-json\/wp\/v2\/comments\/?post=338"}],"version-history":[{"count":0,"href":"https:\/\/www.santjosep.org\/es\/wp-json\/wp\/v2\/pages\/338\/revisions\/"}],"wp:attachment":[{"href":"https:\/\/www.santjosep.org\/es\/wp-json\/wp\/v2\/media\/?parent=338"}],"curies":[{"name":"wp","href":"https:\/\/api.w.org\/{rel}","templated":true}]}}