{"id":3631,"date":"2013-11-25T16:38:15","date_gmt":"2013-11-25T16:38:15","guid":{"rendered":"https:\/\/www.santjosep.org\/?page_id=3631"},"modified":"2025-08-18T12:00:05","modified_gmt":"2025-08-18T10:00:05","slug":"sant-francesc-de-sestany","status":"publish","type":"page","link":"https:\/\/www.santjosep.org\/es\/tu-municipio\/zonas-de-poblacion\/sant-francesc-de-sestany\/","title":{"rendered":"Sant Francesc de s&#8217;Estany"},"content":{"rendered":"<div id=\"new-royalslider-18\" class=\"royalSlider new-royalslider-18 rsUni rs-default-template\" style=\"width:100%;;\">\n<div class=\"rsContent\">\n  <img class=\"rsImg\" src=\"https:\/\/www.santjosep.org\/wp-content\/uploads\/2013\/11\/IMG_0033.jpg\" alt=\"IMG_0033\"\/><\/p>\n<\/div>\n<div class=\"rsContent\">\n  <img class=\"rsImg\" src=\"https:\/\/www.santjosep.org\/wp-content\/uploads\/2013\/11\/IMG_0068.jpg\" alt=\"IMG_0068\"\/><\/p>\n<\/div>\n<div class=\"rsContent\">\n  <img class=\"rsImg\" src=\"https:\/\/www.santjosep.org\/wp-content\/uploads\/2013\/11\/IMG_6167.jpg\" alt=\"IMG_6167\"\/><\/p>\n<\/div>\n<div class=\"rsContent\">\n  <img class=\"rsImg\" src=\"https:\/\/www.santjosep.org\/wp-content\/uploads\/2013\/11\/salinas_IMG_9825.jpg\" alt=\"salinas_IMG_9825\"\/><\/p>\n<\/div>\n<div class=\"rsContent\">\n  <img class=\"rsImg\" src=\"https:\/\/www.santjosep.org\/wp-content\/uploads\/2013\/11\/IMG_9295_escavallet.jpg\" alt=\"IMG_9295_escavallet\"\/><\/p>\n<\/div>\n<div class=\"rsContent\">\n  <img class=\"rsImg\" src=\"https:\/\/www.santjosep.org\/wp-content\/uploads\/2013\/11\/parcnaturalsalinasIMG_9775.jpg\" alt=\"parcnaturalsalinasIMG_9775\"\/><\/p>\n<\/div>\n<\/div>\n<p>&nbsp;<\/p>\n<p>El pueblo de Sant Francesc, dentro del cual se encuentran los estanques, cuenta con dos peque\u00f1as iglesias de gran belleza, la parroquia de Sant Francesc de s\u2019Estany y la dedicada a Sant Carles en el lugar conocido como la Revista. Tambi\u00e9n hay dos torres de defensa costeras, a la Sal Rossa y a la punta de ses Portes, el pintoresco puerto salinero de sa Canal y el yacimiento arqueol\u00f3gico de sa Caleta, lugar donde probablemente hubo la primera ciudad fen\u00edcia de las Piti\u00fcses (fundada en el siglo VII a.C.), hoy catalogado dentro de los bienes de Eivissa que la UNESCO declar\u00f3 Patrimonio de la Humanidad el a\u00f1o 1999.<\/p>\n<p><strong>MAPA DE LA ZONA<\/strong><\/p>\n<p><iframe src=\"https:\/\/www.google.com\/maps\/embed?pb=!1m18!1m12!1m3!1d12425.812291342885!2d1.3842131005992626!3d38.867874742932656!2m3!1f0!2f0!3f0!3m2!1i1024!2i768!4f13.1!3m3!1m2!1s0x129945ba4e39750d%3A0xa17f42b9b5fddcf!2s07818%20San%20Francesc%20de%20s&#39;Estany%2C%20Illes%20Balears!5e0!3m2!1ses!2ses!4v1755510657920!5m2!1ses!2ses\" width=\"665\" height=\"450\" style=\"border:0;\" allowfullscreen=\"\" loading=\"lazy\" referrerpolicy=\"no-referrer-when-downgrade\"><\/iframe><\/p>\n","protected":false},"excerpt":{"rendered":"<p>&nbsp; El pueblo de Sant Francesc, dentro del cual se encuentran los estanques, cuenta con dos peque\u00f1as iglesias de gran belleza, la parroquia de Sant Francesc de s\u2019Estany y la dedicada a Sant Carles en el lugar conocido como la Revista. Tambi\u00e9n hay dos torres de defensa costeras, a la Sal Rossa y a la [&hellip;]<\/p>\n","protected":false},"author":1,"featured_media":0,"parent":199,"menu_order":0,"comment_status":"closed","ping_status":"closed","template":"","meta":[],"_links":{"self":[{"href":"https:\/\/www.santjosep.org\/es\/wp-json\/wp\/v2\/pages\/3631\/"}],"collection":[{"href":"https:\/\/www.santjosep.org\/es\/wp-json\/wp\/v2\/pages\/"}],"about":[{"href":"https:\/\/www.santjosep.org\/es\/wp-json\/wp\/v2\/types\/page\/"}],"author":[{"embeddable":true,"href":"https:\/\/www.santjosep.org\/es\/wp-json\/wp\/v2\/users\/1\/"}],"replies":[{"embeddable":true,"href":"https:\/\/www.santjosep.org\/es\/wp-json\/wp\/v2\/comments\/?post=3631"}],"version-history":[{"count":1,"href":"https:\/\/www.santjosep.org\/es\/wp-json\/wp\/v2\/pages\/3631\/revisions\/"}],"predecessor-version":[{"id":61288,"href":"https:\/\/www.santjosep.org\/es\/wp-json\/wp\/v2\/pages\/3631\/revisions\/61288\/"}],"up":[{"embeddable":true,"href":"https:\/\/www.santjosep.org\/es\/wp-json\/wp\/v2\/pages\/199\/"}],"wp:attachment":[{"href":"https:\/\/www.santjosep.org\/es\/wp-json\/wp\/v2\/media\/?parent=3631"}],"curies":[{"name":"wp","href":"https:\/\/api.w.org\/{rel}","templated":true}]}}