{"id":3637,"date":"2013-11-25T16:44:18","date_gmt":"2013-11-25T16:44:18","guid":{"rendered":"https:\/\/www.santjosep.org\/?page_id=3637"},"modified":"2025-08-18T11:39:37","modified_gmt":"2025-08-18T09:39:37","slug":"es-cubells","status":"publish","type":"page","link":"https:\/\/www.santjosep.org\/es\/tu-municipio\/zonas-de-poblacion\/es-cubells\/","title":{"rendered":"Es Cubells"},"content":{"rendered":"<div id=\"new-royalslider-9\" class=\"royalSlider new-royalslider-9 rsUni rs-default-template\" style=\"width:100%;;\">\n<div class=\"rsContent\">\n  <img class=\"rsImg\" src=\"https:\/\/www.santjosep.org\/wp-content\/uploads\/2013\/11\/IMG_0898.jpg\" alt=\"IMG_0898\"\/><\/p>\n<\/div>\n<div class=\"rsContent\">\n  <img class=\"rsImg\" src=\"https:\/\/www.santjosep.org\/wp-content\/uploads\/2013\/11\/IMG_8432.jpg\" alt=\"IMG_8432\"\/><\/p>\n<\/div>\n<div class=\"rsContent\">\n  <img class=\"rsImg\" src=\"https:\/\/www.santjosep.org\/wp-content\/uploads\/2013\/11\/IMG_0916.jpg\" alt=\"IMG_0916\"\/><\/p>\n<\/div>\n<div class=\"rsContent\">\n  <img class=\"rsImg\" src=\"https:\/\/www.santjosep.org\/wp-content\/uploads\/2013\/11\/esvedra.jpg\" alt=\"esvedra\"\/><\/p>\n<\/div>\n<div class=\"rsContent\">\n  <img class=\"rsImg\" src=\"https:\/\/www.santjosep.org\/wp-content\/uploads\/2013\/11\/IMG_5384.jpg\" alt=\"IMG_5384\"\/><\/p>\n<\/div>\n<div class=\"rsContent\">\n  <img class=\"rsImg\" src=\"https:\/\/www.santjosep.org\/wp-content\/uploads\/2013\/11\/esvedrasunset1.jpg\" alt=\"esvedrasunset1\"\/><\/p>\n<\/div>\n<div class=\"rsContent\">\n  <img class=\"rsImg\" src=\"https:\/\/www.santjosep.org\/wp-content\/uploads\/2013\/11\/IMG_1192.jpg\" alt=\"IMG_1192\"\/><\/p>\n<\/div>\n<div class=\"rsContent\">\n  <img class=\"rsImg\" src=\"https:\/\/www.santjosep.org\/wp-content\/uploads\/2013\/11\/IMG_0954.jpg\" alt=\"IMG_0954\"\/><\/p>\n<\/div>\n<\/div>\n<p>Es Cubells es el pueblo que se corresponde con la parroquia de la Mare de D\u00e9u del Carme, creada en el a\u00f1o 1933 con tierras que antes eran de Sant Josep de sa Talaia. La iglesia es bien contempor\u00e1nea, ya que no se acab\u00f3 hasta 1958. Cabe destacar los paisajes costeros, tanto las vistas que hay desde los alrededores de la propia iglesia como, muy especialmente, desde la zona del cap Llentrisca, el puig des Savinar y cala d\u2019Hort hacia los imponentes islotes de es Vedr\u00e0 y es Vedranell. En el puig des Savinar hay tambi\u00e9n una torre de defensa costera, probablemente del siglo XVII.<\/p>\n<p>&nbsp;<\/p>\n<p><strong>MAPA DE LA ZONA<\/strong><\/p>\n<p><iframe src=\"https:\/\/www.google.com\/maps\/embed?pb=!1m18!1m12!1m3!1d5378.705166432437!2d1.2720624774215332!3d38.88055432172754!2m3!1f0!2f0!3f0!3m2!1i1024!2i768!4f13.1!3m3!1m2!1s0x12994c141e048ad9%3A0xaadc3dd1df14fbda!2s07839%20Es%20Cubells%2C%20Illes%20Balears!5e1!3m2!1ses!2ses!4v1755509884145!5m2!1ses!2ses\" width=\"665\" height=\"450\" style=\"border:0;\" allowfullscreen=\"\" loading=\"lazy\" referrerpolicy=\"no-referrer-when-downgrade\"><\/iframe><\/p>\n","protected":false},"excerpt":{"rendered":"<p>Es Cubells es el pueblo que se corresponde con la parroquia de la Mare de D\u00e9u del Carme, creada en el a\u00f1o 1933 con tierras que antes eran de Sant Josep de sa Talaia. La iglesia es bien contempor\u00e1nea, ya que no se acab\u00f3 hasta 1958. Cabe destacar los paisajes costeros, tanto las vistas que [&hellip;]<\/p>\n","protected":false},"author":1,"featured_media":0,"parent":199,"menu_order":0,"comment_status":"closed","ping_status":"closed","template":"","meta":[],"_links":{"self":[{"href":"https:\/\/www.santjosep.org\/es\/wp-json\/wp\/v2\/pages\/3637\/"}],"collection":[{"href":"https:\/\/www.santjosep.org\/es\/wp-json\/wp\/v2\/pages\/"}],"about":[{"href":"https:\/\/www.santjosep.org\/es\/wp-json\/wp\/v2\/types\/page\/"}],"author":[{"embeddable":true,"href":"https:\/\/www.santjosep.org\/es\/wp-json\/wp\/v2\/users\/1\/"}],"replies":[{"embeddable":true,"href":"https:\/\/www.santjosep.org\/es\/wp-json\/wp\/v2\/comments\/?post=3637"}],"version-history":[{"count":1,"href":"https:\/\/www.santjosep.org\/es\/wp-json\/wp\/v2\/pages\/3637\/revisions\/"}],"predecessor-version":[{"id":61271,"href":"https:\/\/www.santjosep.org\/es\/wp-json\/wp\/v2\/pages\/3637\/revisions\/61271\/"}],"up":[{"embeddable":true,"href":"https:\/\/www.santjosep.org\/es\/wp-json\/wp\/v2\/pages\/199\/"}],"wp:attachment":[{"href":"https:\/\/www.santjosep.org\/es\/wp-json\/wp\/v2\/media\/?parent=3637"}],"curies":[{"name":"wp","href":"https:\/\/api.w.org\/{rel}","templated":true}]}}