{"id":44246,"date":"2021-10-13T11:49:28","date_gmt":"2021-10-13T09:49:28","guid":{"rendered":"https:\/\/www.santjosep.org\/tu-municipio\/cultura-y-patrimonio\/auditori-calo-de-soli\/"},"modified":"2025-04-24T08:46:56","modified_gmt":"2025-04-24T06:46:56","slug":"auditorio-calo-de-soli","status":"publish","type":"page","link":"https:\/\/www.santjosep.org\/es\/tu-municipio\/cultura-y-patrimonio\/auditorio-calo-de-soli\/","title":{"rendered":"Auditorio Cal\u00f3 de s&#8217;Oli"},"content":{"rendered":"<div id=\"new-royalslider-20\" class=\"royalSlider new-royalslider-20 rsUni rs-default-template\" style=\"width:100%;;\">\n<div class=\"rsContent\">\n  <img class=\"rsImg\" src=\"https:\/\/www.santjosep.org\/wp-content\/uploads\/2021\/11\/RR_05446-Editar-800x533.jpg\" alt=\"RR_05446-Editar\"\/><\/p>\n<\/div>\n<div class=\"rsContent\">\n  <img class=\"rsImg\" src=\"https:\/\/www.santjosep.org\/wp-content\/uploads\/2021\/11\/RR_05394-800x533.jpg\" alt=\"RR_05394\"\/><\/p>\n<\/div>\n<div class=\"rsContent\">\n  <img class=\"rsImg\" src=\"https:\/\/www.santjosep.org\/wp-content\/uploads\/2021\/11\/RR_05395-800x533.jpg\" alt=\"RR_05395\"\/><\/p>\n<\/div>\n<div class=\"rsContent\">\n  <img class=\"rsImg\" src=\"https:\/\/www.santjosep.org\/wp-content\/uploads\/2021\/11\/RR_05404-Editar-800x533.jpg\" alt=\"RR_05404-Editar\"\/><\/p>\n<\/div>\n<div class=\"rsContent\">\n  <img class=\"rsImg\" src=\"https:\/\/www.santjosep.org\/wp-content\/uploads\/2021\/11\/RR_05465-800x533.jpg\" alt=\"RR_05465\"\/><\/p>\n<\/div>\n<div class=\"rsContent\">\n  <img class=\"rsImg\" src=\"https:\/\/www.santjosep.org\/wp-content\/uploads\/2021\/11\/RR_05471-Editar-800x533.jpg\" alt=\"RR_05471-Editar\"\/><\/p>\n<\/div>\n<div class=\"rsContent\">\n  <img class=\"rsImg\" src=\"https:\/\/www.santjosep.org\/wp-content\/uploads\/2021\/11\/RR_05476-800x533.jpg\" alt=\"RR_05476\"\/><\/p>\n<\/div>\n<div class=\"rsContent\">\n  <img class=\"rsImg\" src=\"https:\/\/www.santjosep.org\/wp-content\/uploads\/2021\/11\/RR_05477-800x533.jpg\" alt=\"RR_05477\"\/><\/p>\n<\/div>\n<div class=\"rsContent\">\n  <img class=\"rsImg\" src=\"https:\/\/www.santjosep.org\/wp-content\/uploads\/2021\/11\/RR_05495-Editar-2-Editar-Editar-800x533.jpg\" alt=\"RR_05495-Editar-2-Editar-Editar\"\/><\/p>\n<\/div>\n<div class=\"rsContent\">\n  <img class=\"rsImg\" src=\"https:\/\/www.santjosep.org\/wp-content\/uploads\/2021\/11\/Calo-interior-post-800x600.jpg\" alt=\"Calo-interior-post\"\/><\/p>\n<\/div>\n<div class=\"rsContent\">\n  <img class=\"rsImg\" src=\"https:\/\/www.santjosep.org\/wp-content\/uploads\/2021\/11\/79A3280-800x533.jpg\" alt=\"_79A3280\"\/><\/p>\n<\/div>\n<div class=\"rsContent\">\n  <img class=\"rsImg\" src=\"https:\/\/www.santjosep.org\/wp-content\/uploads\/2021\/11\/79A3282-800x533.jpg\" alt=\"_79A3282\"\/><\/p>\n<\/div>\n<div class=\"rsContent\">\n  <img class=\"rsImg\" src=\"https:\/\/www.santjosep.org\/wp-content\/uploads\/2021\/11\/79A3326-800x533.jpg\" alt=\"_79A3326\"\/><\/p>\n<\/div>\n<div class=\"rsContent\">\n  <img class=\"rsImg\" src=\"https:\/\/www.santjosep.org\/wp-content\/uploads\/2021\/11\/WhatsApp-Image-2021-10-10-at-20.21.01-800x600.jpeg\" alt=\"WhatsApp Image 2021-10-10 at 20.21.01\"\/><\/p>\n<\/div>\n<\/div>\n<div class=\"su-spacer\" style=\"height:10px\"><\/div>\n<p><strong>Carrer de M\u00e1laga, 1, Sant Josep de sa Talaia.<\/strong><br \/>\n<strong> Tel\u00e9fono: 871 556 504<\/strong><\/p>\n<p><strong>AUDITORIO<\/strong><br \/>\nAcceso 30 minutos antes de la funci\u00f3n<\/p>\n<p><strong>SALA DE EXPOSICIONES<\/strong><br \/>\nEspacio abierto durante las exposiciones temporales<br \/>\nDe jueves a s\u00e1bado de 18.30 a 20.30 h, y de viernes a domingo de 11.00 h a 13.30 h<\/p>\n<p>Consulta la programaci\u00f3n en <a href=\"https:\/\/cultura.santjosep.org\/es\/\" rel=\"noopener\" target=\"_blank\">cultura.santjosep.org<\/a><\/p>\n<div class=\"su-divider\"><\/div>\n<p><a href=\"https:\/\/santjosep.sedelectronica.es\/catalog\/tw\/295b7967-acba-4cd3-b405-22ee5ccfb664\" class=\"su-button su-button-style-flat\" style=\"color:#FFFFFF;background-color:#0088CB;border-color:#006da2;border-radius:20px;-moz-border-radius:20px;-webkit-border-radius:20px\" target=\"_blank\"><span style=\"color:#FFFFFF;padding:0px 24px;font-size:18px;line-height:36px;border-color:#4dacdb;border-radius:20px;-moz-border-radius:20px;-webkit-border-radius:20px;text-shadow:0 0 1px #00527a;-moz-text-shadow:0 0 1px #00527a;-webkit-text-shadow:0 0 1px #00527a\"> TR\u00c1MITE DE SOLICITUD DEL ESPACIO<\/span><\/a><\/p>\n<p><!--[agenda categoria=\"auditori-calo-de-soli\" title=\"pr\u00f3ximos eventos en el Auditorio Cal\u00f3 de s'Oli\"][\/agenda]\n\n<a class=\"cf_lft\" href=\"\/?tribe_events_cat=auditorio-calo-de-soli\">Ver la agenda completa<\/a>--><\/p>\n","protected":false},"excerpt":{"rendered":"<p>Carrer de M\u00e1laga, 1, Sant Josep de sa Talaia. Tel\u00e9fono: 871 556 504 AUDITORIO Acceso 30 minutos antes de la funci\u00f3n SALA DE EXPOSICIONES Espacio abierto durante las exposiciones temporales De jueves a s\u00e1bado de 18.30 a 20.30 h, y de viernes a domingo de 11.00 h a 13.30 h Consulta la programaci\u00f3n en cultura.santjosep.org<\/p>\n","protected":false},"author":1,"featured_media":43820,"parent":201,"menu_order":0,"comment_status":"closed","ping_status":"closed","template":"page-templates\/page-two-columns.php","meta":[],"_links":{"self":[{"href":"https:\/\/www.santjosep.org\/es\/wp-json\/wp\/v2\/pages\/44246\/"}],"collection":[{"href":"https:\/\/www.santjosep.org\/es\/wp-json\/wp\/v2\/pages\/"}],"about":[{"href":"https:\/\/www.santjosep.org\/es\/wp-json\/wp\/v2\/types\/page\/"}],"author":[{"embeddable":true,"href":"https:\/\/www.santjosep.org\/es\/wp-json\/wp\/v2\/users\/1\/"}],"replies":[{"embeddable":true,"href":"https:\/\/www.santjosep.org\/es\/wp-json\/wp\/v2\/comments\/?post=44246"}],"version-history":[{"count":0,"href":"https:\/\/www.santjosep.org\/es\/wp-json\/wp\/v2\/pages\/44246\/revisions\/"}],"up":[{"embeddable":true,"href":"https:\/\/www.santjosep.org\/es\/wp-json\/wp\/v2\/pages\/201\/"}],"wp:featuredmedia":[{"embeddable":true,"href":"https:\/\/www.santjosep.org\/es\/wp-json\/wp\/v2\/media\/43820\/"}],"wp:attachment":[{"href":"https:\/\/www.santjosep.org\/es\/wp-json\/wp\/v2\/media\/?parent=44246"}],"curies":[{"name":"wp","href":"https:\/\/api.w.org\/{rel}","templated":true}]}}