{"id":56142,"date":"2023-11-22T10:39:41","date_gmt":"2023-11-22T09:39:41","guid":{"rendered":"https:\/\/www.santjosep.org\/formularis-de-drets\/"},"modified":"2023-11-22T12:03:29","modified_gmt":"2023-11-22T11:03:29","slug":"formularios-de-derechos","status":"publish","type":"page","link":"https:\/\/www.santjosep.org\/es\/politica-de-privacidad\/formularios-de-derechos\/","title":{"rendered":"Formularios de derechos"},"content":{"rendered":"<ul>\n<li><strong><a href=\"https:\/\/www.santjosep.org\/documentos\/es\/formularios-derecho\/Derecho-de-acceso.docx\">Derecho de acceso<\/a><\/strong><\/li>\n<li><strong><a href=\"https:\/\/www.santjosep.org\/documentos\/es\/formularios-derecho\/Derecho-de-limitacion.docx\">Derecho de limitaci\u00f3n<\/a><\/strong><\/li>\n<li><strong><a href=\"https:\/\/www.santjosep.org\/documentos\/es\/formularios-derecho\/Derecho-de-oposicion.docx\">Derecho de oposici\u00f3n<\/a><\/strong><\/li>\n<li><strong><a href=\"https:\/\/www.santjosep.org\/documentos\/es\/formularios-derecho\/Derecho-de-portabilidad.docx\">Derecho de portabilidad<\/a><\/strong><\/li>\n<li><strong><a href=\"https:\/\/www.santjosep.org\/documentos\/es\/formularios-derecho\/Derecho-de-rectificacion.docx\">Derecho de rectificaci\u00f3n<\/a><\/strong><\/li>\n<li><strong><a href=\"https:\/\/www.santjosep.org\/documentos\/es\/formularios-derecho\/Derecho-de-supresion.docx\">Derecho de supresi\u00f3n<\/a><\/strong><\/li>\n<\/ul>\n","protected":false},"excerpt":{"rendered":"<p>Derecho de acceso Derecho de limitaci\u00f3n Derecho de oposici\u00f3n Derecho de portabilidad Derecho de rectificaci\u00f3n Derecho de supresi\u00f3n<\/p>\n","protected":false},"author":1,"featured_media":0,"parent":338,"menu_order":0,"comment_status":"closed","ping_status":"closed","template":"","meta":[],"_links":{"self":[{"href":"https:\/\/www.santjosep.org\/es\/wp-json\/wp\/v2\/pages\/56142\/"}],"collection":[{"href":"https:\/\/www.santjosep.org\/es\/wp-json\/wp\/v2\/pages\/"}],"about":[{"href":"https:\/\/www.santjosep.org\/es\/wp-json\/wp\/v2\/types\/page\/"}],"author":[{"embeddable":true,"href":"https:\/\/www.santjosep.org\/es\/wp-json\/wp\/v2\/users\/1\/"}],"replies":[{"embeddable":true,"href":"https:\/\/www.santjosep.org\/es\/wp-json\/wp\/v2\/comments\/?post=56142"}],"version-history":[{"count":0,"href":"https:\/\/www.santjosep.org\/es\/wp-json\/wp\/v2\/pages\/56142\/revisions\/"}],"up":[{"embeddable":true,"href":"https:\/\/www.santjosep.org\/es\/wp-json\/wp\/v2\/pages\/338\/"}],"wp:attachment":[{"href":"https:\/\/www.santjosep.org\/es\/wp-json\/wp\/v2\/media\/?parent=56142"}],"curies":[{"name":"wp","href":"https:\/\/api.w.org\/{rel}","templated":true}]}}