{"id":56152,"date":"2023-11-22T11:38:41","date_gmt":"2023-11-22T10:38:41","guid":{"rendered":"https:\/\/www.santjosep.org\/politica-de-privacidad\/registre-dactivitats-de-tractament\/"},"modified":"2023-11-22T12:00:00","modified_gmt":"2023-11-22T11:00:00","slug":"registro-de-actividades-de-tratamiento","status":"publish","type":"page","link":"https:\/\/www.santjosep.org\/es\/politica-de-privacidad\/registro-de-actividades-de-tratamiento\/","title":{"rendered":"Registro de actividades de tratamiento"},"content":{"rendered":"<ul>\n<li><strong><a href=\"https:\/\/www.santjosep.org\/documentos\/es\/registro-actividades\/ACTIVIDADES-CULTURALES.docx\">ACTIVIDADES CULTURALES<\/a><\/strong><\/li>\n<li><strong><a href=\"https:\/\/www.santjosep.org\/documentos\/es\/registro-actividades\/ACTIVIDADES-DEPORTIVAS.docx\">ACTIVIDADES DEPORTIVAS<\/a><\/strong><\/li>\n<li><strong><a href=\"https:\/\/www.santjosep.org\/documentos\/es\/registro-actividades\/ACTIVIDADES-ECONOMICAS.docx\">ACTIVIDADES ECON\u00d3MICAS<\/a><\/strong><\/li>\n<li><strong><a href=\"https:\/\/www.santjosep.org\/documentos\/es\/registro-actividades\/ACTIVIDADES-EMPRESARIALES.docx\">ACTIVIDADES EMPRESARIALES<\/a><\/strong><\/li>\n<li><strong><a href=\"https:\/\/www.santjosep.org\/documentos\/es\/registro-actividades\/ACTIVIDADES-EXTRAESCOLARES.docx\">ACTIVIDADES EXTRAESCOLARES<\/a><\/strong><\/li>\n<li><strong><a href=\"https:\/\/www.santjosep.org\/documentos\/es\/registro-actividades\/ANIMALES-POTENCIALMENTE-PELIGROSOS.docx\">ANIMALES POTENCIALMENTE PELIGROSOS<\/a><\/strong><\/li>\n<li><strong><a href=\"https:\/\/www.santjosep.org\/documentos\/es\/registro-actividades\/ARCHIVO-MUNICIPAL.docx\">ARCHIVO MUNICIPAL<\/a><\/strong><\/li>\n<li><strong><a href=\"https:\/\/www.santjosep.org\/documentos\/es\/registro-actividades\/ASISTENCIA-SANITARIA.docx\">ASISTENCIA SANITARIA<\/a><\/strong><\/li>\n<li><strong><a href=\"https:\/\/www.santjosep.org\/documentos\/es\/registro-actividades\/ASOCIACIONES-VECINALES.docx\">ASOCIACIONES VECINALES<\/a><\/strong><\/li>\n<li><strong><a href=\"https:\/\/www.santjosep.org\/documentos\/es\/registro-actividades\/ATENCION-DE-QUEJAS-SUGERENCIAS-Y-SOLICITUDES-DE-INFORMACION.docx\">ATENCI\u00d3N DE QUEJAS, SUGERENCIAS Y SOLICITUDES DE INFORMACI\u00d3N<\/a><\/strong><\/li>\n<li><strong><a href=\"https:\/\/www.santjosep.org\/documentos\/es\/registro-actividades\/BECAS-AYUDAS-Y-SUBVENCIONES.docx\">BECAS, AYUDAS Y SUBVENCIONES<\/a><\/strong><\/li>\n<li><strong><a href=\"https:\/\/www.santjosep.org\/documentos\/es\/registro-actividades\/CEMENTERIO-MUNICIPAL.docx\">CEMENTERIO MUNICIPAL<\/a><\/strong><\/li>\n<li><strong><a href=\"https:\/\/www.santjosep.org\/documentos\/es\/registro-actividades\/CENSO-DE-ANIMALES-DE-COMPANIA.docx\">CENSO DE ANIMALES DE COMPA\u00d1\u00cdA<\/a><\/strong><\/li>\n<li><strong><a href=\"https:\/\/www.santjosep.org\/documentos\/es\/registro-actividades\/CENTRO-DE-RECOGIDA-DE-ANIMALES.docx\">CENTRO DE RECOGIDA DE ANIMALES<\/a><\/strong><\/li>\n<li><strong><a href=\"https:\/\/www.santjosep.org\/documentos\/es\/registro-actividades\/CERTAMENES-Y-CONCURSOS.docx\">CERT\u00c1MENES Y CONCURSOS<\/a><\/strong><\/li>\n<li><strong><a href=\"https:\/\/www.santjosep.org\/documentos\/es\/registro-actividades\/COLABORACION-SOCIAL.docx\">COLABORACI\u00d3N SOCIAL<\/a><\/strong><\/li>\n<li><strong><a href=\"https:\/\/www.santjosep.org\/documentos\/es\/registro-actividades\/CONSUMO.docx\">CONSUMO<\/a><\/strong><\/li>\n<li><strong><a href=\"https:\/\/www.santjosep.org\/documentos\/es\/registro-actividades\/CONTABILIDAD-Y-TESORERIA.docx\">CONTABILIDAD Y TESORER\u00cdA<\/a><\/strong><\/li>\n<li><strong><a href=\"https:\/\/www.santjosep.org\/documentos\/es\/registro-actividades\/CONTRATACION.docx\">CONTRATACI\u00d3N<\/a><\/strong><\/li>\n<li><strong><a href=\"https:\/\/www.santjosep.org\/documentos\/es\/registro-actividades\/CONTROL-DE-PRESENCIA.docx\">CONTROL DE PRESENCIA<\/a><\/strong><\/li>\n<li><strong><a href=\"https:\/\/www.santjosep.org\/documentos\/es\/registro-actividades\/CONTROL-MEDIOAMBIENTAL.docx\">CONTROL MEDIOAMBIENTAL<\/a><\/strong><\/li>\n<li><strong><a href=\"https:\/\/www.santjosep.org\/documentos\/es\/registro-actividades\/CONVOCATORIAS-Y-ACUERDOS-DE-ORGANO-DE-GOBIERNO.docx\">CONVOCATORIAS Y ACUERDOS DE \u00d3RGANOS DE GOBIERNO<\/a><\/strong><\/li>\n<li><strong><a href=\"https:\/\/www.santjosep.org\/documentos\/es\/registro-actividades\/DIRECTORIOS-Y-GUIAS.docx\">DIRECTORIOS Y GU\u00cdAS<\/a><\/strong><\/li>\n<li><strong><a href=\"https:\/\/www.santjosep.org\/documentos\/es\/registro-actividades\/DISCIPLINA-URBANISTICA.docx\">DISCIPLINA URBAN\u00cdSTICA<\/a><\/strong><\/li>\n<li><strong><a href=\"https:\/\/www.santjosep.org\/documentos\/es\/registro-actividades\/EMPADRONAMIENTO.docx\">EMPADRONAMIENTO<\/a><\/strong><\/li>\n<li><strong><a href=\"https:\/\/www.santjosep.org\/documentos\/es\/registro-actividades\/ESCUELA-DE-MUSICA.docx\">ESCUELA DE M\u00daSICA<\/a><\/strong><\/li>\n<li><strong><a href=\"https:\/\/www.santjosep.org\/documentos\/es\/registro-actividades\/EVENTOS-ESCOLARES.docx\">EVENTOS ESCOLARES<\/a><\/strong><\/li>\n<li><strong><a href=\"https:\/\/www.santjosep.org\/documentos\/es\/registro-actividades\/EXPEDIENTES-SANCIONADORES.docx\">EXPEDIENTES SANCIONADORES<\/a><\/strong><\/li>\n<li><strong><a href=\"https:\/\/www.santjosep.org\/documentos\/es\/registro-actividades\/EXPOSICIONES.docx\">EXPOSICIONES<\/a><\/strong><\/li>\n<li><strong><a href=\"https:\/\/www.santjosep.org\/documentos\/es\/registro-actividades\/FERIAS-Y-EVENTOS.docx\">FERIAS Y EVENTOS<\/a><\/strong><\/li>\n<li><strong><a href=\"https:\/\/www.santjosep.org\/documentos\/es\/registro-actividades\/FORMACION.docx\">FORMACI\u00d3N<\/a><\/strong><\/li>\n<li><strong><a href=\"https:\/\/www.santjosep.org\/documentos\/es\/registro-actividades\/GESTION-CORPORACION.docx\">GESTI\u00d3N CORPORACION<\/a><\/strong><\/li>\n<li><strong><a href=\"https:\/\/www.santjosep.org\/documentos\/es\/registro-actividades\/GESTION-DE-RESIDUOS.docx\">GESTI\u00d3N DE RESIDUOS<\/a><\/strong><\/li>\n<li><strong><a href=\"https:\/\/www.santjosep.org\/documentos\/es\/registro-actividades\/GESTION-DE-RETRIBUCIONES.docx\">GESTI\u00d3N DE RETRIBUCIONES<\/a><\/strong><\/li>\n<li><strong><a href=\"https:\/\/www.santjosep.org\/documentos\/es\/registro-actividades\/GESTION-RELACION-LABORAL.docx\">GESTI\u00d3N DE RELACI\u00d3N LABORAL<\/a><\/strong><\/li>\n<li><strong><a href=\"https:\/\/www.santjosep.org\/documentos\/es\/registro-actividades\/GESTION-TRIBUTARIA.docx\">GESTI\u00d3N TRIBUTARIA<\/a><\/strong><\/li>\n<li><strong><a href=\"https:\/\/www.santjosep.org\/documentos\/es\/registro-actividades\/GRABACIONES-Y-VIDEOS-DE-ACTAS-DEL-PLENO-MUNICIPAL.docx\">GRABACIONES Y V\u00cdDEOS DE ACTAS DEL PLENO MUNICIPAL<\/a><\/strong><\/li>\n<li><strong><a href=\"https:\/\/www.santjosep.org\/documentos\/es\/registro-actividades\/LICENCIAS-DE-TAXI.docx\">LICENCIAS DE TAXI<\/a><\/strong><\/li>\n<li><strong><a href=\"https:\/\/www.santjosep.org\/documentos\/es\/registro-actividades\/LICENCIAS-URBANISTICAS.docx\">LICENCIAS URBAN\u00cdSTICAS<\/a><\/strong><\/li>\n<li><strong><a href=\"https:\/\/www.santjosep.org\/documentos\/es\/registro-actividades\/MATRIMONIOS-CIVILES.docx\">MATRIMONIOS CIVILES<\/a><\/strong><\/li>\n<li><strong><a href=\"https:\/\/www.santjosep.org\/documentos\/es\/registro-actividades\/MEDIACION.docx\">MEDIACI\u00d3N<\/a><\/strong><\/li>\n<li><strong><a href=\"https:\/\/www.santjosep.org\/documentos\/es\/registro-actividades\/MOVILIDAD-REDUCIDA.docx\">MOVILIDAD REDUCIDA<\/a><\/strong><\/li>\n<li><strong><a href=\"https:\/\/www.santjosep.org\/documentos\/es\/registro-actividades\/PLANEAMIENTO-Y-OBRAS-PUBLICAS.docx\">PLANEAMIENTO Y OBRAS P\u00daBLICAS<\/a><\/strong><\/li>\n<li><strong><a href=\"https:\/\/www.santjosep.org\/documentos\/es\/registro-actividades\/PLANES-DE-PROTECCION-CIVIL.docx\">PLANES DE PROTECCI\u00d3N CIVIL<\/a><\/strong><\/li>\n<li><strong><a href=\"https:\/\/www.santjosep.org\/documentos\/es\/registro-actividades\/POLICIA-LOCAL.docx\">POLIC\u00cdA LOCAL<\/a><\/strong><\/li>\n<li><strong><a href=\"https:\/\/www.santjosep.org\/documentos\/es\/registro-actividades\/PRENSA.docx\">PRENSA<\/a><\/strong><\/li>\n<li><strong><a href=\"https:\/\/www.santjosep.org\/documentos\/es\/registro-actividades\/PRESTACIONES-SOCIALES.docx\">PRESTACIONES SOCIALES<\/a><\/strong><\/li>\n<li><strong><a href=\"https:\/\/www.santjosep.org\/documentos\/es\/registro-actividades\/PREVENCION-LABORAL.docx\">PREVENCI\u00d3N LABORAL<\/a><\/strong><\/li>\n<li><strong><a href=\"https:\/\/www.santjosep.org\/documentos\/es\/registro-actividades\/PROCESOS-PARTICIPATIVOS.docx\">PROCESOS PARTICIPATIVOS<\/a><\/strong><\/li>\n<li><strong><a href=\"https:\/\/www.santjosep.org\/documentos\/es\/registro-actividades\/PROGRAMAS-MEDIOAMBIENTALES.docx\">PROGRAMAS MEDIOAMBIENTALES<\/a><\/strong><\/li>\n<li><strong><a href=\"https:\/\/www.santjosep.org\/documentos\/es\/registro-actividades\/PROMOCION-EMPRESARIAL.docx\">PROMOCI\u00d3N EMPRESARIAL<\/a><\/strong><\/li>\n<li><strong><a href=\"https:\/\/www.santjosep.org\/documentos\/es\/registro-actividades\/PROTOCOLO-HONORES-Y-DISTINCIONES.docx\">PROTOCOLO, HONORES Y DISTINCIONES<\/a><\/strong><\/li>\n<li><strong><a href=\"https:\/\/www.santjosep.org\/documentos\/es\/registro-actividades\/PROYECTOS-JUVENILES.docx\">PROYECTOS JUVENILES<\/a><\/strong><\/li>\n<li><strong><a href=\"https:\/\/www.santjosep.org\/documentos\/es\/registro-actividades\/PUBLICIDAD.docx\">PUBLICIDAD<\/a><\/strong><\/li>\n<li><strong><a href=\"https:\/\/www.santjosep.org\/documentos\/es\/registro-actividades\/RECAUDACION.docx\">RECAUDACI\u00d3N<\/a><\/strong><\/li>\n<li><strong><a href=\"https:\/\/www.santjosep.org\/documentos\/es\/registro-actividades\/RECURSOS-HUMANOS.docx\">RECURSOS HUMANOS<\/a><\/strong><\/li>\n<li><strong><a href=\"https:\/\/www.santjosep.org\/documentos\/es\/registro-actividades\/REGISTRO-DE-DOCUMENTOS.docx\">REGISTRO DE DOCUMENTOS<\/a><\/strong><\/li>\n<li><strong><a href=\"https:\/\/www.santjosep.org\/documentos\/es\/registro-actividades\/RELACIONES-DE-MEDIOS-ELECTRONICOS.docx\">RELACIONES DE MEDIOS ELECTR\u00d3NICOS<\/a><\/strong><\/li>\n<li><strong><a href=\"https:\/\/www.santjosep.org\/documentos\/es\/registro-actividades\/RESERVA-DE-ESPACIOS.docx\">RESERVA DE ESPACIOS<\/a><\/strong><\/li>\n<li><strong><a href=\"https:\/\/www.santjosep.org\/documentos\/es\/registro-actividades\/RESPONSABILIDAD-PATRIMONIAL.docx\">RESPONSABILIDAD PATRIMONIAL<\/a><\/strong><\/li>\n<li><strong><a href=\"https:\/\/www.santjosep.org\/documentos\/es\/registro-actividades\/SALUD-PUBLICA.docx\">SALUD P\u00daBLICA<\/a><\/strong><\/li>\n<li><strong><a href=\"https:\/\/www.santjosep.org\/documentos\/es\/registro-actividades\/SEGURIDAD-MEDIOAMBIENTAL.docx\">SEGURIDAD MEDIOAMBIENTAL<\/a><\/strong><\/li>\n<li><strong><a href=\"https:\/\/www.santjosep.org\/documentos\/es\/registro-actividades\/SEGURO-MEDICO.docx\">SEGURO M\u00c9DICO<\/a><\/strong><\/li>\n<li><strong><a href=\"https:\/\/www.santjosep.org\/documentos\/es\/registro-actividades\/SELECCION-DE-PERSONAL.docx\">SELECCI\u00d3N DE PERSONAL<\/a><\/strong><\/li>\n<li><strong><a href=\"https:\/\/www.santjosep.org\/documentos\/es\/registro-actividades\/SERVICIOS-JURIDICOS.docx\">SERVICIOS JUR\u00cdDICOS<\/a><\/strong><\/li>\n<li><strong><a href=\"https:\/\/www.santjosep.org\/documentos\/es\/registro-actividades\/SERVICIOS-SOCIALES.docx\">SERVICIOS SOCIALES<\/a><\/strong><\/li>\n<li><strong><a href=\"https:\/\/www.santjosep.org\/documentos\/es\/registro-actividades\/SUGERENCIAS-Y-RECLAMACIONES.docx\">SUGERENCIAS Y RECLAMACIONES<\/a><\/strong><\/li>\n<li><strong><a href=\"https:\/\/www.santjosep.org\/documentos\/es\/registro-actividades\/SUSCRIPCIONES.docx\">SUSCRIPCIONES<\/a><\/strong><\/li>\n<li><strong><a href=\"https:\/\/www.santjosep.org\/documentos\/es\/registro-actividades\/TERCEROS.docx\">TERCEROS<\/a><\/strong><\/li>\n<li><strong><a href=\"https:\/\/www.santjosep.org\/documentos\/es\/registro-actividades\/TRANSPARENCIA.docx\">TRANSPARENCIA<\/a><\/strong><\/li>\n<li><strong><a href=\"https:\/\/www.santjosep.org\/documentos\/es\/registro-actividades\/UNIONES-DE-HECHO.docx\">UNIONES DE HECHO<\/a><\/strong><\/li>\n<li><strong><a href=\"https:\/\/www.santjosep.org\/documentos\/es\/registro-actividades\/USUARIOS-WIFI.docx\">USUARIOS WIFI<\/a><\/strong><\/li>\n<li><strong><a href=\"https:\/\/www.santjosep.org\/documentos\/es\/registro-actividades\/VENTANILLA-UNICA.docx\">VENTANILLA \u00daNICA<\/a><\/strong><\/li>\n<li><strong><a href=\"https:\/\/www.santjosep.org\/documentos\/es\/registro-actividades\/VIDEOVIGILANCIA.docx\">VIDEOVIGILANCIA<\/a><\/strong><\/li>\n<li><strong><a href=\"https:\/\/www.santjosep.org\/documentos\/es\/registro-actividades\/VIVIENDAS-DE-PROTECCION-PUBLICA.docx\">VIVIENDAS DE PROTECCI\u00d3N P\u00daBLICA<\/a><\/strong><\/li>\n<li><strong><a href=\"https:\/\/www.santjosep.org\/documentos\/es\/registro-actividades\/VOLUNTARIOS-DE-PROTECCION-CIVIL.docx\">VOLUNTARIOS DE PROTECCI\u00d3N CIVIL<\/a><\/strong><\/li>\n<\/ul>\n","protected":false},"excerpt":{"rendered":"<p>ACTIVIDADES CULTURALES ACTIVIDADES DEPORTIVAS ACTIVIDADES ECON\u00d3MICAS ACTIVIDADES EMPRESARIALES ACTIVIDADES EXTRAESCOLARES ANIMALES POTENCIALMENTE PELIGROSOS ARCHIVO MUNICIPAL ASISTENCIA SANITARIA ASOCIACIONES VECINALES ATENCI\u00d3N DE QUEJAS, SUGERENCIAS Y SOLICITUDES DE INFORMACI\u00d3N BECAS, AYUDAS Y SUBVENCIONES CEMENTERIO MUNICIPAL CENSO DE ANIMALES DE COMPA\u00d1\u00cdA CENTRO DE RECOGIDA DE ANIMALES CERT\u00c1MENES Y CONCURSOS COLABORACI\u00d3N SOCIAL CONSUMO CONTABILIDAD Y TESORER\u00cdA CONTRATACI\u00d3N CONTROL DE [&hellip;]<\/p>\n","protected":false},"author":1,"featured_media":0,"parent":338,"menu_order":0,"comment_status":"closed","ping_status":"closed","template":"","meta":[],"_links":{"self":[{"href":"https:\/\/www.santjosep.org\/es\/wp-json\/wp\/v2\/pages\/56152\/"}],"collection":[{"href":"https:\/\/www.santjosep.org\/es\/wp-json\/wp\/v2\/pages\/"}],"about":[{"href":"https:\/\/www.santjosep.org\/es\/wp-json\/wp\/v2\/types\/page\/"}],"author":[{"embeddable":true,"href":"https:\/\/www.santjosep.org\/es\/wp-json\/wp\/v2\/users\/1\/"}],"replies":[{"embeddable":true,"href":"https:\/\/www.santjosep.org\/es\/wp-json\/wp\/v2\/comments\/?post=56152"}],"version-history":[{"count":0,"href":"https:\/\/www.santjosep.org\/es\/wp-json\/wp\/v2\/pages\/56152\/revisions\/"}],"up":[{"embeddable":true,"href":"https:\/\/www.santjosep.org\/es\/wp-json\/wp\/v2\/pages\/338\/"}],"wp:attachment":[{"href":"https:\/\/www.santjosep.org\/es\/wp-json\/wp\/v2\/media\/?parent=56152"}],"curies":[{"name":"wp","href":"https:\/\/api.w.org\/{rel}","templated":true}]}}