{"id":6034,"date":"2014-03-31T14:30:18","date_gmt":"2014-03-31T14:30:18","guid":{"rendered":"https:\/\/www.santjosep.org\/?page_id=6034"},"modified":"2015-07-31T08:20:19","modified_gmt":"2015-07-31T08:20:19","slug":"actividades-no-permanentes","status":"publish","type":"page","link":"https:\/\/www.santjosep.org\/es\/tramites-y-gestiones\/aperturas-y-actividades\/actividades-no-permanentes\/","title":{"rendered":"Actividades no permanentes"},"content":{"rendered":"<h2>ACTIVIDADES NO PERMANENTES<\/h2>\n<p>Son las que se realizan de manera puntual en un establecimiento f\u00edsico, lugar o recorrido concreto y con una duraci\u00f3n predeterminada. En todo caso, la duraci\u00f3n del tiempo ser\u00e1 la imprescindible para llevar a cabo la actividad. Estas actividades est\u00e1n excluidas de la evaluaci\u00f3n de impacto ambiental.<\/p>\n<p>\u00c9ste tipo de autorizaci\u00f3n tiene un car\u00e1cter discrecional, singular y puntual y \u00fanicamente se autorizar\u00e1 por un inter\u00e9s p\u00fablico con criterios econ\u00f3micos y sociales.<\/p>\n<ol>\n<li><strong>TIPOS DE EXPEDIENTES<\/strong><br \/>\nLas actividades no permanentes se clasifican en menores o mayores, en funci\u00f3n de una serie de par\u00e1metros (T\u00edtulos IV y V del <a href=\"https:\/\/www.santjosep.org\/wp-content\/uploads\/2014\/03\/Ley-7-2013-Actividades.pdf\">Anexo I de la ley 7\/2013<\/a>).<br \/>\n&nbsp;\n<\/li>\n<li><strong>PROCEDIMIENTO DE TRAMITACI\u00d3N<\/strong><br \/>\nEn funci\u00f3n de la clasificaci\u00f3n de la actividad, se tramitar\u00e1n los siguientes procedimientos:<\/p>\n<ol>\n<li>Actividades no permanentes menores (art. 70 de la ley 7\/2013)<br \/>\n&#8211; <a href=\"https:\/\/www.santjosep.org\/wp-content\/uploads\/2014\/03\/Instancia-6.docx\">Solicitud de autorizaci\u00f3n<\/a><\/li>\n<li>Actividades no permanentes mayores (art. 67 de la ley 7\/2013)<br \/>\n&#8211; <a href=\"https:\/\/www.santjosep.org\/wp-content\/uploads\/2014\/03\/Instancia-7.docx\">Solicitud de autorizaci\u00f3n<\/a><\/li>\n<\/ol>\n<p>&nbsp;\n<\/li>\n<li><strong>PROCEDIMIENTO DE TRAMITACI\u00d3N DE AUTORIZACI\u00d3N DE TR\u00c1FICO<\/strong><br \/>\nLa autorizaci\u00f3n est\u00e1 destinada a marchas ciclistas con m\u00e1s de 50 participantes, y a pruebas deportivas competitivas que se desarrollen por v\u00edas cuya competencia sea de la comunidad aut\u00f3noma.<br \/>\n<a href=\"https:\/\/www.santjosep.org\/wp-content\/uploads\/2014\/03\/Instancia-12.docx\">Solicitud de autorizaci\u00f3n<\/a><\/li>\n<\/ol>\n<p>&nbsp;<\/p>\n","protected":false},"excerpt":{"rendered":"<p>ACTIVIDADES NO PERMANENTES Son las que se realizan de manera puntual en un establecimiento f\u00edsico, lugar o recorrido concreto y con una duraci\u00f3n predeterminada. En todo caso, la duraci\u00f3n del tiempo ser\u00e1 la imprescindible para llevar a cabo la actividad. Estas actividades est\u00e1n excluidas de la evaluaci\u00f3n de impacto ambiental. \u00c9ste tipo de autorizaci\u00f3n tiene [&hellip;]<\/p>\n","protected":false},"author":1,"featured_media":0,"parent":2414,"menu_order":0,"comment_status":"closed","ping_status":"closed","template":"page-templates\/page-landing.php","meta":[],"_links":{"self":[{"href":"https:\/\/www.santjosep.org\/es\/wp-json\/wp\/v2\/pages\/6034\/"}],"collection":[{"href":"https:\/\/www.santjosep.org\/es\/wp-json\/wp\/v2\/pages\/"}],"about":[{"href":"https:\/\/www.santjosep.org\/es\/wp-json\/wp\/v2\/types\/page\/"}],"author":[{"embeddable":true,"href":"https:\/\/www.santjosep.org\/es\/wp-json\/wp\/v2\/users\/1\/"}],"replies":[{"embeddable":true,"href":"https:\/\/www.santjosep.org\/es\/wp-json\/wp\/v2\/comments\/?post=6034"}],"version-history":[{"count":0,"href":"https:\/\/www.santjosep.org\/es\/wp-json\/wp\/v2\/pages\/6034\/revisions\/"}],"up":[{"embeddable":true,"href":"https:\/\/www.santjosep.org\/es\/wp-json\/wp\/v2\/pages\/2414\/"}],"wp:attachment":[{"href":"https:\/\/www.santjosep.org\/es\/wp-json\/wp\/v2\/media\/?parent=6034"}],"curies":[{"name":"wp","href":"https:\/\/api.w.org\/{rel}","templated":true}]}}