{"id":9,"date":"2013-07-23T15:12:56","date_gmt":"2013-07-23T15:12:56","guid":{"rendered":"https:\/\/www.santjosep.org\/?page_id=9"},"modified":"2024-05-02T09:18:15","modified_gmt":"2024-05-02T07:18:15","slug":"la-alcaldia","status":"publish","type":"page","link":"https:\/\/www.santjosep.org\/es\/tu-ayuntamiento\/la-alcaldia\/","title":{"rendered":"El alcalde"},"content":{"rendered":"<p>Benvinguts a la p\u00e0gina web oficial de l&#8217;ajuntament de Sant Josep de Sa Talaia! Us volem expressar el nostre m\u00e9s sincer agra\u00efment a tota la comunitat pel vostre suport constant i comprom\u00eds amb el creixement del nostre municipi. Aquesta p\u00e0gina web \u00e9s un reflex del nostre desig de mantenir una comunicaci\u00f3 oberta i transparent amb tots vosaltres.<\/p>\n<p>Aqu\u00ed trobareu informaci\u00f3 actualitzada sobre els nostres serveis municipals, esdeveniments, projectes i oportunitats per a participar activament en la presa de decisions que impacten el nostre municipi. Estem emocionats de compartir aquest espai amb cadascun de vosaltres i esperem que junts puguem continuar construint un futur pr\u00f2sper i ple d&#8217;oportunitats per a tots. Gr\u00e0cies per ser part d&#8217;aquest municipi i per visitar-nos!<\/p>\n<div class=\"su-spacer\" style=\"height:10px\"><\/div>\n<p><strong>Vicent Roig Tur<\/strong><br \/>\nAlcalde del municipi de Sant Josep de sa Talaia <\/p>\n<div class=\"su-divider\"><\/div>\n<p>&nbsp;<\/p>\n<div class=\"su-column su-column-size-1-2\">\n<div class=\"su-column-inner\"><img loading=\"lazy\" src=\"https:\/\/www.santjosep.org\/wp-content\/uploads\/2023\/07\/alcalde_Vicente-Roig.jpg\" alt=\"\" width=\"500\" height=\"417\" class=\"alignnone size-full wp-image-55357\" srcset=\"https:\/\/www.santjosep.org\/wp-content\/uploads\/2023\/07\/alcalde_Vicente-Roig.jpg 500w, https:\/\/www.santjosep.org\/wp-content\/uploads\/2023\/07\/alcalde_Vicente-Roig-312x260.jpg 312w, https:\/\/www.santjosep.org\/wp-content\/uploads\/2023\/07\/alcalde_Vicente-Roig-45x38.jpg 45w\" sizes=\"(max-width: 500px) 100vw, 500px\" \/><\/div>\n<\/div>\n<div class=\"su-column su-column-size-1-2\">\n<div class=\"su-column-inner\">\n<h2 class=\"m_0\">Vicent Roig Tur<\/h2>\n<p>Alcalde<\/p>\n<p><strong>Emails de contacto<\/strong>: alcalde@santjosep.org<\/p>\n<p><strong>Tel\u00e9fonos directos a la concejal\u00eda (Ext.)<\/strong>: 971 800 125<\/p>\n<\/div>\n<\/div>\n<p><!--[divider top=\"no\"]\n\n\n<h2>La agenda del alcalde<\/h2>\n\n\n<iframe style=\"border: 0;\" src=\"https:\/\/calendar.google.com\/calendar\/embed?src=alcaldia%40santjosep.org&amp;ctz=Europe\/Madrid\" width=\"100%\" height=\"600\" frameborder=\"0\" scrolling=\"no\"><\/iframe>--><\/p>\n","protected":false},"excerpt":{"rendered":"<p>Benvinguts a la p\u00e0gina web oficial de l&#8217;ajuntament de Sant Josep de Sa Talaia! Us volem expressar el nostre m\u00e9s sincer agra\u00efment a tota la comunitat pel vostre suport constant i comprom\u00eds amb el creixement del nostre municipi. Aquesta p\u00e0gina web \u00e9s un reflex del nostre desig de mantenir una comunicaci\u00f3 oberta i transparent amb [&hellip;]<\/p>\n","protected":false},"author":1,"featured_media":0,"parent":5,"menu_order":0,"comment_status":"closed","ping_status":"closed","template":"page-templates\/page-two-columns.php","meta":[],"_links":{"self":[{"href":"https:\/\/www.santjosep.org\/es\/wp-json\/wp\/v2\/pages\/9\/"}],"collection":[{"href":"https:\/\/www.santjosep.org\/es\/wp-json\/wp\/v2\/pages\/"}],"about":[{"href":"https:\/\/www.santjosep.org\/es\/wp-json\/wp\/v2\/types\/page\/"}],"author":[{"embeddable":true,"href":"https:\/\/www.santjosep.org\/es\/wp-json\/wp\/v2\/users\/1\/"}],"replies":[{"embeddable":true,"href":"https:\/\/www.santjosep.org\/es\/wp-json\/wp\/v2\/comments\/?post=9"}],"version-history":[{"count":0,"href":"https:\/\/www.santjosep.org\/es\/wp-json\/wp\/v2\/pages\/9\/revisions\/"}],"up":[{"embeddable":true,"href":"https:\/\/www.santjosep.org\/es\/wp-json\/wp\/v2\/pages\/5\/"}],"wp:attachment":[{"href":"https:\/\/www.santjosep.org\/es\/wp-json\/wp\/v2\/media\/?parent=9"}],"curies":[{"name":"wp","href":"https:\/\/api.w.org\/{rel}","templated":true}]}}